{"id":721930,"date":"2025-08-27T18:56:47","date_gmt":"2025-08-27T15:56:47","guid":{"rendered":"https:\/\/roveyayinevi.com.tr\/index.php\/urun\/pollyanna-gokkusagi-cep-kitap\/"},"modified":"2026-04-16T02:29:49","modified_gmt":"2026-04-15T23:29:49","slug":"pollyanna-gokkusagi-cep-kitap","status":"publish","type":"product","link":"https:\/\/roveyayinevi.com.tr\/index.php\/urun\/pollyanna-gokkusagi-cep-kitap\/","title":{"rendered":"Pollyanna (G\u00f6kku\u015fa\u011f\u0131 Cep Kitap)"},"content":{"rendered":"<p>Ailesinin istemedi\u011fi bir gen\u00e7le evlenen Jennie, k\u0131z\u0131 Pollyanna do\u011fduktan k\u0131sa bir s\u00fcre sonra hayata g\u00f6zlerini yumar. On bir ya\u015f\u0131na geldi\u011finde babas\u0131n\u0131 da kaybeden Pollyanna&#8217;n\u0131n gidebilece\u011fi yeg\u00e2ne yer teyzesinin yan\u0131d\u0131r. Bayan Polly, istemeden de olsa Pollyanna&#8217;y\u0131 kabul etmek zorunda kal\u0131r. Ancak sapsar\u0131 sa\u00e7lar\u0131, g\u00fcl\u00fcmseyen y\u00fcz\u00fc ve oynad\u0131\u011f\u0131 &#8220;Mutluluk Oyunu&#8221; ile etraf\u0131na aral\u0131ks\u0131z bir \u015fekilde ne\u015fe sa\u00e7an Pollyanna, hem teyzesinin hem de \u00e7evresindeki di\u011fer insanlar\u0131n hayat\u0131n\u0131 de\u011fi\u015ftirecektir&#8230; Eleanor H. Porter&#8217;\u0131n 1913 y\u0131l\u0131nda yazd\u0131\u011f\u0131 Pollyanna, o g\u00fcnden bu yana d\u00fcnyan\u0131n en \u00e7ok okunan \u00e7ocuk kitaplar\u0131ndan biridir. Pollyanna&#8217;n\u0131n iyimser, en olumsuz durumda bile mutluluk bulan ve sa\u00e7an, biraz da mutlu oldu\u011funa kendini ve \u00e7evresini inand\u0131ran insanlar\u0131n davran\u0131\u015flar\u0131n\u0131 tan\u0131mlayan &#8216;Pollyannac\u0131l\u0131k&#8217; kavram\u0131n\u0131n do\u011fmas\u0131na neden olmu\u015ftur.<\/p>\n","protected":false},"excerpt":{"rendered":"<p>Ailesinin istemedi\u011fi bir gen\u00e7le evlenen Jennie, k\u0131z\u0131 Pollyanna do\u011fduktan k\u0131sa bir s\u00fcre sonra hayata g\u00f6zlerini yumar. On bir ya\u015f\u0131na geldi\u011finde babas\u0131n\u0131 da kaybeden Pollyanna&#8217;n\u0131n gidebilece\u011fi yeg\u00e2ne<span class=\"excerpt-hellip\"> [\u2026]<\/span><\/p>\n","protected":false},"featured_media":0,"template":"","meta":{"_monsterinsights_skip_tracking":false,"_monsterinsights_sitenote_active":false,"_monsterinsights_sitenote_note":"","_monsterinsights_sitenote_category":0},"product_brand":[],"product_cat":[12274,12467],"product_tag":[],"class_list":{"0":"post-721930","1":"product","2":"type-product","3":"status-publish","5":"product_cat-cocuk-ve-genclik-kitaplari","6":"product_cat-dunya-klasikleri","7":"pa_cilt-ciltsiz","8":"pa_tur-kitap","9":"pa_yayinevi-arkadas-yayinlari","10":"pa_yazar-eleanor-h-porter","12":"first","13":"instock","14":"sale","15":"shipping-taxable","16":"purchasable","17":"product-type-simple"},"_links":{"self":[{"href":"https:\/\/roveyayinevi.com.tr\/index.php\/wp-json\/wp\/v2\/product\/721930","targetHints":{"allow":["GET"]}}],"collection":[{"href":"https:\/\/roveyayinevi.com.tr\/index.php\/wp-json\/wp\/v2\/product"}],"about":[{"href":"https:\/\/roveyayinevi.com.tr\/index.php\/wp-json\/wp\/v2\/types\/product"}],"wp:attachment":[{"href":"https:\/\/roveyayinevi.com.tr\/index.php\/wp-json\/wp\/v2\/media?parent=721930"}],"wp:term":[{"taxonomy":"product_brand","embeddable":true,"href":"https:\/\/roveyayinevi.com.tr\/index.php\/wp-json\/wp\/v2\/product_brand?post=721930"},{"taxonomy":"product_cat","embeddable":true,"href":"https:\/\/roveyayinevi.com.tr\/index.php\/wp-json\/wp\/v2\/product_cat?post=721930"},{"taxonomy":"product_tag","embeddable":true,"href":"https:\/\/roveyayinevi.com.tr\/index.php\/wp-json\/wp\/v2\/product_tag?post=721930"}],"curies":[{"name":"wp","href":"https:\/\/api.w.org\/{rel}","templated":true}]}}