{"id":721929,"date":"2025-08-27T18:56:46","date_gmt":"2025-08-27T15:56:46","guid":{"rendered":"https:\/\/roveyayinevi.com.tr\/index.php\/urun\/tom-sawyer-gokkusagi-cep-kitap\/"},"modified":"2026-04-16T02:29:49","modified_gmt":"2026-04-15T23:29:49","slug":"tom-sawyer-gokkusagi-cep-kitap","status":"publish","type":"product","link":"https:\/\/roveyayinevi.com.tr\/index.php\/urun\/tom-sawyer-gokkusagi-cep-kitap\/","title":{"rendered":"Tom Sawyer  (G\u00f6kku\u015fa\u011f\u0131 Cep Kitap)"},"content":{"rendered":"<p>Mississippi Nehri k\u0131y\u0131s\u0131ndaki St. Petersburg kasabas\u0131nda ya\u015fayan Tom Sawyer&#8217;\u0131n ba\u015f\u0131ndan ge\u00e7en ser\u00fcvenleri okurken b\u00fcy\u00fck keyif alacaks\u0131n\u0131z&#8230;   Yaramaz bir \u00e7ocuk olan Tom Sawyer, erkek karde\u015fi ve Polly teyzesiyle birlikte ya\u015famaktad\u0131r. Ba\u015f\u0131 bir t\u00fcrl\u00fc beladan kurtulmayanTom, sarho\u015f babas\u0131 y\u00fcz\u00fcnden kasabal\u0131lar\u0131n uzak durdu\u011fu Huckleberry Finn ile bir cinayete tan\u0131k olur. Bu korkulu olay\u0131n \u00fcst\u00fcne bir de k\u0131z arkada\u015f\u0131 Becky ile kavga edince evden ka\u00e7maya karar verir ve arkada\u015flar\u0131 Huck Finn ve Joe Harper&#8217;\u0131 da yan\u0131na alarak evden ka\u00e7ar&#8230; Mark Twain&#8217;in bu \u00f6l\u00fcms\u00fcz eseri hemen hemen t\u00fcm dillere \u00e7evrilmi\u015f ve defalarca sinema filmlerine konu olmu\u015ftur.<\/p>\n","protected":false},"excerpt":{"rendered":"<p>Mississippi Nehri k\u0131y\u0131s\u0131ndaki St. Petersburg kasabas\u0131nda ya\u015fayan Tom Sawyer&#8217;\u0131n ba\u015f\u0131ndan ge\u00e7en ser\u00fcvenleri okurken b\u00fcy\u00fck keyif alacaks\u0131n\u0131z&#8230; Yaramaz bir \u00e7ocuk olan Tom Sawyer, erkek karde\u015fi ve Polly<span class=\"excerpt-hellip\"> [\u2026]<\/span><\/p>\n","protected":false},"featured_media":0,"template":"","meta":{"_monsterinsights_skip_tracking":false,"_monsterinsights_sitenote_active":false,"_monsterinsights_sitenote_note":"","_monsterinsights_sitenote_category":0},"product_brand":[],"product_cat":[12274,12467],"product_tag":[],"class_list":{"0":"post-721929","1":"product","2":"type-product","3":"status-publish","5":"product_cat-cocuk-ve-genclik-kitaplari","6":"product_cat-dunya-klasikleri","7":"pa_cilt-ciltsiz","8":"pa_tur-kitap","9":"pa_yayinevi-arkadas-yayinlari","10":"pa_yazar-mark-twain","12":"first","13":"instock","14":"sale","15":"shipping-taxable","16":"purchasable","17":"product-type-simple"},"_links":{"self":[{"href":"https:\/\/roveyayinevi.com.tr\/index.php\/wp-json\/wp\/v2\/product\/721929","targetHints":{"allow":["GET"]}}],"collection":[{"href":"https:\/\/roveyayinevi.com.tr\/index.php\/wp-json\/wp\/v2\/product"}],"about":[{"href":"https:\/\/roveyayinevi.com.tr\/index.php\/wp-json\/wp\/v2\/types\/product"}],"wp:attachment":[{"href":"https:\/\/roveyayinevi.com.tr\/index.php\/wp-json\/wp\/v2\/media?parent=721929"}],"wp:term":[{"taxonomy":"product_brand","embeddable":true,"href":"https:\/\/roveyayinevi.com.tr\/index.php\/wp-json\/wp\/v2\/product_brand?post=721929"},{"taxonomy":"product_cat","embeddable":true,"href":"https:\/\/roveyayinevi.com.tr\/index.php\/wp-json\/wp\/v2\/product_cat?post=721929"},{"taxonomy":"product_tag","embeddable":true,"href":"https:\/\/roveyayinevi.com.tr\/index.php\/wp-json\/wp\/v2\/product_tag?post=721929"}],"curies":[{"name":"wp","href":"https:\/\/api.w.org\/{rel}","templated":true}]}}