{"id":721928,"date":"2025-08-27T18:56:45","date_gmt":"2025-08-27T15:56:45","guid":{"rendered":"https:\/\/roveyayinevi.com.tr\/index.php\/urun\/robin-hood-gokkusagi-cep-kitap\/"},"modified":"2026-04-16T02:29:49","modified_gmt":"2026-04-15T23:29:49","slug":"robin-hood-gokkusagi-cep-kitap","status":"publish","type":"product","link":"https:\/\/roveyayinevi.com.tr\/index.php\/urun\/robin-hood-gokkusagi-cep-kitap\/","title":{"rendered":"Robin Hood (G\u00f6kku\u015fa\u011f\u0131 Cep Kitap)"},"content":{"rendered":"<p>Orman koruyucusu Gilbert ve e\u015fi Margaret Sherwood Orman\u0131\u2019nda k\u00fc\u00e7\u00fck ah\u015fap bir evde ya\u015farlar. Margaret\u2019in karde\u015fi bir g\u00fcn elinde k\u00fc\u00e7\u00fck bir sepetle ziyaretlerine gelir. Sepette onlar\u0131 k\u00fc\u00e7\u00fck ve sevimli bir s\u00fcrpriz beklemektedir: Bir bebek. Y\u0131llarca hayalini kurduklar\u0131 bir \u00e7ocuklar\u0131 vard\u0131r art\u0131k. Ad\u0131n\u0131 Robin koyarlar. Bu k\u00fc\u00e7\u00fck ah\u015fap evde mutlu bir \u00e7ocukluk s\u00fcren Robin, g\u00fcnlerini Sherwood Orman\u0131\u2019nda oynayarak ge\u00e7irir. B\u00fcy\u00fcd\u00fck\u00e7e oyunlar\u0131 de\u011fi\u015fir; ok atmay\u0131, k\u0131l\u0131\u00e7 kullanmay\u0131 ve avlanmay\u0131 \u00f6\u011frenir. Sherwood Orman\u0131 art\u0131k Robin\u2019in ikinci evi olmu\u015ftur. Avlanmaya \u00e7\u0131kt\u0131\u011f\u0131 bir g\u00fcn, Robin att\u0131\u011f\u0131 oklarla iki karde\u015fi tuzaktan kurtar\u0131r ve evine getirir. \u00c7ocuklar kadar b\u00fcy\u00fcklerin de kahraman\u0131 olacak Robin efsanesi b\u00f6yle ba\u015flar. Robin arkada\u015flar\u0131 ile birlikte \u2018\u015een Gen\u00e7ler\u2019 \u00e7etesini kurarak halka zul\u00fcm eden B\u00f6lge Valisi ile m\u00fccadele etmeye ba\u015flar. Valinin g\u00f6z\u00fcnde bir asi olan Robin, halk\u0131n g\u00f6z\u00fcnde bir kahramand\u0131r. Ba\u015f\u0131ndan hi\u00e7 \u00e7\u0131karmad\u0131\u011f\u0131 t\u00fcyl\u00fc \u015fapkas\u0131yla zalimlere ve k\u00f6t\u00fclere kar\u015f\u0131, halk\u0131n ve iyilerin yan\u0131nda sava\u015fmaya ba\u015flar ve k\u0131sa zamanda nam salar.<\/p>\n","protected":false},"excerpt":{"rendered":"<p>Orman koruyucusu Gilbert ve e\u015fi Margaret Sherwood Orman\u0131\u2019nda k\u00fc\u00e7\u00fck ah\u015fap bir evde ya\u015farlar. Margaret\u2019in karde\u015fi bir g\u00fcn elinde k\u00fc\u00e7\u00fck bir sepetle ziyaretlerine gelir. Sepette onlar\u0131 k\u00fc\u00e7\u00fck<span class=\"excerpt-hellip\"> [\u2026]<\/span><\/p>\n","protected":false},"featured_media":0,"template":"","meta":{"_monsterinsights_skip_tracking":false,"_monsterinsights_sitenote_active":false,"_monsterinsights_sitenote_note":"","_monsterinsights_sitenote_category":0},"product_brand":[],"product_cat":[12274,12467],"product_tag":[],"class_list":{"0":"post-721928","1":"product","2":"type-product","3":"status-publish","5":"product_cat-cocuk-ve-genclik-kitaplari","6":"product_cat-dunya-klasikleri","7":"pa_cilt-ciltsiz","8":"pa_tur-kitap","9":"pa_yayinevi-arkadas-yayinlari","10":"pa_yazar-howard-pyle","12":"first","13":"instock","14":"sale","15":"shipping-taxable","16":"purchasable","17":"product-type-simple"},"_links":{"self":[{"href":"https:\/\/roveyayinevi.com.tr\/index.php\/wp-json\/wp\/v2\/product\/721928","targetHints":{"allow":["GET"]}}],"collection":[{"href":"https:\/\/roveyayinevi.com.tr\/index.php\/wp-json\/wp\/v2\/product"}],"about":[{"href":"https:\/\/roveyayinevi.com.tr\/index.php\/wp-json\/wp\/v2\/types\/product"}],"wp:attachment":[{"href":"https:\/\/roveyayinevi.com.tr\/index.php\/wp-json\/wp\/v2\/media?parent=721928"}],"wp:term":[{"taxonomy":"product_brand","embeddable":true,"href":"https:\/\/roveyayinevi.com.tr\/index.php\/wp-json\/wp\/v2\/product_brand?post=721928"},{"taxonomy":"product_cat","embeddable":true,"href":"https:\/\/roveyayinevi.com.tr\/index.php\/wp-json\/wp\/v2\/product_cat?post=721928"},{"taxonomy":"product_tag","embeddable":true,"href":"https:\/\/roveyayinevi.com.tr\/index.php\/wp-json\/wp\/v2\/product_tag?post=721928"}],"curies":[{"name":"wp","href":"https:\/\/api.w.org\/{rel}","templated":true}]}}