{"id":721925,"date":"2025-08-27T18:56:43","date_gmt":"2025-08-27T15:56:43","guid":{"rendered":"https:\/\/roveyayinevi.com.tr\/index.php\/urun\/gunden-geceye\/"},"modified":"2026-04-16T02:29:49","modified_gmt":"2026-04-15T23:29:49","slug":"gunden-geceye","status":"publish","type":"product","link":"https:\/\/roveyayinevi.com.tr\/index.php\/urun\/gunden-geceye\/","title":{"rendered":"G\u00fcnden Geceye"},"content":{"rendered":"<p>R\u00fcya, kocas\u0131na a\u015f\u0131k, o\u011flunu sevgiyle b\u00fcy\u00fcten, \u00e7al\u0131\u015fan bir anneydi ve mutlu bir evlili\u011fe sahipti. Ta ki mesaj kutusuna d\u00fc\u015fen o e-postaya kadar\u2026Bu e-posta, ya\u015fayaca\u011f\u0131 k\u00e2bus dolu g\u00fcnlerin ba\u015flang\u0131c\u0131 olacak ve inand\u0131\u011f\u0131 her \u015feyi derinden sarsacakt\u0131\u2026\u201cG\u00fcnden Geceye\u201d insanlar\u0131n \u00f6ng\u00f6remedikleri bir durumla kar\u015f\u0131la\u015ft\u0131klar\u0131nda neler ya\u015fad\u0131klar\u0131n\u0131, nas\u0131l m\u00fccadele ettiklerini, okurun empati g\u00fcc\u00fcn\u00fc kullanarak anlat\u0131yor.Bu kitap, i\u00e7imizden bir kad\u0131n\u0131n hayat\u0131n\u0131 tamamen de\u011fi\u015ftiren bir travman\u0131n ger\u00e7ek\u00e7i ve etkileyici bir dille anlat\u0131m\u0131d\u0131r.<\/p>\n","protected":false},"excerpt":{"rendered":"<p>R\u00fcya, kocas\u0131na a\u015f\u0131k, o\u011flunu sevgiyle b\u00fcy\u00fcten, \u00e7al\u0131\u015fan bir anneydi ve mutlu bir evlili\u011fe sahipti. Ta ki mesaj kutusuna d\u00fc\u015fen o e-postaya kadar\u2026Bu e-posta, ya\u015fayaca\u011f\u0131 k\u00e2bus dolu<span class=\"excerpt-hellip\"> [\u2026]<\/span><\/p>\n","protected":false},"featured_media":0,"template":"","meta":{"_monsterinsights_skip_tracking":false,"_monsterinsights_sitenote_active":false,"_monsterinsights_sitenote_note":"","_monsterinsights_sitenote_category":0},"product_brand":[],"product_cat":[12291,12711],"product_tag":[],"class_list":{"0":"post-721925","1":"product","2":"type-product","3":"status-publish","5":"product_cat-edebiyat","6":"product_cat-roman-oyku","7":"pa_cilt-ciltsiz","8":"pa_tur-kitap","9":"pa_yayinevi-alic-yayinlari","10":"pa_yazar-elif-pinar-acar","12":"first","13":"instock","14":"sale","15":"shipping-taxable","16":"purchasable","17":"product-type-simple"},"_links":{"self":[{"href":"https:\/\/roveyayinevi.com.tr\/index.php\/wp-json\/wp\/v2\/product\/721925","targetHints":{"allow":["GET"]}}],"collection":[{"href":"https:\/\/roveyayinevi.com.tr\/index.php\/wp-json\/wp\/v2\/product"}],"about":[{"href":"https:\/\/roveyayinevi.com.tr\/index.php\/wp-json\/wp\/v2\/types\/product"}],"wp:attachment":[{"href":"https:\/\/roveyayinevi.com.tr\/index.php\/wp-json\/wp\/v2\/media?parent=721925"}],"wp:term":[{"taxonomy":"product_brand","embeddable":true,"href":"https:\/\/roveyayinevi.com.tr\/index.php\/wp-json\/wp\/v2\/product_brand?post=721925"},{"taxonomy":"product_cat","embeddable":true,"href":"https:\/\/roveyayinevi.com.tr\/index.php\/wp-json\/wp\/v2\/product_cat?post=721925"},{"taxonomy":"product_tag","embeddable":true,"href":"https:\/\/roveyayinevi.com.tr\/index.php\/wp-json\/wp\/v2\/product_tag?post=721925"}],"curies":[{"name":"wp","href":"https:\/\/api.w.org\/{rel}","templated":true}]}}