{"id":721923,"date":"2025-08-27T18:56:42","date_gmt":"2025-08-27T15:56:42","guid":{"rendered":"https:\/\/roveyayinevi.com.tr\/index.php\/urun\/bertrand-russell\/"},"modified":"2026-04-16T02:29:49","modified_gmt":"2026-04-15T23:29:49","slug":"bertrand-russell","status":"publish","type":"product","link":"https:\/\/roveyayinevi.com.tr\/index.php\/urun\/bertrand-russell\/","title":{"rendered":"Bertrand Russell"},"content":{"rendered":"<p>20. y\u00fczy\u0131l d\u00fc\u015f\u00fcnce d\u00fcnyas\u0131n\u0131n en \u00fcnl\u00fc filozoflar\u0131ndan biri olarak kar\u015f\u0131m\u0131za \u00e7\u0131kan Bertrand Russell, gerek eserlerinin say\u0131s\u0131, gerek ele al\u0131p inceledi\u011fi konular (matematik felsefesi, bilgi teorisi, tarih felsefesi, ahl\u00e2k, din, politika, sosyoloji, psikoloji, e\u011fitim vb.) ve gerekse g\u00f6r\u00fc\u015flerine etki etti\u011fi filozoflar\u0131n \u00e7oklu\u011fu bak\u0131m\u0131ndan \u015f\u00fcphesiz ki olduk\u00e7a \u00f6nemli bir yere sahiptir. Bu yo\u011fun etkile\u015fimden dolay\u0131d\u0131r ki, onun ya\u015fad\u0131\u011f\u0131 d\u00f6neme \u201cRussell \u00c7a\u011f\u0131\u201d ad\u0131 bile verilmi\u015ftir. Ola\u011fan\u00fcst\u00fc bir yazar etkinli\u011fi ortaya koymu\u015ftur. Yap\u0131tlar\u0131 b\u00fcy\u00fck bir okuyucu kitlesine ula\u015fm\u0131\u015ft\u0131r.Russell \u00f6nceleri, evreni bir k\u00e2se j\u00f6le gibi g\u00f6r\u00fcyordu; hayat\u0131n\u0131n bundan sonraki d\u00f6neminde ise evren, art\u0131k bir kova dolusu bilye gibiydi.B\u00fct\u00fcn, birbirinden ayr\u0131 sonsuz par\u00e7alara d\u00f6n\u00fc\u015f\u00fcyordu. Buna g\u00f6re yap\u0131lacak olan herhangi bir bilimsel inceleme, sentezden \u00e7ok, Yunancada \u00e7\u00f6z\u00fcmlemek anlam\u0131na gelen \u201canaliz\u201d y\u00f6ntemiyle incelenmeliydi. Bu yeni ve soyut evren anlay\u0131\u015f\u0131nda her bir b\u00fct\u00fcn, ancak kendisini olu\u015fturan farkl\u0131 par\u00e7alar\u0131n birbiriyle olan ili\u015fkisi analiz edilerek anla\u015f\u0131labilirdi.<\/p>\n","protected":false},"excerpt":{"rendered":"<p>20. y\u00fczy\u0131l d\u00fc\u015f\u00fcnce d\u00fcnyas\u0131n\u0131n en \u00fcnl\u00fc filozoflar\u0131ndan biri olarak kar\u015f\u0131m\u0131za \u00e7\u0131kan Bertrand Russell, gerek eserlerinin say\u0131s\u0131, gerek ele al\u0131p inceledi\u011fi konular (matematik felsefesi, bilgi teorisi, tarih<span class=\"excerpt-hellip\"> [\u2026]<\/span><\/p>\n","protected":false},"featured_media":0,"template":"","meta":{"_monsterinsights_skip_tracking":false,"_monsterinsights_sitenote_active":false,"_monsterinsights_sitenote_note":"","_monsterinsights_sitenote_category":0},"product_brand":[],"product_cat":[13946,12304],"product_tag":[],"class_list":{"0":"post-721923","1":"product","2":"type-product","3":"status-publish","5":"product_cat-biyografi-otobiyografi","6":"product_cat-tarih","7":"pa_cilt-ciltsiz","8":"pa_tur-kitap","9":"pa_yayinevi-parola-yayinlari","10":"pa_yazar-turan-tektas","12":"first","13":"instock","14":"sale","15":"shipping-taxable","16":"purchasable","17":"product-type-simple"},"_links":{"self":[{"href":"https:\/\/roveyayinevi.com.tr\/index.php\/wp-json\/wp\/v2\/product\/721923","targetHints":{"allow":["GET"]}}],"collection":[{"href":"https:\/\/roveyayinevi.com.tr\/index.php\/wp-json\/wp\/v2\/product"}],"about":[{"href":"https:\/\/roveyayinevi.com.tr\/index.php\/wp-json\/wp\/v2\/types\/product"}],"wp:attachment":[{"href":"https:\/\/roveyayinevi.com.tr\/index.php\/wp-json\/wp\/v2\/media?parent=721923"}],"wp:term":[{"taxonomy":"product_brand","embeddable":true,"href":"https:\/\/roveyayinevi.com.tr\/index.php\/wp-json\/wp\/v2\/product_brand?post=721923"},{"taxonomy":"product_cat","embeddable":true,"href":"https:\/\/roveyayinevi.com.tr\/index.php\/wp-json\/wp\/v2\/product_cat?post=721923"},{"taxonomy":"product_tag","embeddable":true,"href":"https:\/\/roveyayinevi.com.tr\/index.php\/wp-json\/wp\/v2\/product_tag?post=721923"}],"curies":[{"name":"wp","href":"https:\/\/api.w.org\/{rel}","templated":true}]}}