{"id":721921,"date":"2025-08-27T18:56:40","date_gmt":"2025-08-27T15:56:40","guid":{"rendered":"https:\/\/roveyayinevi.com.tr\/index.php\/urun\/mutfagin-sihirli-kapisi-ciltli\/"},"modified":"2026-04-16T02:29:49","modified_gmt":"2026-04-15T23:29:49","slug":"mutfagin-sihirli-kapisi-ciltli","status":"publish","type":"product","link":"https:\/\/roveyayinevi.com.tr\/index.php\/urun\/mutfagin-sihirli-kapisi-ciltli\/","title":{"rendered":"Mutfa\u011f\u0131n Sihirli Kap\u0131s\u0131 (Ciltli)"},"content":{"rendered":"<p>The Magic Door to The Kitchen.   Mutfa\u011f\u0131n sihrini \u00e7ocuklarla payla\u015fabilmeniz i\u00e7in T\u00fcrk\u00e7e ve \u0130ngilizce haz\u0131rlanm\u0131\u015f benzersiz bir kitap\u2026   Sa\u011fl\u0131kl\u0131, basit, keyifli ve \u00e7ocuklar\u0131n bay\u0131laca\u011f\u0131 lezzetler, yarat\u0131c\u0131l\u0131klar\u0131n\u0131 ortaya \u00e7\u0131karabilecekleri harika aktiviteler, en g\u00fczel partiler i\u00e7in lezzetli men\u00fcler ve parlak fikirler ve hayvan dostu projeler\u2026   Share the magic of the kitchen with the children\u2026 Healthy, simple and fun recipes children will love, fantastic activities that will boost their creativity, yummy menus and great ideas to plan best parties and animal friendly art projects.   \u00c7ocuklar, anne babalar ve t\u00fcm \u00e7ocuk sevenler i\u00e7in m\u00fcthi\u015f bir kitap.   A great book for kids, parents and anyone who loves kids. <\/p>\n","protected":false},"excerpt":{"rendered":"<p>The Magic Door to The Kitchen. Mutfa\u011f\u0131n sihrini \u00e7ocuklarla payla\u015fabilmeniz i\u00e7in T\u00fcrk\u00e7e ve \u0130ngilizce haz\u0131rlanm\u0131\u015f benzersiz bir kitap\u2026 Sa\u011fl\u0131kl\u0131, basit, keyifli ve \u00e7ocuklar\u0131n bay\u0131laca\u011f\u0131 lezzetler, yarat\u0131c\u0131l\u0131klar\u0131n\u0131<span class=\"excerpt-hellip\"> [\u2026]<\/span><\/p>\n","protected":false},"featured_media":0,"template":"","meta":{"_monsterinsights_skip_tracking":false,"_monsterinsights_sitenote_active":false,"_monsterinsights_sitenote_note":"","_monsterinsights_sitenote_category":0},"product_brand":[],"product_cat":[12457],"product_tag":[],"class_list":{"0":"post-721921","1":"product","2":"type-product","3":"status-publish","5":"product_cat-yemek-kitaplari","6":"pa_cilt-ciltli","7":"pa_tur-kitap","8":"pa_yayinevi-okuyan-us-yayin","9":"pa_yazar-esra-evci-atay-esra-akbalik-emirgil","11":"first","12":"instock","13":"sale","14":"shipping-taxable","15":"purchasable","16":"product-type-simple"},"_links":{"self":[{"href":"https:\/\/roveyayinevi.com.tr\/index.php\/wp-json\/wp\/v2\/product\/721921","targetHints":{"allow":["GET"]}}],"collection":[{"href":"https:\/\/roveyayinevi.com.tr\/index.php\/wp-json\/wp\/v2\/product"}],"about":[{"href":"https:\/\/roveyayinevi.com.tr\/index.php\/wp-json\/wp\/v2\/types\/product"}],"wp:attachment":[{"href":"https:\/\/roveyayinevi.com.tr\/index.php\/wp-json\/wp\/v2\/media?parent=721921"}],"wp:term":[{"taxonomy":"product_brand","embeddable":true,"href":"https:\/\/roveyayinevi.com.tr\/index.php\/wp-json\/wp\/v2\/product_brand?post=721921"},{"taxonomy":"product_cat","embeddable":true,"href":"https:\/\/roveyayinevi.com.tr\/index.php\/wp-json\/wp\/v2\/product_cat?post=721921"},{"taxonomy":"product_tag","embeddable":true,"href":"https:\/\/roveyayinevi.com.tr\/index.php\/wp-json\/wp\/v2\/product_tag?post=721921"}],"curies":[{"name":"wp","href":"https:\/\/api.w.org\/{rel}","templated":true}]}}