{"id":721919,"date":"2025-08-27T18:56:39","date_gmt":"2025-08-27T15:56:39","guid":{"rendered":"https:\/\/roveyayinevi.com.tr\/index.php\/urun\/gercek-mutluluk\/"},"modified":"2026-04-16T02:29:49","modified_gmt":"2026-04-15T23:29:49","slug":"gercek-mutluluk","status":"publish","type":"product","link":"https:\/\/roveyayinevi.com.tr\/index.php\/urun\/gercek-mutluluk\/","title":{"rendered":"Ger\u00e7ek Mutluluk"},"content":{"rendered":"<p>\u00d6\u011frenilmi\u015f \u0130yimserlik\u2019in me\u015fhur yazar\u0131 Martin Seligman bu \u00e7ok-satan, \u00e7ok merak uyand\u0131ran ve ikna edici kitab\u0131nda bir ba\u015fka devrimsel fikir \u00f6ne s\u00fcr\u00fcyor. \u00c7\u0131\u011f\u0131r a\u00e7an bilimsel ara\u015ft\u0131rmas\u0131na dayanarak Seligman, Olumlu Psikolojinin psikoloji paradigmas\u0131n\u0131n patoloji, viktimoloji ve ak\u0131l hastal\u0131\u011f\u0131 \u00fczerindeki dar kafal\u0131 oda\u011f\u0131n\u0131 nas\u0131l pozitif duygu ve ak\u0131l sa\u011fl\u0131\u011f\u0131na kayd\u0131rd\u0131\u011f\u0131n\u0131 g\u00f6steriyor. Ara\u015ft\u0131rmalara g\u00f6re mutluluk iyi genlerin veya \u015fans\u0131n bir sonucu de\u011fildir. Halihaz\u0131rda sahip oldu\u011fumuz \u015fefkat, yarat\u0131c\u0131l\u0131k, mizah, iyimserlik ve c\u00f6mertlik gibi nitelikleri tan\u0131mlayarak ve geli\u015ftirerek elde edilebilir.   Seligman en olumlu niteliklerinizi veya g\u00fc\u00e7l\u00fc yanlar\u0131n\u0131z\u0131 ortaya \u00e7\u0131karabilmeniz i\u00e7in ihtiyac\u0131n\u0131z olan ara\u00e7lar\u0131 sa\u011fl\u0131yor. Daha sonra hayat\u0131n sa\u011fl\u0131k, ili\u015fkiler, kariyer gibi \u00e7ok \u00f6nemli alanlar\u0131nda bu \u201cg\u00fc\u00e7l\u00fc y\u00f6nlerinize\u201d s\u0131k s\u0131k ba\u015fvurarak nas\u0131l sadece talihsizlik ve negatif duygulara kar\u015f\u0131 do\u011fal bir kalkan geli\u015ftirmekle kalmay\u0131p yeni ve s\u00fcrd\u00fcr\u00fclebilir seviyelerde ger\u00e7ek huzur, mutluluk ve anlam elde edebilece\u011finizi a\u00e7\u0131kl\u0131yor. \u201cPsikoloji; ne\u015fe, e\u011flence ve mutluluk konular\u0131n\u0131 sonunda cidd\u00ee bir \u015fekilde ele almaya ba\u015flad\u0131. Bu, Martin Seligman\u2019dan bize bir arma\u011fan.\u201d \u2014Daniel Goleman, Duygusal Zeka kitab\u0131n\u0131n yazar\u0131 \u201cYa\u015fam\u0131n\u0131z\u0131n denetimini elinize alman\u0131z ve kal\u0131c\u0131 mutlulu\u011fa ula\u015fman\u0131z i\u00e7in cesur, yeni bir plan.\u201d \u2014Elle \u201cGer\u00e7ek Mutluluk, e\u011flenceli ve zengin i\u00e7g\u00f6r\u00fclerle dolu. Martin Seligman okurlar\u0131 ya\u015famda olumlu se\u00e7imler yapmalar\u0131 i\u00e7in y\u00f6nlendiren \u00e7ok kullan\u0131\u015fl\u0131 bir kitap yazm\u0131\u015f.\u201d \u2014Caroline Myss, Kutsal S\u00f6zle\u015fmeler kitab\u0131n\u0131n yazar\u0131 \u201cZaman\u0131m\u0131z\u0131n en yarat\u0131c\u0131 ve etkili psikologlar\u0131ndan birinden, mutlulu\u011fun do\u011fas\u0131 hakk\u0131nda son derece ayd\u0131nlat\u0131c\u0131, bilimsel ve ki\u015fisel bir d\u00fc\u015f\u00fcnceler b\u00fct\u00fcn\u00fc.\u201d \u2014Steven Pinker, Dil \u0130\u00e7g\u00fcd\u00fcs\u00fc kitab\u0131n\u0131n yazar\u0131 <\/p>\n","protected":false},"excerpt":{"rendered":"<p>\u00d6\u011frenilmi\u015f \u0130yimserlik\u2019in me\u015fhur yazar\u0131 Martin Seligman bu \u00e7ok-satan, \u00e7ok merak uyand\u0131ran ve ikna edici kitab\u0131nda bir ba\u015fka devrimsel fikir \u00f6ne s\u00fcr\u00fcyor. \u00c7\u0131\u011f\u0131r a\u00e7an bilimsel ara\u015ft\u0131rmas\u0131na dayanarak<span class=\"excerpt-hellip\"> [\u2026]<\/span><\/p>\n","protected":false},"featured_media":0,"template":"","meta":{"_monsterinsights_skip_tracking":false,"_monsterinsights_sitenote_active":false,"_monsterinsights_sitenote_note":"","_monsterinsights_sitenote_category":0},"product_brand":[],"product_cat":[12358,12357],"product_tag":[],"class_list":{"0":"post-721919","1":"product","2":"type-product","3":"status-publish","5":"product_cat-genel-psikoloji","6":"product_cat-psikoloji","7":"pa_cilt-ciltsiz","8":"pa_tur-kitap","9":"pa_yayinevi-serbest-kitaplar","10":"pa_yazar-martin-e-p-seligman","12":"first","13":"instock","14":"sale","15":"shipping-taxable","16":"purchasable","17":"product-type-simple"},"_links":{"self":[{"href":"https:\/\/roveyayinevi.com.tr\/index.php\/wp-json\/wp\/v2\/product\/721919","targetHints":{"allow":["GET"]}}],"collection":[{"href":"https:\/\/roveyayinevi.com.tr\/index.php\/wp-json\/wp\/v2\/product"}],"about":[{"href":"https:\/\/roveyayinevi.com.tr\/index.php\/wp-json\/wp\/v2\/types\/product"}],"wp:attachment":[{"href":"https:\/\/roveyayinevi.com.tr\/index.php\/wp-json\/wp\/v2\/media?parent=721919"}],"wp:term":[{"taxonomy":"product_brand","embeddable":true,"href":"https:\/\/roveyayinevi.com.tr\/index.php\/wp-json\/wp\/v2\/product_brand?post=721919"},{"taxonomy":"product_cat","embeddable":true,"href":"https:\/\/roveyayinevi.com.tr\/index.php\/wp-json\/wp\/v2\/product_cat?post=721919"},{"taxonomy":"product_tag","embeddable":true,"href":"https:\/\/roveyayinevi.com.tr\/index.php\/wp-json\/wp\/v2\/product_tag?post=721919"}],"curies":[{"name":"wp","href":"https:\/\/api.w.org\/{rel}","templated":true}]}}