{"id":721917,"date":"2025-08-27T18:56:38","date_gmt":"2025-08-27T15:56:38","guid":{"rendered":"https:\/\/roveyayinevi.com.tr\/index.php\/urun\/delilikle-opusmek\/"},"modified":"2026-04-08T02:37:37","modified_gmt":"2026-04-07T23:37:37","slug":"delilikle-opusmek","status":"publish","type":"product","link":"https:\/\/roveyayinevi.com.tr\/index.php\/urun\/delilikle-opusmek\/","title":{"rendered":"Delilikle \u00d6p\u00fc\u015fmek"},"content":{"rendered":"<p>Sen hi\u00e7 delirdin miHele de sonbahar\u0131n k\u0131vr\u0131ml\u0131 yok olu\u015fundaDelilikle \u00d6p\u00fc\u015fmek hangi ak\u0131lla m\u00fcmk\u00fcnBu benim delirme yolculu\u011fumAd\u0131m Deniz \u00d6m\u00fcr K\u0131saca D\u00d6E\u015fiklerde dola\u015fan bir reddedili\u015fimBeni ayna say K\u0131rk kat i\u00e7ini sana izletecek yaralar\u0131n\u0131 tek tek te\u015fhir edecek ortas\u0131ndan \u00e7atlam\u0131\u015f bir aynay\u0131mKa\u00e7 y\u00fcz\u00fcn varsa hepsiyle tan\u0131\u015facaks\u0131nSev neyi neleri kimi kimleri Bul ve affet serbest kals\u0131nlar ki kalbin zindan de\u011filSus ve tahamm\u00fcl g\u00f6ster odalar hep ba\u015fka odalara a\u00e7\u0131l\u0131rG\u00f6r ve unut\/ bir \u00e7\u00f6l r\u00fczgar\u0131 olsun t\u00fcm mazinOku ve anla\/ \u00e7ok mutlu bir insan olabilirsinOku G\u00f6r Sus Bul SevBen hi\u00e7 delirdim miHangi neden delirmeyi makul g\u00f6sterir ve hangi delirme dengelenmeyi sa\u011flarDelirmek i\u00e7in haz\u0131r\u0131m Sen de haz\u0131rsan ba\u015flayal\u0131mYaln\u0131z \u015fu sorumun yan\u0131t\u0131n\u0131 sat\u0131rlarda araKendimden memnun olmam m\u00fcmk\u00fcn m\u00fcyd\u00fcDelilikle \u00d6p\u00fc\u015fmek bitince yan\u0131t\u0131 yaz bana Adresim her ak\u0131l hastanesinin k\u0131rk numaral\u0131 odas\u0131 K\u0131rk deli dostum varK\u0131rk birinci olmaya ne dersin Ne kadar cesaretlisinAkl\u0131ndan emin misin Sular\u0131n \u00e7\u0131\u011fl\u0131klar\u0131nda diniyor susuzluklarHangi \u00e7\u00f6l suya tahamm\u00fcl edebilir D\u00fcnyan\u0131n derin s\u0131rr\u0131n\u0131 sadece deliler \u00c7\u00f6zer Sev Bul Sus G\u00f6r Oku<\/p>\n","protected":false},"excerpt":{"rendered":"<p>Sen hi\u00e7 delirdin miHele de sonbahar\u0131n k\u0131vr\u0131ml\u0131 yok olu\u015fundaDelilikle \u00d6p\u00fc\u015fmek hangi ak\u0131lla m\u00fcmk\u00fcnBu benim delirme yolculu\u011fumAd\u0131m Deniz \u00d6m\u00fcr K\u0131saca D\u00d6E\u015fiklerde dola\u015fan bir reddedili\u015fimBeni ayna say K\u0131rk<span class=\"excerpt-hellip\"> [\u2026]<\/span><\/p>\n","protected":false},"featured_media":0,"template":"","meta":{"_monsterinsights_skip_tracking":false,"_monsterinsights_sitenote_active":false,"_monsterinsights_sitenote_note":"","_monsterinsights_sitenote_category":0},"product_brand":[],"product_cat":[12291,12711],"product_tag":[],"class_list":{"0":"post-721917","1":"product","2":"type-product","3":"status-publish","5":"product_cat-edebiyat","6":"product_cat-roman-oyku","7":"pa_cilt-ciltsiz","8":"pa_tur-kitap","9":"pa_yayinevi-otuken-nesriyat","10":"pa_yazar-kudret-ayse-yilmaz","12":"first","13":"instock","14":"sale","15":"shipping-taxable","16":"purchasable","17":"product-type-simple"},"_links":{"self":[{"href":"https:\/\/roveyayinevi.com.tr\/index.php\/wp-json\/wp\/v2\/product\/721917","targetHints":{"allow":["GET"]}}],"collection":[{"href":"https:\/\/roveyayinevi.com.tr\/index.php\/wp-json\/wp\/v2\/product"}],"about":[{"href":"https:\/\/roveyayinevi.com.tr\/index.php\/wp-json\/wp\/v2\/types\/product"}],"wp:attachment":[{"href":"https:\/\/roveyayinevi.com.tr\/index.php\/wp-json\/wp\/v2\/media?parent=721917"}],"wp:term":[{"taxonomy":"product_brand","embeddable":true,"href":"https:\/\/roveyayinevi.com.tr\/index.php\/wp-json\/wp\/v2\/product_brand?post=721917"},{"taxonomy":"product_cat","embeddable":true,"href":"https:\/\/roveyayinevi.com.tr\/index.php\/wp-json\/wp\/v2\/product_cat?post=721917"},{"taxonomy":"product_tag","embeddable":true,"href":"https:\/\/roveyayinevi.com.tr\/index.php\/wp-json\/wp\/v2\/product_tag?post=721917"}],"curies":[{"name":"wp","href":"https:\/\/api.w.org\/{rel}","templated":true}]}}