{"id":721915,"date":"2025-08-27T18:56:36","date_gmt":"2025-08-27T15:56:36","guid":{"rendered":"https:\/\/roveyayinevi.com.tr\/index.php\/urun\/deniz-kurdu-5\/"},"modified":"2026-04-16T02:29:48","modified_gmt":"2026-04-15T23:29:48","slug":"deniz-kurdu-5","status":"publish","type":"product","link":"https:\/\/roveyayinevi.com.tr\/index.php\/urun\/deniz-kurdu-5\/","title":{"rendered":"Deniz Kurdu"},"content":{"rendered":"<p>Varl\u0131kl\u0131 bir edebiyat ele\u015ftirmeni olan Humprey Van Weyden, ge\u00e7irdi\u011fi bir gemi kazas\u0131 sonras\u0131 kendini bir av gemisinde bulur. Hayalet adl\u0131 bu gemi, ac\u0131mas\u0131zl\u0131\u011f\u0131yla ve vah\u015fili\u011fiyle nam salm\u0131\u015f Kurt Larsen adl\u0131 bir kaptan taraf\u0131ndan idare edilmektedir. Ba\u015flarda, kurtulmu\u015f oldu\u011funa sevinen Van Weyden, Kurt Larsen\u2019la tan\u0131\u015ft\u0131ktan sonra kendisini \u00f6l\u00fcmden daha beter bir gelece\u011fin bekledi\u011fini fark eder. Zira Kurt Larsen, onu sal\u0131vermek yerine gemisinde zorla \u00e7al\u0131\u015ft\u0131rmay\u0131 tercih etmi\u015ftir. Art\u0131k Van Weyden i\u00e7in hi\u00e7bir \u015fey eskisi gibi olmayacakt\u0131r&#8230; <\/p>\n","protected":false},"excerpt":{"rendered":"<p>Varl\u0131kl\u0131 bir edebiyat ele\u015ftirmeni olan Humprey Van Weyden, ge\u00e7irdi\u011fi bir gemi kazas\u0131 sonras\u0131 kendini bir av gemisinde bulur. Hayalet adl\u0131 bu gemi, ac\u0131mas\u0131zl\u0131\u011f\u0131yla ve vah\u015fili\u011fiyle nam<span class=\"excerpt-hellip\"> [\u2026]<\/span><\/p>\n","protected":false},"featured_media":0,"template":"","meta":{"_monsterinsights_skip_tracking":false,"_monsterinsights_sitenote_active":false,"_monsterinsights_sitenote_note":"","_monsterinsights_sitenote_category":0},"product_brand":[],"product_cat":[12274,12467],"product_tag":[],"class_list":{"0":"post-721915","1":"product","2":"type-product","3":"status-publish","5":"product_cat-cocuk-ve-genclik-kitaplari","6":"product_cat-dunya-klasikleri","7":"pa_cilt-ciltsiz","8":"pa_tur-kitap","9":"pa_yayinevi-fark-yayinlari","10":"pa_yazar-jack-london","12":"first","13":"instock","14":"sale","15":"shipping-taxable","16":"purchasable","17":"product-type-simple"},"_links":{"self":[{"href":"https:\/\/roveyayinevi.com.tr\/index.php\/wp-json\/wp\/v2\/product\/721915","targetHints":{"allow":["GET"]}}],"collection":[{"href":"https:\/\/roveyayinevi.com.tr\/index.php\/wp-json\/wp\/v2\/product"}],"about":[{"href":"https:\/\/roveyayinevi.com.tr\/index.php\/wp-json\/wp\/v2\/types\/product"}],"wp:attachment":[{"href":"https:\/\/roveyayinevi.com.tr\/index.php\/wp-json\/wp\/v2\/media?parent=721915"}],"wp:term":[{"taxonomy":"product_brand","embeddable":true,"href":"https:\/\/roveyayinevi.com.tr\/index.php\/wp-json\/wp\/v2\/product_brand?post=721915"},{"taxonomy":"product_cat","embeddable":true,"href":"https:\/\/roveyayinevi.com.tr\/index.php\/wp-json\/wp\/v2\/product_cat?post=721915"},{"taxonomy":"product_tag","embeddable":true,"href":"https:\/\/roveyayinevi.com.tr\/index.php\/wp-json\/wp\/v2\/product_tag?post=721915"}],"curies":[{"name":"wp","href":"https:\/\/api.w.org\/{rel}","templated":true}]}}