{"id":721913,"date":"2025-08-27T18:56:35","date_gmt":"2025-08-27T15:56:35","guid":{"rendered":"https:\/\/roveyayinevi.com.tr\/index.php\/urun\/binbir-gece-masallari-5\/"},"modified":"2026-04-16T02:29:48","modified_gmt":"2026-04-15T23:29:48","slug":"binbir-gece-masallari-5","status":"publish","type":"product","link":"https:\/\/roveyayinevi.com.tr\/index.php\/urun\/binbir-gece-masallari-5\/","title":{"rendered":"Binbir Gece Masallar\u0131"},"content":{"rendered":"<p>\u015eehrazat ile \u015eah \u015eehriyar T\u00fcccar ile Cin Kral Yunnan ile Hekim Dubban \u015eah Sinbad\u2019\u0131n \u015eahini \u015eehzade ile Gulyabani Bal\u0131k\u00e7\u0131 ile Cin \u2013 2 B\u00fcy\u00fclenmi\u015f \u015eehzade ile Bal\u0131klar Alaaddin\u2019in Sihirli Lambas\u0131 Denizci Sinbad\u2019\u0131n Birinci Maceras\u0131 Denizci Sinbad\u2019\u0131n \u0130kinci Maceras\u0131 Denizci Sinbad\u2019\u0131n \u00dc\u00e7\u00fcnc\u00fc Maceras\u0131 Denizci Sinbad\u2019\u0131n D\u00f6rd\u00fcnc\u00fc Maceras\u0131 Denizci Sinbad\u2019\u0131n Be\u015finci Maceras\u0131 Denizci Sinbad\u2019\u0131n Alt\u0131nc\u0131 Maceras\u0131 Denizci Sinbad\u2019\u0131n Yedinci Maceras\u0131 \u015eehrazat ile \u015eah \u015eehriyar 2 <\/p>\n","protected":false},"excerpt":{"rendered":"<p>\u015eehrazat ile \u015eah \u015eehriyar T\u00fcccar ile Cin Kral Yunnan ile Hekim Dubban \u015eah Sinbad\u2019\u0131n \u015eahini \u015eehzade ile Gulyabani Bal\u0131k\u00e7\u0131 ile Cin \u2013 2 B\u00fcy\u00fclenmi\u015f \u015eehzade ile<span class=\"excerpt-hellip\"> [\u2026]<\/span><\/p>\n","protected":false},"featured_media":0,"template":"","meta":{"_monsterinsights_skip_tracking":false,"_monsterinsights_sitenote_active":false,"_monsterinsights_sitenote_note":"","_monsterinsights_sitenote_category":0},"product_brand":[],"product_cat":[12274,12467],"product_tag":[],"class_list":{"0":"post-721913","1":"product","2":"type-product","3":"status-publish","5":"product_cat-cocuk-ve-genclik-kitaplari","6":"product_cat-dunya-klasikleri","7":"pa_cilt-ciltsiz","8":"pa_tur-kitap","9":"pa_yayinevi-fark-yayinlari","10":"pa_yazar-kolektif","12":"first","13":"instock","14":"sale","15":"shipping-taxable","16":"purchasable","17":"product-type-simple"},"_links":{"self":[{"href":"https:\/\/roveyayinevi.com.tr\/index.php\/wp-json\/wp\/v2\/product\/721913","targetHints":{"allow":["GET"]}}],"collection":[{"href":"https:\/\/roveyayinevi.com.tr\/index.php\/wp-json\/wp\/v2\/product"}],"about":[{"href":"https:\/\/roveyayinevi.com.tr\/index.php\/wp-json\/wp\/v2\/types\/product"}],"wp:attachment":[{"href":"https:\/\/roveyayinevi.com.tr\/index.php\/wp-json\/wp\/v2\/media?parent=721913"}],"wp:term":[{"taxonomy":"product_brand","embeddable":true,"href":"https:\/\/roveyayinevi.com.tr\/index.php\/wp-json\/wp\/v2\/product_brand?post=721913"},{"taxonomy":"product_cat","embeddable":true,"href":"https:\/\/roveyayinevi.com.tr\/index.php\/wp-json\/wp\/v2\/product_cat?post=721913"},{"taxonomy":"product_tag","embeddable":true,"href":"https:\/\/roveyayinevi.com.tr\/index.php\/wp-json\/wp\/v2\/product_tag?post=721913"}],"curies":[{"name":"wp","href":"https:\/\/api.w.org\/{rel}","templated":true}]}}