{"id":721908,"date":"2025-08-27T18:56:31","date_gmt":"2025-08-27T15:56:31","guid":{"rendered":"https:\/\/roveyayinevi.com.tr\/index.php\/urun\/anayasa-hukuku-ciltli\/"},"modified":"2026-04-16T02:29:48","modified_gmt":"2026-04-15T23:29:48","slug":"anayasa-hukuku-ciltli","status":"publish","type":"product","link":"https:\/\/roveyayinevi.com.tr\/index.php\/urun\/anayasa-hukuku-ciltli\/","title":{"rendered":"Anayasa Hukuku (Ciltli)"},"content":{"rendered":"<p>\u0130nsan Haklar\u0131 Evrensel Bildirgesinin \u00d6ns\u00f6z\u00fcne g\u00f6re, deh\u015fetten ve yoksulluktan kurtulmu\u015f insanlar\u0131n, i\u00e7inde, s\u00f6z ve inanma h\u00fcrriyetlerine sahip olacaklar\u0131 bir d\u00fcnyan\u0131n kurulmas\u0131 en y\u00fcksek ama\u00e7t\u0131r. Lozan Andla\u015fmas\u0131na g\u00f6re, herhangi T\u00fcrkiye teb\u00e2s\u0131n\u0131n herhangi bir lisan\u0131 serbest\u00e7e kullanmas\u0131na kar\u015f\u0131 hi\u00e7bir kay\u0131tlama konulmayacakt\u0131r. \u0130nsan Haklar\u0131 Evrensel Bildirgesine g\u00f6re, \u00e7al\u0131\u015fan herkesin, kendisine ve ailesine insanl\u0131k haysiyetine uygun bir ya\u015fay\u0131\u015f sa\u011flayan ve gerekirse sosyal koruma vas\u0131talar\u0131yla da tamamlanan adil ve elveri\u015fli bir \u00fccrete hakk\u0131 vard\u0131r. 1982 Anayasas\u0131, bu h\u00fckm\u00fc al\u0131nt\u0131lamam\u0131\u015f ve e\u015fde\u011fer bir h\u00fck\u00fcm de koymam\u0131\u015ft\u0131r.  An\u0131lan Bildirgeye g\u00f6re, her \u015fahs\u0131n, kendisi ve ailesi i\u00e7in, yiyecek, giyim, konut, t\u0131bbi bak\u0131m, gerekli sosyal hizmetler dahil olmak \u00fczere sa\u011fl\u0131\u011f\u0131n\u0131 ve refah\u0131n\u0131 temin edecek uygun bir hayat seviyesine ve toplumun bir \u00fcyesi olmak itibariyle, i\u015fsizlik, hastal\u0131k, engellilik, dulluk, ya\u015fl\u0131l\u0131k veya iradesi d\u0131\u015f\u0131nda ge\u00e7im imk\u00e2nlar\u0131ndan yoksunlukta sosyal g\u00fcvenlik yard\u0131m\u0131na hakk\u0131 vard\u0131r. 1982 Anayasas\u0131, bu h\u00fck\u00fcmleri al\u0131nt\u0131lamam\u0131\u015f ve e\u015fde\u011fer bir d\u00fczenleme de yapmam\u0131\u015ft\u0131r.<\/p>\n","protected":false},"excerpt":{"rendered":"<p>\u0130nsan Haklar\u0131 Evrensel Bildirgesinin \u00d6ns\u00f6z\u00fcne g\u00f6re, deh\u015fetten ve yoksulluktan kurtulmu\u015f insanlar\u0131n, i\u00e7inde, s\u00f6z ve inanma h\u00fcrriyetlerine sahip olacaklar\u0131 bir d\u00fcnyan\u0131n kurulmas\u0131 en y\u00fcksek ama\u00e7t\u0131r. Lozan Andla\u015fmas\u0131na<span class=\"excerpt-hellip\"> [\u2026]<\/span><\/p>\n","protected":false},"featured_media":0,"template":"","meta":{"_monsterinsights_skip_tracking":false,"_monsterinsights_sitenote_active":false,"_monsterinsights_sitenote_note":"","_monsterinsights_sitenote_category":0},"product_brand":[],"product_cat":[15350,17602],"product_tag":[],"class_list":{"0":"post-721908","1":"product","2":"type-product","3":"status-publish","5":"product_cat-hukuk","6":"product_cat-hukuk-uzerine","7":"pa_cilt-ciltli","8":"pa_tur-kitap","9":"pa_yayinevi-otuken-nesriyat","10":"pa_yazar-hasan-fehim-ucisik","12":"first","13":"instock","14":"sale","15":"shipping-taxable","16":"purchasable","17":"product-type-simple"},"_links":{"self":[{"href":"https:\/\/roveyayinevi.com.tr\/index.php\/wp-json\/wp\/v2\/product\/721908","targetHints":{"allow":["GET"]}}],"collection":[{"href":"https:\/\/roveyayinevi.com.tr\/index.php\/wp-json\/wp\/v2\/product"}],"about":[{"href":"https:\/\/roveyayinevi.com.tr\/index.php\/wp-json\/wp\/v2\/types\/product"}],"wp:attachment":[{"href":"https:\/\/roveyayinevi.com.tr\/index.php\/wp-json\/wp\/v2\/media?parent=721908"}],"wp:term":[{"taxonomy":"product_brand","embeddable":true,"href":"https:\/\/roveyayinevi.com.tr\/index.php\/wp-json\/wp\/v2\/product_brand?post=721908"},{"taxonomy":"product_cat","embeddable":true,"href":"https:\/\/roveyayinevi.com.tr\/index.php\/wp-json\/wp\/v2\/product_cat?post=721908"},{"taxonomy":"product_tag","embeddable":true,"href":"https:\/\/roveyayinevi.com.tr\/index.php\/wp-json\/wp\/v2\/product_tag?post=721908"}],"curies":[{"name":"wp","href":"https:\/\/api.w.org\/{rel}","templated":true}]}}