{"id":721907,"date":"2025-08-27T18:56:30","date_gmt":"2025-08-27T15:56:30","guid":{"rendered":"https:\/\/roveyayinevi.com.tr\/index.php\/urun\/referans-pazarlamasi\/"},"modified":"2026-04-16T02:29:48","modified_gmt":"2026-04-15T23:29:48","slug":"referans-pazarlamasi","status":"publish","type":"product","link":"https:\/\/roveyayinevi.com.tr\/index.php\/urun\/referans-pazarlamasi\/","title":{"rendered":"Referans Pazarlamas\u0131"},"content":{"rendered":"<p>\u201c\u00d6mr\u00fcn\u00fcz boyunca okudu\u011funuz tek networking kitab\u0131 e\u011fer buysa, ba\u015far\u0131l\u0131 olabilmek i\u00e7in ihtiya\u00e7 duydu\u011funuz t\u00fcm bilgileri bulacaks\u0131n\u0131z: Sade ve yal\u0131n, en \u00fcst d\u00fczey referansla pazarlama k\u0131lavuzu.\u201d-Jack Canfield, Tavuk Suyuna \u00c7orba kitab\u0131n\u0131n e\u015f yazar\u0131Zaman\u0131n \u00f6tesinde ve son derece \u00f6nemli: Referans Pazarlamas\u0131, i\u015finizi rakiplerinizin \u00f6n\u00fcne ge\u00e7irmeniz ve bu \u015fekilde devam etmeniz i\u00e7in kulaktan kula\u011fa pazarlamay\u0131 kullanmak \u00fczere bilmeniz, yapman\u0131z ve kullanman\u0131z gereken her \u015feyi size anlat\u0131yor.- Brian Tracy, 40\u2019\u0131n \u00fczerinde kitab\u0131 yay\u0131nlanm\u0131\u015f yazar\u0130\u015finizi ortalama veya iyi seviyeden ba\u015far\u0131l\u0131 ve g\u00f6ze \u00e7arpan bir seviyeye getirmenin basit, kan\u0131tlanm\u0131\u015f ve ekonomik bir yolu olsayd\u0131, bunun hakk\u0131nda bilgi almak ister miydiniz? Cevab\u0131n\u0131z evet ise bu kitab\u0131 okumal\u0131s\u0131n\u0131z.\u201d- Keith Ferrazzi, Asla Yaln\u0131z Yeme kitab\u0131n\u0131n yazar\u0131\u0130\u015fiyle ilgili daha kaliteli i\u015f y\u00f6nlendirmeleri isteyen veya bunlara ihtiya\u00e7 duyan herkes bu kitab\u0131 almal\u0131 ve \u00f6n kapa\u011f\u0131ndan arka kapa\u011f\u0131na kadar okumal\u0131. Hi\u00e7 \u015f\u00fcphesiz bu kitap, di\u011fer t\u00fcm networking kitaplar\u0131n\u0131 kahvalt\u0131 niyetine yiyor.- Dr. Tony Alessandra, Platin Kural ve Karizma gibi 20\u2019nin \u00fczerinde kitab\u0131 yay\u0131nlanm\u0131\u015f yazar\u201cOla\u011fan\u00fcst\u00fc bir kitap\u201d- Deepak Chopra, Ba\u015far\u0131n\u0131n 7 Spirit\u00fcel Yasas\u0131\u2019n\u0131n yazar\u0131\u201cBu kitap, i\u015f y\u00f6nlendirmesine dayal\u0131 bir i\u015f olu\u015fturman\u0131n en \u00fcst d\u00fczey kullan\u0131m k\u0131lavuzu. Bu alanda uzman olan yazarlar, engin ve muazzam bilgi birikimlerini ve bilgeliklerini bu kitapta sunuyor ve bizlere i\u015fimizi daha e\u011flenceli, daha az stresli ve kesinlikle \u00e7ok daha karl\u0131 hale getirmek i\u00e7in hata i\u00e7ermeyen bir yol haritas\u0131 sunuyor.\u201d- Bob Burg, Yolveren kitab\u0131n\u0131n yazar\u0131<\/p>\n","protected":false},"excerpt":{"rendered":"<p>\u201c\u00d6mr\u00fcn\u00fcz boyunca okudu\u011funuz tek networking kitab\u0131 e\u011fer buysa, ba\u015far\u0131l\u0131 olabilmek i\u00e7in ihtiya\u00e7 duydu\u011funuz t\u00fcm bilgileri bulacaks\u0131n\u0131z: Sade ve yal\u0131n, en \u00fcst d\u00fczey referansla pazarlama k\u0131lavuzu.\u201d-Jack Canfield,<span class=\"excerpt-hellip\"> [\u2026]<\/span><\/p>\n","protected":false},"featured_media":0,"template":"","meta":{"_monsterinsights_skip_tracking":false,"_monsterinsights_sitenote_active":false,"_monsterinsights_sitenote_note":"","_monsterinsights_sitenote_category":0},"product_brand":[],"product_cat":[13043,17492],"product_tag":[],"class_list":{"0":"post-721907","1":"product","2":"type-product","3":"status-publish","5":"product_cat-ekonomi","6":"product_cat-pazarlama-satis-reklam","7":"pa_cilt-ciltsiz","8":"pa_tur-kitap","9":"pa_yayinevi-mediacat-kitaplari","10":"pa_yazar-kolektif","12":"first","13":"instock","14":"sale","15":"shipping-taxable","16":"purchasable","17":"product-type-simple"},"_links":{"self":[{"href":"https:\/\/roveyayinevi.com.tr\/index.php\/wp-json\/wp\/v2\/product\/721907","targetHints":{"allow":["GET"]}}],"collection":[{"href":"https:\/\/roveyayinevi.com.tr\/index.php\/wp-json\/wp\/v2\/product"}],"about":[{"href":"https:\/\/roveyayinevi.com.tr\/index.php\/wp-json\/wp\/v2\/types\/product"}],"wp:attachment":[{"href":"https:\/\/roveyayinevi.com.tr\/index.php\/wp-json\/wp\/v2\/media?parent=721907"}],"wp:term":[{"taxonomy":"product_brand","embeddable":true,"href":"https:\/\/roveyayinevi.com.tr\/index.php\/wp-json\/wp\/v2\/product_brand?post=721907"},{"taxonomy":"product_cat","embeddable":true,"href":"https:\/\/roveyayinevi.com.tr\/index.php\/wp-json\/wp\/v2\/product_cat?post=721907"},{"taxonomy":"product_tag","embeddable":true,"href":"https:\/\/roveyayinevi.com.tr\/index.php\/wp-json\/wp\/v2\/product_tag?post=721907"}],"curies":[{"name":"wp","href":"https:\/\/api.w.org\/{rel}","templated":true}]}}