{"id":721906,"date":"2025-08-27T18:56:30","date_gmt":"2025-08-27T15:56:30","guid":{"rendered":"https:\/\/roveyayinevi.com.tr\/index.php\/urun\/elveda-gecmis\/"},"modified":"2026-04-16T02:29:48","modified_gmt":"2026-04-15T23:29:48","slug":"elveda-gecmis","status":"publish","type":"product","link":"https:\/\/roveyayinevi.com.tr\/index.php\/urun\/elveda-gecmis\/","title":{"rendered":"Elveda Ge\u00e7mi\u015f"},"content":{"rendered":"<p>Hayat\u0131n\u0131z parampar\u00e7a olduktan sonra ya\u015famaya nas\u0131l devam edersiniz?Nichole, kocas\u0131 Jake\u2019in onu aldatt\u0131\u011f\u0131n\u0131 \u00f6\u011frendi\u011finde kusursuz hayat\u0131 geri d\u00f6n\u00fc\u015f\u00fc olmayan bir \u015fekilde mahvolur. O\u011flu, yeni i\u015fi ve yeni hayat\u0131 aras\u0131nda dengeyi kurmaya \u00e7al\u0131\u015f\u0131rken Nichole, Jake\u2019in neredeyse her a\u00e7\u0131dan z\u0131dd\u0131 olan Rocco\u2019yla tan\u0131\u015f\u0131r. Kaba ve aksi tav\u0131rlar\u0131na ra\u011fmen Rocco iyi bir baba ve d\u00fc\u015f\u00fcnceli bir arkada\u015f oldu\u011funu kan\u0131tlar. Ancak aralar\u0131nda bir ili\u015fki ba\u015flad\u0131\u011f\u0131nda Jack aralar\u0131na girmek ve Nichole\u2019u geri kazanmak i\u00e7in elinden geleni yapacakt\u0131r.Leanne kocas\u0131n\u0131n sadakatsizliklerini y\u0131llarca g\u00f6rmezden gelir ama Nichole sayesinde o da hayat\u0131n\u0131 de\u011fi\u015ftirecek ad\u0131m\u0131 atar. Art\u0131k \u00f6zg\u00fcr bir kad\u0131n olarak bir sosyal merkezde g\u00f6\u00e7menlere \u0130ngilizce \u00f6\u011fretirken, Ukraynal\u0131 \u00e7ekici bir erkekle tan\u0131\u015f\u0131r: Nikolai. Romantik ili\u015fkilerin karma\u015f\u0131kl\u0131\u011f\u0131ndan ve kalbinin k\u0131r\u0131lma ihtimali y\u00fcz\u00fcnden ondan uzak durmaya \u00e7al\u0131\u015fsa da kendini Nikolai\u2019a kapt\u0131rmaya ba\u015flar. Ne var ki beklenmedik bir trajedi her \u015feyi alt\u00fcst edecektir. Sorunlu evliliklerini cesurca arkada b\u0131rak\u0131p hayata yeniden ba\u015flayan bu iki kad\u0131n\u0131n g\u00fc\u00e7l\u00fc ve umut veren hikayesi, size her kad\u0131n\u0131n kendine yeni bir yol \u00e7izebilece\u011fini ve a\u015fk\u0131 bulabilece\u011fini hat\u0131rlatacak.<\/p>\n","protected":false},"excerpt":{"rendered":"<p>Hayat\u0131n\u0131z parampar\u00e7a olduktan sonra ya\u015famaya nas\u0131l devam edersiniz?Nichole, kocas\u0131 Jake\u2019in onu aldatt\u0131\u011f\u0131n\u0131 \u00f6\u011frendi\u011finde kusursuz hayat\u0131 geri d\u00f6n\u00fc\u015f\u00fc olmayan bir \u015fekilde mahvolur. O\u011flu, yeni i\u015fi ve yeni<span class=\"excerpt-hellip\"> [\u2026]<\/span><\/p>\n","protected":false},"featured_media":0,"template":"","meta":{"_monsterinsights_skip_tracking":false,"_monsterinsights_sitenote_active":false,"_monsterinsights_sitenote_note":"","_monsterinsights_sitenote_category":0},"product_brand":[],"product_cat":[12291,12711],"product_tag":[],"class_list":{"0":"post-721906","1":"product","2":"type-product","3":"status-publish","5":"product_cat-edebiyat","6":"product_cat-roman-oyku","7":"pa_cilt-ciltsiz","8":"pa_tur-kitap","9":"pa_yayinevi-epsilon-yayinlari","10":"pa_yazar-debbie-macomber","12":"first","13":"instock","14":"sale","15":"shipping-taxable","16":"purchasable","17":"product-type-simple"},"_links":{"self":[{"href":"https:\/\/roveyayinevi.com.tr\/index.php\/wp-json\/wp\/v2\/product\/721906","targetHints":{"allow":["GET"]}}],"collection":[{"href":"https:\/\/roveyayinevi.com.tr\/index.php\/wp-json\/wp\/v2\/product"}],"about":[{"href":"https:\/\/roveyayinevi.com.tr\/index.php\/wp-json\/wp\/v2\/types\/product"}],"wp:attachment":[{"href":"https:\/\/roveyayinevi.com.tr\/index.php\/wp-json\/wp\/v2\/media?parent=721906"}],"wp:term":[{"taxonomy":"product_brand","embeddable":true,"href":"https:\/\/roveyayinevi.com.tr\/index.php\/wp-json\/wp\/v2\/product_brand?post=721906"},{"taxonomy":"product_cat","embeddable":true,"href":"https:\/\/roveyayinevi.com.tr\/index.php\/wp-json\/wp\/v2\/product_cat?post=721906"},{"taxonomy":"product_tag","embeddable":true,"href":"https:\/\/roveyayinevi.com.tr\/index.php\/wp-json\/wp\/v2\/product_tag?post=721906"}],"curies":[{"name":"wp","href":"https:\/\/api.w.org\/{rel}","templated":true}]}}