{"id":721904,"date":"2025-08-27T18:56:28","date_gmt":"2025-08-27T15:56:28","guid":{"rendered":"https:\/\/roveyayinevi.com.tr\/index.php\/urun\/dorian-grayin-portresi-9\/"},"modified":"2026-04-12T02:35:56","modified_gmt":"2026-04-11T23:35:56","slug":"dorian-grayin-portresi-9","status":"publish","type":"product","link":"https:\/\/roveyayinevi.com.tr\/index.php\/urun\/dorian-grayin-portresi-9\/","title":{"rendered":"Dorian Gray&#8217;in Portresi"},"content":{"rendered":"<p>Bir t\u00fcrl\u00fc ya\u015flanmayan yak\u0131\u015f\u0131kl\u0131 Dorian Gray\u2019in gen\u00e7lik s\u0131rr\u0131n\u0131 herkes merak eder. Ger\u00e7ekten de bunun arkas\u0131nda \u00fcrpertici bir gizem vard\u0131r ve Dorian Gray bu s\u0131rr\u0131n alt\u0131nda g\u00fcnden g\u00fcne ezildi\u011fini hissetmektedir. Oscar Wilde\u2019\u0131n tek roman\u0131 ve en bilinen eseri olan Dorian Gray\u2019in Portresi, g\u00fczelli\u011fin, gen\u00e7li\u011fin, cazibenin oldu\u011fu kadar, \u00e7irkinli\u011fin, k\u00f6t\u00fcl\u00fc\u011f\u00fcn ve yozla\u015fman\u0131n da \u00f6yk\u00fcs\u00fc.<\/p>\n","protected":false},"excerpt":{"rendered":"<p>Bir t\u00fcrl\u00fc ya\u015flanmayan yak\u0131\u015f\u0131kl\u0131 Dorian Gray\u2019in gen\u00e7lik s\u0131rr\u0131n\u0131 herkes merak eder. Ger\u00e7ekten de bunun arkas\u0131nda \u00fcrpertici bir gizem vard\u0131r ve Dorian Gray bu s\u0131rr\u0131n alt\u0131nda g\u00fcnden<span class=\"excerpt-hellip\"> [\u2026]<\/span><\/p>\n","protected":false},"featured_media":0,"template":"","meta":{"_monsterinsights_skip_tracking":false,"_monsterinsights_sitenote_active":false,"_monsterinsights_sitenote_note":"","_monsterinsights_sitenote_category":0},"product_brand":[],"product_cat":[12291,12711],"product_tag":[],"class_list":{"0":"post-721904","1":"product","2":"type-product","3":"status-publish","5":"product_cat-edebiyat","6":"product_cat-roman-oyku","7":"pa_cilt-ciltsiz","8":"pa_tur-kitap","9":"pa_yayinevi-turkuvaz-kitap","10":"pa_yazar-oscar-wilde","12":"first","13":"instock","14":"sale","15":"shipping-taxable","16":"purchasable","17":"product-type-simple"},"_links":{"self":[{"href":"https:\/\/roveyayinevi.com.tr\/index.php\/wp-json\/wp\/v2\/product\/721904","targetHints":{"allow":["GET"]}}],"collection":[{"href":"https:\/\/roveyayinevi.com.tr\/index.php\/wp-json\/wp\/v2\/product"}],"about":[{"href":"https:\/\/roveyayinevi.com.tr\/index.php\/wp-json\/wp\/v2\/types\/product"}],"wp:attachment":[{"href":"https:\/\/roveyayinevi.com.tr\/index.php\/wp-json\/wp\/v2\/media?parent=721904"}],"wp:term":[{"taxonomy":"product_brand","embeddable":true,"href":"https:\/\/roveyayinevi.com.tr\/index.php\/wp-json\/wp\/v2\/product_brand?post=721904"},{"taxonomy":"product_cat","embeddable":true,"href":"https:\/\/roveyayinevi.com.tr\/index.php\/wp-json\/wp\/v2\/product_cat?post=721904"},{"taxonomy":"product_tag","embeddable":true,"href":"https:\/\/roveyayinevi.com.tr\/index.php\/wp-json\/wp\/v2\/product_tag?post=721904"}],"curies":[{"name":"wp","href":"https:\/\/api.w.org\/{rel}","templated":true}]}}