{"id":721901,"date":"2025-08-27T18:56:25","date_gmt":"2025-08-27T15:56:25","guid":{"rendered":"https:\/\/roveyayinevi.com.tr\/index.php\/urun\/tanriyla-konusmalar\/"},"modified":"2026-04-16T02:29:48","modified_gmt":"2026-04-15T23:29:48","slug":"tanriyla-konusmalar","status":"publish","type":"product","link":"https:\/\/roveyayinevi.com.tr\/index.php\/urun\/tanriyla-konusmalar\/","title":{"rendered":"Tanr\u0131yla Konu\u015fmalar"},"content":{"rendered":"<p>\u201cBir par\u00e7a gizli \u00fcmit anla\u015f\u0131labilirdi belki, Tanr\u0131\u2019n\u0131n merhametinin gere\u011fi olarak.Ama ben\u2026 Nas\u0131l g\u00fclebilirim?\u201dSaniyelerin ak\u0131\u015f\u0131 11 y\u0131l \u00f6nce de\u011fi\u015fmi\u015f. Varl\u0131\u011f\u0131m esaret alt\u0131nda.Zaman bek\u00e7isi orada dikilirken, ge\u00e7mi\u015f hesap sormaya geliyor \u015fu ana. Tam kar\u015f\u0131ma\u2026S\u0131rr\u0131m huzursuzlan\u0131yor kom\u015fular\u0131mdan, geri \u00e7ekiyor benli\u011fimi.Lakin ya\u015fama g\u00fcd\u00fcs\u00fc ku\u015flarla \u00e7eliyor akl\u0131m\u0131 birden. Yeniden\u2026Nermin\u2019in; \u00f6fke, isyan ve pi\u015fmanl\u0131k duygular\u0131yla dolup ta\u015fan, \u00fcmidi \u00f6ld\u00fcrmedi\u011fi ve sonunda her daim teofilozofik sorgulamalara vard\u0131\u011f\u0131 konu\u015fmalar\u0131n\u0131n tan\u0131\u011f\u0131 olacaks\u0131n\u0131z.<\/p>\n","protected":false},"excerpt":{"rendered":"<p>\u201cBir par\u00e7a gizli \u00fcmit anla\u015f\u0131labilirdi belki, Tanr\u0131\u2019n\u0131n merhametinin gere\u011fi olarak.Ama ben\u2026 Nas\u0131l g\u00fclebilirim?\u201dSaniyelerin ak\u0131\u015f\u0131 11 y\u0131l \u00f6nce de\u011fi\u015fmi\u015f. Varl\u0131\u011f\u0131m esaret alt\u0131nda.Zaman bek\u00e7isi orada dikilirken, ge\u00e7mi\u015f hesap<span class=\"excerpt-hellip\"> [\u2026]<\/span><\/p>\n","protected":false},"featured_media":0,"template":"","meta":{"_monsterinsights_skip_tracking":false,"_monsterinsights_sitenote_active":false,"_monsterinsights_sitenote_note":"","_monsterinsights_sitenote_category":0},"product_brand":[],"product_cat":[12291,14272],"product_tag":[],"class_list":{"0":"post-721901","1":"product","2":"type-product","3":"status-publish","5":"product_cat-edebiyat","6":"product_cat-tiyatro","7":"pa_cilt-ciltsiz","8":"pa_tur-kitap","9":"pa_yayinevi-perseus","10":"pa_yazar-hilal-taskiran","12":"first","13":"instock","14":"sale","15":"shipping-taxable","16":"purchasable","17":"product-type-simple"},"_links":{"self":[{"href":"https:\/\/roveyayinevi.com.tr\/index.php\/wp-json\/wp\/v2\/product\/721901","targetHints":{"allow":["GET"]}}],"collection":[{"href":"https:\/\/roveyayinevi.com.tr\/index.php\/wp-json\/wp\/v2\/product"}],"about":[{"href":"https:\/\/roveyayinevi.com.tr\/index.php\/wp-json\/wp\/v2\/types\/product"}],"wp:attachment":[{"href":"https:\/\/roveyayinevi.com.tr\/index.php\/wp-json\/wp\/v2\/media?parent=721901"}],"wp:term":[{"taxonomy":"product_brand","embeddable":true,"href":"https:\/\/roveyayinevi.com.tr\/index.php\/wp-json\/wp\/v2\/product_brand?post=721901"},{"taxonomy":"product_cat","embeddable":true,"href":"https:\/\/roveyayinevi.com.tr\/index.php\/wp-json\/wp\/v2\/product_cat?post=721901"},{"taxonomy":"product_tag","embeddable":true,"href":"https:\/\/roveyayinevi.com.tr\/index.php\/wp-json\/wp\/v2\/product_tag?post=721901"}],"curies":[{"name":"wp","href":"https:\/\/api.w.org\/{rel}","templated":true}]}}