{"id":721899,"date":"2025-08-27T18:56:24","date_gmt":"2025-08-27T15:56:24","guid":{"rendered":"https:\/\/roveyayinevi.com.tr\/index.php\/urun\/gorunmezlik-pelerini\/"},"modified":"2026-04-16T02:29:48","modified_gmt":"2026-04-15T23:29:48","slug":"gorunmezlik-pelerini","status":"publish","type":"product","link":"https:\/\/roveyayinevi.com.tr\/index.php\/urun\/gorunmezlik-pelerini\/","title":{"rendered":"G\u00f6r\u00fcnmezlik Pelerini"},"content":{"rendered":"<p>\u00c7in\u2019in ya\u015fayan en \u00fcnl\u00fc yazarlar\u0131ndan biri olan Ge Fei\u2019nin kaleminden toplumsal bir d\u00fc\u015f \u00fczerine k\u0131\u015fk\u0131rt\u0131c\u0131, mizah\u0131n ciddiyetle hakk\u0131n\u0131 veren bir kitap G\u00f6r\u00fcnmezlik Pelerini. T\u00fcketim \u00e7\u0131lg\u0131nl\u0131\u011f\u0131na kendini iyice kapt\u0131rm\u0131\u015f Beijing\u2019de (Pekin), duvar\u0131ndaki \u00e7atlaktan kuzey r\u00fczg\u00e2r\u0131n\u0131n i\u00e7eri doldu\u011fu bir odada, ablas\u0131 ve eni\u015ftesiyle ayn\u0131 evde ya\u015fayan bir \u201ckaybeden\u201d Bay Cui\u2019nin hik\u00e2yesi. K\u0131rklar\u0131n\u0131n ortas\u0131nda, bo\u015fanm\u0131\u015f ama yine de eski e\u015fine \u00e7ok d\u00fc\u015fk\u00fcn Cui, zengin ama \u00e7o\u011funlukla \u00f6zenti m\u00fczik tutkunlar\u0131 i\u00e7in \u00f6zel ses sistemleri kurarak ge\u00e7inen birisidir. M\u00fc\u015fterilerini ve kendini daima hor g\u00f6ren bu adam\u0131n kader \u00e7izgisi, \u00e7ocukluk arkada\u015f\u0131n\u0131n onu \u201cd\u00fcnyadaki en iyi ses sistemi\u201dni isteyen son derece gizemli bir m\u00fc\u015fteriye y\u00f6nlendirmesiyle bamba\u015fka bir yola sapacakt\u0131r. <\/p>\n","protected":false},"excerpt":{"rendered":"<p>\u00c7in\u2019in ya\u015fayan en \u00fcnl\u00fc yazarlar\u0131ndan biri olan Ge Fei\u2019nin kaleminden toplumsal bir d\u00fc\u015f \u00fczerine k\u0131\u015fk\u0131rt\u0131c\u0131, mizah\u0131n ciddiyetle hakk\u0131n\u0131 veren bir kitap G\u00f6r\u00fcnmezlik Pelerini. T\u00fcketim \u00e7\u0131lg\u0131nl\u0131\u011f\u0131na kendini<span class=\"excerpt-hellip\"> [\u2026]<\/span><\/p>\n","protected":false},"featured_media":0,"template":"","meta":{"_monsterinsights_skip_tracking":false,"_monsterinsights_sitenote_active":false,"_monsterinsights_sitenote_note":"","_monsterinsights_sitenote_category":0},"product_brand":[],"product_cat":[12291,12711],"product_tag":[],"class_list":{"0":"post-721899","1":"product","2":"type-product","3":"status-publish","5":"product_cat-edebiyat","6":"product_cat-roman-oyku","7":"pa_cilt-ciltsiz","8":"pa_tur-kitap","9":"pa_yayinevi-kirmizi-kedi-yayinevi","10":"pa_yazar-ge-fei","12":"first","13":"instock","14":"sale","15":"shipping-taxable","16":"purchasable","17":"product-type-simple"},"_links":{"self":[{"href":"https:\/\/roveyayinevi.com.tr\/index.php\/wp-json\/wp\/v2\/product\/721899","targetHints":{"allow":["GET"]}}],"collection":[{"href":"https:\/\/roveyayinevi.com.tr\/index.php\/wp-json\/wp\/v2\/product"}],"about":[{"href":"https:\/\/roveyayinevi.com.tr\/index.php\/wp-json\/wp\/v2\/types\/product"}],"wp:attachment":[{"href":"https:\/\/roveyayinevi.com.tr\/index.php\/wp-json\/wp\/v2\/media?parent=721899"}],"wp:term":[{"taxonomy":"product_brand","embeddable":true,"href":"https:\/\/roveyayinevi.com.tr\/index.php\/wp-json\/wp\/v2\/product_brand?post=721899"},{"taxonomy":"product_cat","embeddable":true,"href":"https:\/\/roveyayinevi.com.tr\/index.php\/wp-json\/wp\/v2\/product_cat?post=721899"},{"taxonomy":"product_tag","embeddable":true,"href":"https:\/\/roveyayinevi.com.tr\/index.php\/wp-json\/wp\/v2\/product_tag?post=721899"}],"curies":[{"name":"wp","href":"https:\/\/api.w.org\/{rel}","templated":true}]}}