{"id":721898,"date":"2025-08-27T18:56:23","date_gmt":"2025-08-27T15:56:23","guid":{"rendered":"https:\/\/roveyayinevi.com.tr\/index.php\/urun\/mizah\/"},"modified":"2026-04-16T02:29:48","modified_gmt":"2026-04-15T23:29:48","slug":"mizah","status":"publish","type":"product","link":"https:\/\/roveyayinevi.com.tr\/index.php\/urun\/mizah\/","title":{"rendered":"Mizah"},"content":{"rendered":"<p>Bazen sinsi bir soruya, ustaca bir cevaba, garip bir nedene, zekice bir imaya, bir itiraz kar\u015f\u0131s\u0131nda kurnazca bir sapt\u0131rmaya veya ak\u0131ll\u0131ca d\u00fczeltmeye tak\u0131l\u0131p kal\u0131r; bazen konu\u015fman\u0131n c\u00fcretk\u00e2r bir entrikas\u0131nda, i\u011fneli bir ironide, canl\u0131 bir m\u00fcbala\u011fada, \u00fcrk\u00fct\u00fcc\u00fc bir metaforda, \u00e7eli\u015fkilerin makul bir uzla\u015fmas\u0131nda veya vahim bir sa\u00e7mal\u0131kta ya da onu ge\u00e7i\u015ftirmek i\u00e7in yap\u0131lan taklit\u00e7i bir bak\u0131\u015fta veya el kol hareketinde pusuya yatar; bazen yapmac\u0131k bir basitlik, bazen haddini bilmez bir pervas\u0131zl\u0131k onu yarat\u0131r; bazen sadece garip olan \u015feye vurmaktan kaynaklan\u0131r; bazen a\u015fik\u00e2r bir konuyu dalavereyle amac\u0131na ters d\u00fc\u015f\u00fcrerek; \u00e7o\u011fu zaman kimsenin ne oldu\u011funu bilmedi\u011fi bir \u015feyde olu\u015fur ve nas\u0131l oldu\u011funu s\u00f6ylemesi zor bir \u015feyden peydahlan\u0131r\u2026K\u0131sacas\u0131, i\u00e7inde bir miktar  \u015fa\u015f\u0131rtmaca sergileyen ve biraz haz veren, kibir veya anlat\u0131mdaki olduk\u00e7a \u015fa\u015f\u0131rt\u0131c\u0131 bir g\u00f6rg\u00fcs\u00fczl\u00fckle, tahayy\u00fcl\u00fc hakikaten etkileyerek ve e\u011flendirerek yap\u0131lan basit ve sade bir konu\u015fma tarz\u0131d\u0131r. <\/p>\n","protected":false},"excerpt":{"rendered":"<p>Bazen sinsi bir soruya, ustaca bir cevaba, garip bir nedene, zekice bir imaya, bir itiraz kar\u015f\u0131s\u0131nda kurnazca bir sapt\u0131rmaya veya ak\u0131ll\u0131ca d\u00fczeltmeye tak\u0131l\u0131p kal\u0131r; bazen konu\u015fman\u0131n<span class=\"excerpt-hellip\"> [\u2026]<\/span><\/p>\n","protected":false},"featured_media":0,"template":"","meta":{"_monsterinsights_skip_tracking":false,"_monsterinsights_sitenote_active":false,"_monsterinsights_sitenote_note":"","_monsterinsights_sitenote_category":0},"product_brand":[],"product_cat":[12291,14825],"product_tag":[],"class_list":{"0":"post-721898","1":"product","2":"type-product","3":"status-publish","5":"product_cat-edebiyat","6":"product_cat-mizah","7":"pa_cilt-ciltsiz","8":"pa_tur-kitap","9":"pa_yayinevi-ayrinti-yayinlari","10":"pa_yazar-terry-eagleton","12":"first","13":"instock","14":"sale","15":"shipping-taxable","16":"purchasable","17":"product-type-simple"},"_links":{"self":[{"href":"https:\/\/roveyayinevi.com.tr\/index.php\/wp-json\/wp\/v2\/product\/721898","targetHints":{"allow":["GET"]}}],"collection":[{"href":"https:\/\/roveyayinevi.com.tr\/index.php\/wp-json\/wp\/v2\/product"}],"about":[{"href":"https:\/\/roveyayinevi.com.tr\/index.php\/wp-json\/wp\/v2\/types\/product"}],"wp:attachment":[{"href":"https:\/\/roveyayinevi.com.tr\/index.php\/wp-json\/wp\/v2\/media?parent=721898"}],"wp:term":[{"taxonomy":"product_brand","embeddable":true,"href":"https:\/\/roveyayinevi.com.tr\/index.php\/wp-json\/wp\/v2\/product_brand?post=721898"},{"taxonomy":"product_cat","embeddable":true,"href":"https:\/\/roveyayinevi.com.tr\/index.php\/wp-json\/wp\/v2\/product_cat?post=721898"},{"taxonomy":"product_tag","embeddable":true,"href":"https:\/\/roveyayinevi.com.tr\/index.php\/wp-json\/wp\/v2\/product_tag?post=721898"}],"curies":[{"name":"wp","href":"https:\/\/api.w.org\/{rel}","templated":true}]}}