{"id":721895,"date":"2025-08-27T18:56:20","date_gmt":"2025-08-27T15:56:20","guid":{"rendered":"https:\/\/roveyayinevi.com.tr\/index.php\/urun\/cocuklar-icin-felsefi-oykuler\/"},"modified":"2026-04-16T02:29:48","modified_gmt":"2026-04-15T23:29:48","slug":"cocuklar-icin-felsefi-oykuler","status":"publish","type":"product","link":"https:\/\/roveyayinevi.com.tr\/index.php\/urun\/cocuklar-icin-felsefi-oykuler\/","title":{"rendered":"\u00c7ocuklar \u0130\u00e7in &#8211; Felsefi \u00d6yk\u00fcler"},"content":{"rendered":"<p>Hep sorular soran, merak\u0131n\u0131 payla\u015fmaktan hi\u00e7 \u00e7ekinmeyen, yenilikleri kucaklayan \u00e7ocuklar t\u00fcm zamanlar\u0131n en do\u011fal filozoflar\u0131d\u0131r. Bu kitapta yer alan \u00f6yk\u00fclerle bu \u201cdo\u011fal\u201d filozoflar\u0131n sorgulama, ak\u0131l y\u00fcr\u00fctme, yorumlama ve anlam \u00e7\u0131karma gibi yeteneklerini geli\u015ftirme yolu a\u00e7\u0131lmaktad\u0131r. Ger\u00e7eklik, farkl\u0131l\u0131k, adalet, sorumluluk, b\u00fcy\u00fcmek, mutluluk gibi temalar \u00e7er\u00e7evesinde sunulan \u00f6yk\u00fcler, a\u00e7\u0131k u\u00e7lu sorular, yazma ve d\u00fc\u015f\u00fcnme etkinlikleri \u00e7ocuklar\u0131n ve e\u011fitimcilerin yararlanaca\u011f\u0131 harika birer kaynak sunuyor. <\/p>\n","protected":false},"excerpt":{"rendered":"<p>Hep sorular soran, merak\u0131n\u0131 payla\u015fmaktan hi\u00e7 \u00e7ekinmeyen, yenilikleri kucaklayan \u00e7ocuklar t\u00fcm zamanlar\u0131n en do\u011fal filozoflar\u0131d\u0131r. Bu kitapta yer alan \u00f6yk\u00fclerle bu \u201cdo\u011fal\u201d filozoflar\u0131n sorgulama, ak\u0131l y\u00fcr\u00fctme,<span class=\"excerpt-hellip\"> [\u2026]<\/span><\/p>\n","protected":false},"featured_media":0,"template":"","meta":{"_monsterinsights_skip_tracking":false,"_monsterinsights_sitenote_active":false,"_monsterinsights_sitenote_note":"","_monsterinsights_sitenote_category":0},"product_brand":[],"product_cat":[12274,12284],"product_tag":[],"class_list":{"0":"post-721895","1":"product","2":"type-product","3":"status-publish","5":"product_cat-cocuk-ve-genclik-kitaplari","6":"product_cat-hikayeler","7":"pa_cilt-ciltsiz","8":"pa_tur-kitap","9":"pa_yayinevi-dinozor-cocuk","10":"pa_yazar-kurtul-gulenc-filiz-karadag","12":"first","13":"instock","14":"sale","15":"shipping-taxable","16":"purchasable","17":"product-type-simple"},"_links":{"self":[{"href":"https:\/\/roveyayinevi.com.tr\/index.php\/wp-json\/wp\/v2\/product\/721895","targetHints":{"allow":["GET"]}}],"collection":[{"href":"https:\/\/roveyayinevi.com.tr\/index.php\/wp-json\/wp\/v2\/product"}],"about":[{"href":"https:\/\/roveyayinevi.com.tr\/index.php\/wp-json\/wp\/v2\/types\/product"}],"wp:attachment":[{"href":"https:\/\/roveyayinevi.com.tr\/index.php\/wp-json\/wp\/v2\/media?parent=721895"}],"wp:term":[{"taxonomy":"product_brand","embeddable":true,"href":"https:\/\/roveyayinevi.com.tr\/index.php\/wp-json\/wp\/v2\/product_brand?post=721895"},{"taxonomy":"product_cat","embeddable":true,"href":"https:\/\/roveyayinevi.com.tr\/index.php\/wp-json\/wp\/v2\/product_cat?post=721895"},{"taxonomy":"product_tag","embeddable":true,"href":"https:\/\/roveyayinevi.com.tr\/index.php\/wp-json\/wp\/v2\/product_tag?post=721895"}],"curies":[{"name":"wp","href":"https:\/\/api.w.org\/{rel}","templated":true}]}}