{"id":721894,"date":"2025-08-27T18:56:20","date_gmt":"2025-08-27T15:56:20","guid":{"rendered":"https:\/\/roveyayinevi.com.tr\/index.php\/urun\/birak-kirlensin\/"},"modified":"2026-04-16T02:29:48","modified_gmt":"2026-04-15T23:29:48","slug":"birak-kirlensin","status":"publish","type":"product","link":"https:\/\/roveyayinevi.com.tr\/index.php\/urun\/birak-kirlensin\/","title":{"rendered":"B\u0131rak Kirlensin"},"content":{"rendered":"<p>\u201c\u00c7ocu\u011fumun toz toprak yemesi normal mi?\u201d \u201cOna antibiyotik vermeli miyim?\u201d \u201cA\u015f\u0131lar\u0131n\u0131 yapt\u0131rmal\u0131 m\u0131y\u0131m?\u201d \u201cPeki probiyotikler i\u015fe yar\u0131yor mu?\u201d \u0130\u015fte, d\u00fcnyan\u0131n d\u00f6rt bir yan\u0131ndan \u00e7ocuklar\u0131n\u0131n sa\u011fl\u0131\u011f\u0131 i\u00e7in endi\u015felenen anne babalar\u0131n s\u0131k\u00e7a sordu\u011fu sorulardan sadece birka\u00e7\u0131. Hepsinin temelinde de mikrop ve bakterilerin k\u00f6t\u00fc oldu\u011fu ve onlardan mutlaka kurtulmak gerekti\u011fi fikri yat\u0131yor.   Endi\u015feli, kafas\u0131 kar\u0131\u015fm\u0131\u015f anne babalar\u0131n soru bombard\u0131man\u0131na maruz kalan bilim insanlar\u0131 Jack Gilbert ve Rob Knight \u00e7ocuklar\u0131 i\u00e7in en iyisini yapmak isteyen ebeveynlere ve mikrobiyom ara\u015ft\u0131rmalar\u0131yla ilgilenenlere kapsaml\u0131 bir rehber sunuyorlar.   \u00c7ocuk sa\u011fl\u0131\u011f\u0131, geli\u015fimi ve mikrobiyom hakk\u0131nda var olan en g\u00fcvenilir bilimsel ara\u015ft\u0131rmalara yer veren B\u0131rak Kirlensin, \u00f6nyarg\u0131lar\u0131n\u0131zdan kurtulmay\u0131, yeni yakla-\u015f\u0131mlar ke\u015ffetmeyi ve toza \u00e7amura bulanm\u0131\u015f \u00e7ocu\u011funuza g\u00fcl\u00fcmsemeyi vaat ediyor.   <\/p>\n","protected":false},"excerpt":{"rendered":"<p>\u201c\u00c7ocu\u011fumun toz toprak yemesi normal mi?\u201d \u201cOna antibiyotik vermeli miyim?\u201d \u201cA\u015f\u0131lar\u0131n\u0131 yapt\u0131rmal\u0131 m\u0131y\u0131m?\u201d \u201cPeki probiyotikler i\u015fe yar\u0131yor mu?\u201d \u0130\u015fte, d\u00fcnyan\u0131n d\u00f6rt bir yan\u0131ndan \u00e7ocuklar\u0131n\u0131n sa\u011fl\u0131\u011f\u0131 i\u00e7in<span class=\"excerpt-hellip\"> [\u2026]<\/span><\/p>\n","protected":false},"featured_media":0,"template":"","meta":{"_monsterinsights_skip_tracking":false,"_monsterinsights_sitenote_active":false,"_monsterinsights_sitenote_note":"","_monsterinsights_sitenote_category":0},"product_brand":[],"product_cat":[13366,13365],"product_tag":[],"class_list":{"0":"post-721894","1":"product","2":"type-product","3":"status-publish","5":"product_cat-diger-saglik","6":"product_cat-saglik","7":"pa_cilt-ciltsiz","8":"pa_tur-kitap","9":"pa_yayinevi-dogan-kitap","10":"pa_yazar-kolektif","12":"first","13":"instock","14":"sale","15":"shipping-taxable","16":"purchasable","17":"product-type-simple"},"_links":{"self":[{"href":"https:\/\/roveyayinevi.com.tr\/index.php\/wp-json\/wp\/v2\/product\/721894","targetHints":{"allow":["GET"]}}],"collection":[{"href":"https:\/\/roveyayinevi.com.tr\/index.php\/wp-json\/wp\/v2\/product"}],"about":[{"href":"https:\/\/roveyayinevi.com.tr\/index.php\/wp-json\/wp\/v2\/types\/product"}],"wp:attachment":[{"href":"https:\/\/roveyayinevi.com.tr\/index.php\/wp-json\/wp\/v2\/media?parent=721894"}],"wp:term":[{"taxonomy":"product_brand","embeddable":true,"href":"https:\/\/roveyayinevi.com.tr\/index.php\/wp-json\/wp\/v2\/product_brand?post=721894"},{"taxonomy":"product_cat","embeddable":true,"href":"https:\/\/roveyayinevi.com.tr\/index.php\/wp-json\/wp\/v2\/product_cat?post=721894"},{"taxonomy":"product_tag","embeddable":true,"href":"https:\/\/roveyayinevi.com.tr\/index.php\/wp-json\/wp\/v2\/product_tag?post=721894"}],"curies":[{"name":"wp","href":"https:\/\/api.w.org\/{rel}","templated":true}]}}