{"id":721893,"date":"2025-08-27T18:56:19","date_gmt":"2025-08-27T15:56:19","guid":{"rendered":"https:\/\/roveyayinevi.com.tr\/index.php\/urun\/aydin-sozler\/"},"modified":"2026-04-16T02:29:48","modified_gmt":"2026-04-15T23:29:48","slug":"aydin-sozler","status":"publish","type":"product","link":"https:\/\/roveyayinevi.com.tr\/index.php\/urun\/aydin-sozler\/","title":{"rendered":"Ayd\u0131n S\u00f6zler"},"content":{"rendered":"<p>Gelenekten beslenen, ileriye ve yenili\u011fe d\u00f6n\u00fck s\u00f6zler   \u0130\u015f hayat\u0131nda 60. y\u0131l\u0131n\u0131 kutlayan Ayd\u0131n Do\u011fan; ailesi, \u00e7al\u0131\u015fma arkada\u015flar\u0131 ve i\u015f d\u00fcnyas\u0131nda kendine has \u201c\u00f6zl\u00fc s\u00f6zleri\u201d ile de tan\u0131n\u0131r. Do\u011fdu\u011fu topraklardan, aile b\u00fcy\u00fcklerinden miras al\u0131p kendi tecr\u00fcbeleri, i\u015f d\u00fcnyas\u0131n\u0131n ve modern hayat\u0131n ger\u00e7ekleriyle zenginle\u015ftirdi\u011fi \u00f6nemli bir birikimin ifadesidir bu s\u00f6zler. Ayd\u0131n Do\u011fan\u2019\u0131n s\u0131k s\u0131k kulland\u0131\u011f\u0131 her bir c\u00fcmle hayata bak\u0131\u015f\u0131na, \u00e7al\u0131\u015fma \u015fekline, en \u00e7ok da insanc\u0131l yan\u0131na ayna tutar. \u0130\u015f hayat\u0131nda yol alan herkes i\u00e7in bir k\u0131lavuz niteli\u011fi ta\u015f\u0131r. Derslerle dolu, ger\u00e7ek\u00e7i, isabetli, hayat boyu ge\u00e7erli bu s\u00f6zler, art\u0131k sadece Ayd\u0131n Do\u011fan\u2019a ait de\u011fil; Do\u011fan Grubu\u2019nun DNA\u2019s\u0131n\u0131, \u015firketlerinin ortak k\u00fclt\u00fcr\u00fcn\u00fc olu\u015fturuyor. T\u00fcm sekt\u00f6rlerdeki \u00e7al\u0131\u015fanlar\u0131n\u0131n i\u015f hayat\u0131nda benimsedi\u011fi de\u011ferlerin de \u00f6z\u00fcn\u00fc&#8230;  Bu kitapta, \u201c\u00d6nce \u015feref, sonra sa\u011fl\u0131k, sonra servet\u201d s\u00f6z\u00fcn\u00fc kendine ilke edinen Ayd\u0131n Do\u011fan\u2019\u0131n, 60 y\u0131ll\u0131k i\u015f hayat\u0131 boyunca kulland\u0131\u011f\u0131 onlarca \u00f6zl\u00fc s\u00f6z\u00fcn hik\u00e2yesini, onlar\u0131 s\u0131k\u00e7a duyanlar\u0131n tan\u0131kl\u0131klar\u0131ndan okuyacaks\u0131n\u0131z. Anadolu\u2019nun zengin k\u00fclt\u00fcr\u00fcn\u00fc g\u00fcn\u00fcm\u00fcz de\u011ferleriyle harmanlam\u0131\u015f bir insan, bir e\u015f, bir baba, bir dost ve bir i\u015f insan\u0131 olarak Ayd\u0131n Do\u011fan\u2019\u0131 daha yak\u0131ndan tan\u0131yacaks\u0131n\u0131z.<\/p>\n","protected":false},"excerpt":{"rendered":"<p>Gelenekten beslenen, ileriye ve yenili\u011fe d\u00f6n\u00fck s\u00f6zler \u0130\u015f hayat\u0131nda 60. y\u0131l\u0131n\u0131 kutlayan Ayd\u0131n Do\u011fan; ailesi, \u00e7al\u0131\u015fma arkada\u015flar\u0131 ve i\u015f d\u00fcnyas\u0131nda kendine has \u201c\u00f6zl\u00fc s\u00f6zleri\u201d ile de<span class=\"excerpt-hellip\"> [\u2026]<\/span><\/p>\n","protected":false},"featured_media":0,"template":"","meta":{"_monsterinsights_skip_tracking":false,"_monsterinsights_sitenote_active":false,"_monsterinsights_sitenote_note":"","_monsterinsights_sitenote_category":0},"product_brand":[],"product_cat":[13701,12291],"product_tag":[],"class_list":{"0":"post-721893","1":"product","2":"type-product","3":"status-publish","5":"product_cat-ani-mektup-gunluk","6":"product_cat-edebiyat","7":"pa_cilt-ciltli","8":"pa_tur-kitap","9":"pa_yayinevi-dogan-kitap","10":"pa_yazar-kolektif","12":"first","13":"instock","14":"sale","15":"shipping-taxable","16":"purchasable","17":"product-type-simple"},"_links":{"self":[{"href":"https:\/\/roveyayinevi.com.tr\/index.php\/wp-json\/wp\/v2\/product\/721893","targetHints":{"allow":["GET"]}}],"collection":[{"href":"https:\/\/roveyayinevi.com.tr\/index.php\/wp-json\/wp\/v2\/product"}],"about":[{"href":"https:\/\/roveyayinevi.com.tr\/index.php\/wp-json\/wp\/v2\/types\/product"}],"wp:attachment":[{"href":"https:\/\/roveyayinevi.com.tr\/index.php\/wp-json\/wp\/v2\/media?parent=721893"}],"wp:term":[{"taxonomy":"product_brand","embeddable":true,"href":"https:\/\/roveyayinevi.com.tr\/index.php\/wp-json\/wp\/v2\/product_brand?post=721893"},{"taxonomy":"product_cat","embeddable":true,"href":"https:\/\/roveyayinevi.com.tr\/index.php\/wp-json\/wp\/v2\/product_cat?post=721893"},{"taxonomy":"product_tag","embeddable":true,"href":"https:\/\/roveyayinevi.com.tr\/index.php\/wp-json\/wp\/v2\/product_tag?post=721893"}],"curies":[{"name":"wp","href":"https:\/\/api.w.org\/{rel}","templated":true}]}}