{"id":721891,"date":"2025-08-27T18:56:18","date_gmt":"2025-08-27T15:56:18","guid":{"rendered":"https:\/\/roveyayinevi.com.tr\/index.php\/urun\/dogu-anadolu-ortacag-ve-demir-cagi-toplumlarinda-agiz-ve-dis-sagligi\/"},"modified":"2026-04-16T02:29:48","modified_gmt":"2026-04-15T23:29:48","slug":"dogu-anadolu-ortacag-ve-demir-cagi-toplumlarinda-agiz-ve-dis-sagligi","status":"publish","type":"product","link":"https:\/\/roveyayinevi.com.tr\/index.php\/urun\/dogu-anadolu-ortacag-ve-demir-cagi-toplumlarinda-agiz-ve-dis-sagligi\/","title":{"rendered":"Do\u011fu Anadolu Orta\u00e7a\u011f ve Demir \u00c7a\u011f\u0131 Toplumlar\u0131nda A\u011f\u0131z ve Di\u015f Sa\u011fl\u0131\u011f\u0131"},"content":{"rendered":"<p>Uzun bir s\u00fcre yerle\u015fim g\u00f6rmesi nedeniyle Dilkaya H\u00f6y\u00fc\u011f\u00fc insanlar\u0131nda besin \u00fcretimi,t\u00fcketimi ve ekonomisi belki de ya\u015fam\u0131n en temel dinamiklerinden birisi olmu\u015ftur.Bu s\u00fcre\u00e7 do\u011fal olarak ya\u015fam kalitesinde \u00f6nemli bir yere sahip olan a\u011f\u0131z ve di\u015f sa\u011fl\u0131\u011f\u0131 sorunlar\u0131n\u0131 da beraberinde getirmi\u015ftir. <\/p>\n","protected":false},"excerpt":{"rendered":"<p>Uzun bir s\u00fcre yerle\u015fim g\u00f6rmesi nedeniyle Dilkaya H\u00f6y\u00fc\u011f\u00fc insanlar\u0131nda besin \u00fcretimi,t\u00fcketimi ve ekonomisi belki de ya\u015fam\u0131n en temel dinamiklerinden birisi olmu\u015ftur.Bu s\u00fcre\u00e7 do\u011fal olarak ya\u015fam kalitesinde<span class=\"excerpt-hellip\"> [\u2026]<\/span><\/p>\n","protected":false},"featured_media":0,"template":"","meta":{"_monsterinsights_skip_tracking":false,"_monsterinsights_sitenote_active":false,"_monsterinsights_sitenote_note":"","_monsterinsights_sitenote_category":0},"product_brand":[],"product_cat":[12370,12304],"product_tag":[],"class_list":{"0":"post-721891","1":"product","2":"type-product","3":"status-publish","5":"product_cat-arastirma-inceleme","6":"product_cat-tarih","7":"pa_cilt-ciltsiz","8":"pa_tur-kitap","9":"pa_yayinevi-bilgin-kultur-sanat","10":"pa_yazar-ahmet-cem-erkman","12":"first","13":"instock","14":"sale","15":"shipping-taxable","16":"purchasable","17":"product-type-simple"},"_links":{"self":[{"href":"https:\/\/roveyayinevi.com.tr\/index.php\/wp-json\/wp\/v2\/product\/721891","targetHints":{"allow":["GET"]}}],"collection":[{"href":"https:\/\/roveyayinevi.com.tr\/index.php\/wp-json\/wp\/v2\/product"}],"about":[{"href":"https:\/\/roveyayinevi.com.tr\/index.php\/wp-json\/wp\/v2\/types\/product"}],"wp:attachment":[{"href":"https:\/\/roveyayinevi.com.tr\/index.php\/wp-json\/wp\/v2\/media?parent=721891"}],"wp:term":[{"taxonomy":"product_brand","embeddable":true,"href":"https:\/\/roveyayinevi.com.tr\/index.php\/wp-json\/wp\/v2\/product_brand?post=721891"},{"taxonomy":"product_cat","embeddable":true,"href":"https:\/\/roveyayinevi.com.tr\/index.php\/wp-json\/wp\/v2\/product_cat?post=721891"},{"taxonomy":"product_tag","embeddable":true,"href":"https:\/\/roveyayinevi.com.tr\/index.php\/wp-json\/wp\/v2\/product_tag?post=721891"}],"curies":[{"name":"wp","href":"https:\/\/api.w.org\/{rel}","templated":true}]}}