{"id":721890,"date":"2025-08-27T18:56:17","date_gmt":"2025-08-27T15:56:17","guid":{"rendered":"https:\/\/roveyayinevi.com.tr\/index.php\/urun\/kuranin-din-dedigi\/"},"modified":"2026-04-16T02:29:48","modified_gmt":"2026-04-15T23:29:48","slug":"kuranin-din-dedigi","status":"publish","type":"product","link":"https:\/\/roveyayinevi.com.tr\/index.php\/urun\/kuranin-din-dedigi\/","title":{"rendered":"Kur\u2019an\u2019\u0131n \u201cDin\u201d Dedi\u011fi"},"content":{"rendered":"<p>\u0130slam toplumlar\u0131ndaki yerle\u015fik din alg\u0131s\u0131 ile Kur\u2019an\u2019daki \u201cdin\u201d tarifi aras\u0131nda ne yaz\u0131k ki art\u0131k hi\u00e7bir benzerlik kalmad\u0131. D\u00fcnya, \u00fcrk\u00fct\u00fcc\u00fc bir ak\u0131mla y\u00fczle\u015fiyor bug\u00fcn: \u0130slamofobi&#8230; G\u00fcn\u00fcm\u00fcz \u0130slam toplumlar\u0131nda g\u00f6zlenen gerilik, emperyalist g\u00fc\u00e7lerin bir s\u00f6m\u00fcr\u00fc alan\u0131na d\u00f6n\u00fc\u015ft\u00fc. S\u00f6zde \u0130slam ad\u0131na ger\u00e7ekle\u015ftirilen insanl\u0131k d\u0131\u015f\u0131 uygulamalar\u0131n temelinde, Kur\u2019an\u2019daki din tarifinden tamamen uzakla\u015f\u0131lm\u0131\u015f olunmas\u0131 yat\u0131yor. Prof. Dr. Muhammet Nur Do\u011fan\u2019\u0131n kaleme ald\u0131\u011f\u0131 KUR\u2019AN\u2019IN \u201cD\u0130N\u201d DED\u0130\u011e\u0130 art\u0131k bir \u00f6l\u00fcm kal\u0131m meselesi haline gelmi\u015f \u0130slamofobi tehdidinin perde arkas\u0131ndaki bilinmezlikleri ortaya \u00e7\u0131kard\u0131\u011f\u0131 gibi, Kur\u2019an\u2019daki sahih \u201cdin\u201d kavram\u0131n\u0131 etrafl\u0131ca ele al\u0131yor. Hastal\u0131kl\u0131 din alg\u0131s\u0131n\u0131n, Kur\u2019an\u2019daki din alg\u0131s\u0131yla nas\u0131l d\u00fczeltilmesi gerekti\u011finin alt\u0131n\u0131 kal\u0131n bir kalemle \u00e7iziyor. <\/p>\n","protected":false},"excerpt":{"rendered":"<p>\u0130slam toplumlar\u0131ndaki yerle\u015fik din alg\u0131s\u0131 ile Kur\u2019an\u2019daki \u201cdin\u201d tarifi aras\u0131nda ne yaz\u0131k ki art\u0131k hi\u00e7bir benzerlik kalmad\u0131. D\u00fcnya, \u00fcrk\u00fct\u00fcc\u00fc bir ak\u0131mla y\u00fczle\u015fiyor bug\u00fcn: \u0130slamofobi&#8230; G\u00fcn\u00fcm\u00fcz \u0130slam<span class=\"excerpt-hellip\"> [\u2026]<\/span><\/p>\n","protected":false},"featured_media":0,"template":"","meta":{"_monsterinsights_skip_tracking":false,"_monsterinsights_sitenote_active":false,"_monsterinsights_sitenote_note":"","_monsterinsights_sitenote_category":0},"product_brand":[],"product_cat":[12718,12719,15238],"product_tag":[],"class_list":{"0":"post-721890","1":"product","2":"type-product","3":"status-publish","5":"product_cat-din","6":"product_cat-islam","7":"product_cat-tasavvuf","8":"pa_cilt-ciltsiz","9":"pa_tur-kitap","10":"pa_yayinevi-destek-yayinlari","11":"pa_yazar-muhammet-nur-dogan","13":"first","14":"instock","15":"sale","16":"shipping-taxable","17":"purchasable","18":"product-type-simple"},"_links":{"self":[{"href":"https:\/\/roveyayinevi.com.tr\/index.php\/wp-json\/wp\/v2\/product\/721890","targetHints":{"allow":["GET"]}}],"collection":[{"href":"https:\/\/roveyayinevi.com.tr\/index.php\/wp-json\/wp\/v2\/product"}],"about":[{"href":"https:\/\/roveyayinevi.com.tr\/index.php\/wp-json\/wp\/v2\/types\/product"}],"wp:attachment":[{"href":"https:\/\/roveyayinevi.com.tr\/index.php\/wp-json\/wp\/v2\/media?parent=721890"}],"wp:term":[{"taxonomy":"product_brand","embeddable":true,"href":"https:\/\/roveyayinevi.com.tr\/index.php\/wp-json\/wp\/v2\/product_brand?post=721890"},{"taxonomy":"product_cat","embeddable":true,"href":"https:\/\/roveyayinevi.com.tr\/index.php\/wp-json\/wp\/v2\/product_cat?post=721890"},{"taxonomy":"product_tag","embeddable":true,"href":"https:\/\/roveyayinevi.com.tr\/index.php\/wp-json\/wp\/v2\/product_tag?post=721890"}],"curies":[{"name":"wp","href":"https:\/\/api.w.org\/{rel}","templated":true}]}}