{"id":721889,"date":"2025-08-27T18:56:16","date_gmt":"2025-08-27T15:56:16","guid":{"rendered":"https:\/\/roveyayinevi.com.tr\/index.php\/urun\/donusumun-sirli-kapilari\/"},"modified":"2026-04-03T02:36:06","modified_gmt":"2026-04-02T23:36:06","slug":"donusumun-sirli-kapilari","status":"publish","type":"product","link":"https:\/\/roveyayinevi.com.tr\/index.php\/urun\/donusumun-sirli-kapilari\/","title":{"rendered":"D\u00f6n\u00fc\u015f\u00fcm\u00fcn S\u0131rl\u0131 Kap\u0131lar\u0131"},"content":{"rendered":"<p>Rit\u00fceller, sirli dualar, sezgiler ve alg\u0131&#8230; Her biri d\u00f6n\u00fc\u015f\u00fcm\u00fcn s\u0131rl\u0131 kap\u0131lar\u0131n\u0131 a\u00e7acak olan anahtarlar&#8230; Peki ama nas\u0131l? D\u00f6n\u00fc\u015f\u00fcm, insan\u0131n g\u00fcnl\u00fck hayat\u0131nda \u00e7at\u0131\u015fmas\u0131z, kavgas\u0131z, korkusuz, hastal\u0131ks\u0131z ve kayg\u0131s\u0131z olma haline ula\u015fabilmesidir. Bu noktaya ula\u015fmak i\u00e7in verilen emeklerin i\u015flevselli\u011fi a\u00e7\u0131s\u0131ndan vesveseden, endi\u015feden ve ku\u015fkudan uzak kalabilmek \u00e7ok \u00f6nemli&#8230; Spirit\u00fcel enerji uzman\u0131 \u00d6zlem Dalk\u0131l\u0131\u00e7\u2019\u0131n kaleme ald\u0131\u011f\u0131 D\u00d6N\u00dc\u015e\u00dcM\u00dcN SIRLI KAPILARI hastal\u0131klar\u0131n nedenlerini anlamak, \u015fifaya ula\u015fmak, do\u011fru niyet etmeyi \u00f6\u011frenmek, ili\u015fkilerde ya\u015fanan \u00e7at\u0131\u015fmalar\u0131n nedenini fark etmek, do\u011fru davran\u0131\u015f ve d\u00fc\u015f\u00fcnce kal\u0131plar\u0131n\u0131 olu\u015fturmak, huzuru yakalamak, dualar\u0131n s\u0131rlar\u0131ndan ve esmalar\u0131n \u015fifas\u0131ndan yararlanmak, bilin\u00e7alt\u0131n\u0131 temizlemek, korkular\u0131n karmas\u0131ndan \u00f6zg\u00fcrle\u015fmek, bilin\u00e7alt\u0131 egzersizlerle kilo vermek, bedende, zihinde ve ruhta zinde kalmak \u00fczerine kurulmu\u015f, e\u015fsiz rit\u00fcellerle ve s\u0131rl\u0131 dualarla dolu bir bilgi kitab\u0131&#8230; <\/p>\n","protected":false},"excerpt":{"rendered":"<p>Rit\u00fceller, sirli dualar, sezgiler ve alg\u0131&#8230; Her biri d\u00f6n\u00fc\u015f\u00fcm\u00fcn s\u0131rl\u0131 kap\u0131lar\u0131n\u0131 a\u00e7acak olan anahtarlar&#8230; Peki ama nas\u0131l? D\u00f6n\u00fc\u015f\u00fcm, insan\u0131n g\u00fcnl\u00fck hayat\u0131nda \u00e7at\u0131\u015fmas\u0131z, kavgas\u0131z, korkusuz, hastal\u0131ks\u0131z ve<span class=\"excerpt-hellip\"> [\u2026]<\/span><\/p>\n","protected":false},"featured_media":0,"template":"","meta":{"_monsterinsights_skip_tracking":false,"_monsterinsights_sitenote_active":false,"_monsterinsights_sitenote_note":"","_monsterinsights_sitenote_category":0},"product_brand":[],"product_cat":[12364,12376],"product_tag":[],"class_list":{"0":"post-721889","1":"product","2":"type-product","3":"status-publish","5":"product_cat-genel-konular","6":"product_cat-kisisel-gelisim","7":"pa_cilt-ciltsiz","8":"pa_tur-kitap","9":"pa_yayinevi-destek-yayinlari","10":"pa_yazar-ozlem-dalkilic","12":"first","13":"instock","14":"sale","15":"shipping-taxable","16":"purchasable","17":"product-type-simple"},"_links":{"self":[{"href":"https:\/\/roveyayinevi.com.tr\/index.php\/wp-json\/wp\/v2\/product\/721889","targetHints":{"allow":["GET"]}}],"collection":[{"href":"https:\/\/roveyayinevi.com.tr\/index.php\/wp-json\/wp\/v2\/product"}],"about":[{"href":"https:\/\/roveyayinevi.com.tr\/index.php\/wp-json\/wp\/v2\/types\/product"}],"wp:attachment":[{"href":"https:\/\/roveyayinevi.com.tr\/index.php\/wp-json\/wp\/v2\/media?parent=721889"}],"wp:term":[{"taxonomy":"product_brand","embeddable":true,"href":"https:\/\/roveyayinevi.com.tr\/index.php\/wp-json\/wp\/v2\/product_brand?post=721889"},{"taxonomy":"product_cat","embeddable":true,"href":"https:\/\/roveyayinevi.com.tr\/index.php\/wp-json\/wp\/v2\/product_cat?post=721889"},{"taxonomy":"product_tag","embeddable":true,"href":"https:\/\/roveyayinevi.com.tr\/index.php\/wp-json\/wp\/v2\/product_tag?post=721889"}],"curies":[{"name":"wp","href":"https:\/\/api.w.org\/{rel}","templated":true}]}}