{"id":721888,"date":"2025-08-27T18:56:16","date_gmt":"2025-08-27T15:56:16","guid":{"rendered":"https:\/\/roveyayinevi.com.tr\/index.php\/urun\/cehennem-aci-cektigimiz-yer-degil-aci-cektigimizi-kimsenin-bilmedigi-yerdir\/"},"modified":"2026-04-16T02:29:48","modified_gmt":"2026-04-15T23:29:48","slug":"cehennem-aci-cektigimiz-yer-degil-aci-cektigimizi-kimsenin-bilmedigi-yerdir","status":"publish","type":"product","link":"https:\/\/roveyayinevi.com.tr\/index.php\/urun\/cehennem-aci-cektigimiz-yer-degil-aci-cektigimizi-kimsenin-bilmedigi-yerdir\/","title":{"rendered":"Cehennem Ac\u0131 C\u0327ektig\u0306imiz Yer Deg\u0306il Ac\u0131 C\u0327ektig\u0306imizi Kimsenin Bilmedig\u0306i Yerdir"},"content":{"rendered":"<p>Zaman ve mek\u00e2n \u00fcst\u00fc bir hakikat felsefesi: \u201cENE-L HAK&#8230;\u201d   Mevlana\u2019dan Yunus Emre\u2019ye, Spinoza\u2019dan Kant\u2019a, Nietzsche\u2019den Ficht\u2019e kadar d\u00fcnyaca \u00fcnl\u00fc b\u00fcy\u00fck d\u00fc\u015f\u00fcn\u00fcrlerin felsefi ak\u0131mlar\u0131na ilham kayna\u011f\u0131 olmu\u015f b\u00fcy\u00fck \u0130slam d\u00fc\u015f\u00fcn\u00fcr\u00fc Hallac-\u0131 Mansur\u2019un \u201cEne-l Hak\u201d felsefesi \u00fczerinden tarif etti\u011fi varl\u0131k, benlik, hi\u00e7lik ve yok olu\u015f kavramlar\u0131, y\u00fczlerce y\u0131ld\u0131r bilim, sanat, inan\u00e7 ve felsefe d\u00fcnyas\u0131na \u0131\u015f\u0131k tutmaya devam ediyor. <\/p>\n","protected":false},"excerpt":{"rendered":"<p>Zaman ve mek\u00e2n \u00fcst\u00fc bir hakikat felsefesi: \u201cENE-L HAK&#8230;\u201d Mevlana\u2019dan Yunus Emre\u2019ye, Spinoza\u2019dan Kant\u2019a, Nietzsche\u2019den Ficht\u2019e kadar d\u00fcnyaca \u00fcnl\u00fc b\u00fcy\u00fck d\u00fc\u015f\u00fcn\u00fcrlerin felsefi ak\u0131mlar\u0131na ilham kayna\u011f\u0131 olmu\u015f<span class=\"excerpt-hellip\"> [\u2026]<\/span><\/p>\n","protected":false},"featured_media":0,"template":"","meta":{"_monsterinsights_skip_tracking":false,"_monsterinsights_sitenote_active":false,"_monsterinsights_sitenote_note":"","_monsterinsights_sitenote_category":0},"product_brand":[],"product_cat":[12388,13555],"product_tag":[],"class_list":{"0":"post-721888","1":"product","2":"type-product","3":"status-publish","5":"product_cat-felsefe","6":"product_cat-genel-felsefe","7":"pa_cilt-ciltsiz","8":"pa_tur-kitap","9":"pa_yayinevi-destek-yayinlari","10":"pa_yazar-hallac-i-mansur","12":"first","13":"instock","14":"sale","15":"shipping-taxable","16":"purchasable","17":"product-type-simple"},"_links":{"self":[{"href":"https:\/\/roveyayinevi.com.tr\/index.php\/wp-json\/wp\/v2\/product\/721888","targetHints":{"allow":["GET"]}}],"collection":[{"href":"https:\/\/roveyayinevi.com.tr\/index.php\/wp-json\/wp\/v2\/product"}],"about":[{"href":"https:\/\/roveyayinevi.com.tr\/index.php\/wp-json\/wp\/v2\/types\/product"}],"wp:attachment":[{"href":"https:\/\/roveyayinevi.com.tr\/index.php\/wp-json\/wp\/v2\/media?parent=721888"}],"wp:term":[{"taxonomy":"product_brand","embeddable":true,"href":"https:\/\/roveyayinevi.com.tr\/index.php\/wp-json\/wp\/v2\/product_brand?post=721888"},{"taxonomy":"product_cat","embeddable":true,"href":"https:\/\/roveyayinevi.com.tr\/index.php\/wp-json\/wp\/v2\/product_cat?post=721888"},{"taxonomy":"product_tag","embeddable":true,"href":"https:\/\/roveyayinevi.com.tr\/index.php\/wp-json\/wp\/v2\/product_tag?post=721888"}],"curies":[{"name":"wp","href":"https:\/\/api.w.org\/{rel}","templated":true}]}}