{"id":721887,"date":"2025-08-27T18:56:15","date_gmt":"2025-08-27T15:56:15","guid":{"rendered":"https:\/\/roveyayinevi.com.tr\/index.php\/urun\/suna-kirac-kutuphanesi-yazmalar-katalogu-1-ciltli\/"},"modified":"2026-04-16T02:29:48","modified_gmt":"2026-04-15T23:29:48","slug":"suna-kirac-kutuphanesi-yazmalar-katalogu-1-ciltli","status":"publish","type":"product","link":"https:\/\/roveyayinevi.com.tr\/index.php\/urun\/suna-kirac-kutuphanesi-yazmalar-katalogu-1-ciltli\/","title":{"rendered":"Suna K\u0131ra\u00e7 K\u00fct\u00fcphanesi Yazmalar Katalo\u011fu 1 (Ciltli)"},"content":{"rendered":"<p>Ba\u011f\u0131\u015f ve sat\u0131n alma yoluyla Suna K\u0131ra\u00e7 K\u00fct\u00fcphanesi Nadir Eserler Koleksiyonu\u2019na dahil edilen 686 de\u011ferli yazma eser bulunmaktad\u0131r. Bu eserlerden 425 adetinin ayr\u0131nt\u0131l\u0131 tasfirlerine Yazmalar Katalo\u011fu\u2019nun ilk cildinde yer verilmi\u015ftir.Bu 331\u2019i T\u00fcrk\u00e7e, 61\u2019i Arap\u00e7a ve 24\u2019i Fars\u00e7a dillerinde yaz\u0131lm\u0131\u015f yazma eser T\u00fcrk k\u00fclt\u00fcr hayat\u0131n\u0131n farkl\u0131 alanlar\u0131nda birbirinden de\u011ferli \u00e7al\u0131\u015fmalar\u0131yla kal\u0131c\u0131 izler b\u0131rakan d\u00f6rt de\u011ferli bilim ve k\u00fclt\u00fcr insan\u0131n\u0131n Fuat Bayramo\u011flu, Midhat Sert, Josephine Powell ve \u015einasi Tekin\u2019in \u015fahsi k\u00fct\u00fcphanelerinden 1995 \u2013 2005 y\u0131llar\u0131 aras\u0131nda intikal etmi\u015f ve Katalog i\u00e7erisinde de kitap sahiplerine g\u00f6re bir d\u00fczen korunarak ait olduklar\u0131 b\u00fct\u00fcn\u00fcn i\u00e7inde g\u00f6r\u00fclebilmeleri hedeflenmi\u015ftir.Konusal olarak bak\u0131ld\u0131\u011f\u0131nda ise edebiyat ve Din (\u0130slam) a\u011f\u0131rl\u0131k g\u00f6sterse de tasavvuf, t\u0131p, tarih, astronomi, felsefe, matematik gibi pek \u00e7ok farkl\u0131 alandan de\u011fi\u015fken say\u0131larda yazman\u0131n koleksiyonda yer ald\u0131\u011f\u0131 g\u00f6r\u00fcl\u00fcr.Her yazma i\u00e7in haz\u0131rlanan tasfirde yazman\u0131n fiziki \u00f6zellikleri, temel k\u00fcnye bilgileri ve eserin ba\u015flang\u0131\u00e7 ve biti\u015f c\u00fcmleleri yer almaktad\u0131r. Yine bu tasfirlerde yazman\u0131n di\u011fer n\u00fcshalar\u0131na g\u00f6ndermeler yap\u0131lm\u0131\u015ft\u0131r.En sonda yer alan ayr\u0131nt\u0131l\u0131 dizinler Katalogda ge\u00e7en her t\u00fcrl\u00fc \u00f6zel isme rahatl\u0131kla ula\u015f\u0131labilecek \u015fekilde d\u00fczenlenmi\u015ftir. \u00d6zel isimler d\u0131\u015f\u0131nda telif ve istinsah tarihlerine ve dile g\u00f6re de dizinler bulunmaktad\u0131r.<\/p>\n","protected":false},"excerpt":{"rendered":"<p>Ba\u011f\u0131\u015f ve sat\u0131n alma yoluyla Suna K\u0131ra\u00e7 K\u00fct\u00fcphanesi Nadir Eserler Koleksiyonu\u2019na dahil edilen 686 de\u011ferli yazma eser bulunmaktad\u0131r. Bu eserlerden 425 adetinin ayr\u0131nt\u0131l\u0131 tasfirlerine Yazmalar Katalo\u011fu\u2019nun<span class=\"excerpt-hellip\"> [\u2026]<\/span><\/p>\n","protected":false},"featured_media":0,"template":"","meta":{"_monsterinsights_skip_tracking":false,"_monsterinsights_sitenote_active":false,"_monsterinsights_sitenote_note":"","_monsterinsights_sitenote_category":0},"product_brand":[],"product_cat":[13072,12291],"product_tag":[],"class_list":{"0":"post-721887","1":"product","2":"type-product","3":"status-publish","5":"product_cat-arastirma-inceleme-referans","6":"product_cat-edebiyat","7":"pa_cilt-ciltli","8":"pa_tur-kitap","9":"pa_yayinevi-koc-universitesi-yayinlari","10":"pa_yazar-ali-emre-ozyildirim","12":"first","13":"instock","14":"sale","15":"shipping-taxable","16":"purchasable","17":"product-type-simple"},"_links":{"self":[{"href":"https:\/\/roveyayinevi.com.tr\/index.php\/wp-json\/wp\/v2\/product\/721887","targetHints":{"allow":["GET"]}}],"collection":[{"href":"https:\/\/roveyayinevi.com.tr\/index.php\/wp-json\/wp\/v2\/product"}],"about":[{"href":"https:\/\/roveyayinevi.com.tr\/index.php\/wp-json\/wp\/v2\/types\/product"}],"wp:attachment":[{"href":"https:\/\/roveyayinevi.com.tr\/index.php\/wp-json\/wp\/v2\/media?parent=721887"}],"wp:term":[{"taxonomy":"product_brand","embeddable":true,"href":"https:\/\/roveyayinevi.com.tr\/index.php\/wp-json\/wp\/v2\/product_brand?post=721887"},{"taxonomy":"product_cat","embeddable":true,"href":"https:\/\/roveyayinevi.com.tr\/index.php\/wp-json\/wp\/v2\/product_cat?post=721887"},{"taxonomy":"product_tag","embeddable":true,"href":"https:\/\/roveyayinevi.com.tr\/index.php\/wp-json\/wp\/v2\/product_tag?post=721887"}],"curies":[{"name":"wp","href":"https:\/\/api.w.org\/{rel}","templated":true}]}}