{"id":721884,"date":"2025-08-27T18:56:13","date_gmt":"2025-08-27T15:56:13","guid":{"rendered":"https:\/\/roveyayinevi.com.tr\/index.php\/urun\/the-bro-code-kanka-kurallari\/"},"modified":"2026-04-16T02:29:48","modified_gmt":"2026-04-15T23:29:48","slug":"the-bro-code-kanka-kurallari","status":"publish","type":"product","link":"https:\/\/roveyayinevi.com.tr\/index.php\/urun\/the-bro-code-kanka-kurallari\/","title":{"rendered":"The Bro Code: Kanka Kurallar\u0131"},"content":{"rendered":"<p>Bilincinde olsak da olmasak da ya\u015famlar\u0131m\u0131z, sahiplendi\u011fimiz davran\u0131\u015fsal kurallar taraf\u0131ndan y\u00f6netiliyor. Bu kurallara kimileri ahlak diyor. Kimileri din diyor. Oysa kankalar, \u201cKanka Kurallar\u0131\u201d diyorlar.   Ge\u00e7mi\u015fte \u201cKanka Kurallar\u0131\u201d, ku\u015faktan ku\u015fa\u011fa aktar\u0131lan bir s\u00f6zl\u00fc gelenekti. Bu s\u00f6zl\u00fc gelene\u011fin temel ald\u0131\u011f\u0131 kutsal metinin asl\u0131, deniz seviyesinin iki kat alt\u0131nda kur\u015fun ge\u00e7irmez, vakumlanm\u0131\u015f bir odada korunmaktayd\u0131. Bu metinden s\u00f6zl\u00fc olarak aktar\u0131lan kurallar ku\u015faktan ku\u015fa\u011fa ve toplumdan topluma farkl\u0131la\u015fm\u0131\u015f fakat \u00f6z\u00fcn\u00fc korumu\u015ftu. Barney Stinson, \u201cKanka Kurallar\u0131\u201dn\u0131, bu kutsal metni temel alarak ve d\u00fcnyan\u0131n farkl\u0131 k\u00fclt\u00fcrlerinde ya\u015fayan bu s\u00f6zl\u00fc gelene\u011fin par\u00e7alar\u0131n\u0131 toplay\u0131p d\u00fczenleyerek ilk kez yaz\u0131ya aktard\u0131.   Her kanka, \u201cKanka Kurallar\u0131\u201dna uymakla m\u00fckelleftir. Bu nedenle her kanka, The Bro Code: Kanka Kurallar\u0131 kitab\u0131n\u0131 okumak ve gerekli durumlarda kitaba ba\u015fvurmak i\u00e7in saklamak zorundad\u0131r. Unutmay\u0131n, \u201cKural\u0131 bilmemek mazeret say\u0131lmaz.\u201d   \u201cStinson, kalemini nas\u0131l kullanaca\u011f\u0131n\u0131 \u00e7ok iyi biliyor.\u201d Pretty Boobs. Ayn\u0131 takside yolculuk yaparken imza alan \u00e7\u0131t\u0131r.   \u201cBa\u015flang\u0131\u00e7ta kitap olduk\u00e7a zor gibi g\u00f6r\u00fcn\u00fcyor. Stinson bu zorlu\u011fu dengeli bir matematik kullanarak ortadan kald\u0131r\u0131yor. O bir KANKA GURUSU!\u201d Andrew Bill. Pizza Denkleminde a\u00e7l\u0131k katsay\u0131s\u0131n\u0131 do\u011fru hesaplamay\u0131 ba\u015faran kanka.   \u201cBu kitab\u0131 okuduktan sonra kankamla aram\u0131zdaki t\u00fcm sorunlar \u00e7\u00f6z\u00fcld\u00fc. Hele \u201cO benimdir!\u201d ilkesi. K\u0131sa ama i\u015flevli bir ilke. Te\u015fekk\u00fcrler Stinson.\u201d Dick Swett. Zorunlu olarak soyad\u0131yla \u00e7a\u011fr\u0131lan kanka. <\/p>\n","protected":false},"excerpt":{"rendered":"<p>Bilincinde olsak da olmasak da ya\u015famlar\u0131m\u0131z, sahiplendi\u011fimiz davran\u0131\u015fsal kurallar taraf\u0131ndan y\u00f6netiliyor. Bu kurallara kimileri ahlak diyor. Kimileri din diyor. Oysa kankalar, \u201cKanka Kurallar\u0131\u201d diyorlar. Ge\u00e7mi\u015fte \u201cKanka<span class=\"excerpt-hellip\"> [\u2026]<\/span><\/p>\n","protected":false},"featured_media":0,"template":"","meta":{"_monsterinsights_skip_tracking":false,"_monsterinsights_sitenote_active":false,"_monsterinsights_sitenote_note":"","_monsterinsights_sitenote_category":0},"product_brand":[],"product_cat":[12291,14825],"product_tag":[],"class_list":{"0":"post-721884","1":"product","2":"type-product","3":"status-publish","5":"product_cat-edebiyat","6":"product_cat-mizah","7":"pa_cilt-ciltsiz","8":"pa_tur-kitap","9":"pa_yayinevi-kurukafa","10":"pa_yazar-barney-stinson-matt-kuhn","12":"first","13":"instock","14":"sale","15":"shipping-taxable","16":"purchasable","17":"product-type-simple"},"_links":{"self":[{"href":"https:\/\/roveyayinevi.com.tr\/index.php\/wp-json\/wp\/v2\/product\/721884","targetHints":{"allow":["GET"]}}],"collection":[{"href":"https:\/\/roveyayinevi.com.tr\/index.php\/wp-json\/wp\/v2\/product"}],"about":[{"href":"https:\/\/roveyayinevi.com.tr\/index.php\/wp-json\/wp\/v2\/types\/product"}],"wp:attachment":[{"href":"https:\/\/roveyayinevi.com.tr\/index.php\/wp-json\/wp\/v2\/media?parent=721884"}],"wp:term":[{"taxonomy":"product_brand","embeddable":true,"href":"https:\/\/roveyayinevi.com.tr\/index.php\/wp-json\/wp\/v2\/product_brand?post=721884"},{"taxonomy":"product_cat","embeddable":true,"href":"https:\/\/roveyayinevi.com.tr\/index.php\/wp-json\/wp\/v2\/product_cat?post=721884"},{"taxonomy":"product_tag","embeddable":true,"href":"https:\/\/roveyayinevi.com.tr\/index.php\/wp-json\/wp\/v2\/product_tag?post=721884"}],"curies":[{"name":"wp","href":"https:\/\/api.w.org\/{rel}","templated":true}]}}