{"id":721879,"date":"2025-08-27T18:56:09","date_gmt":"2025-08-27T15:56:09","guid":{"rendered":"https:\/\/roveyayinevi.com.tr\/index.php\/urun\/dikkat-eksikligi-ve-hiperaktivite-bozukluklari\/"},"modified":"2026-04-16T02:29:48","modified_gmt":"2026-04-15T23:29:48","slug":"dikkat-eksikligi-ve-hiperaktivite-bozukluklari","status":"publish","type":"product","link":"https:\/\/roveyayinevi.com.tr\/index.php\/urun\/dikkat-eksikligi-ve-hiperaktivite-bozukluklari\/","title":{"rendered":"Dikkat Eksikli\u011fi ve Hiperaktivite Bozukluklar\u0131"},"content":{"rendered":"<p>Kitap toplam 9 dokuz b\u00f6l\u00fcmden olu\u015fmaktad\u0131r. Birinci b\u00f6l\u00fcmde dikkat eksikli\u011fi ve hiperaktivitesi olan bireyler hakk\u0131nda genel bilgilere yer verilmi\u015ftir. \u0130kinci b\u00f6l\u00fcmde ise geli\u015fim \u00f6zellikleri, \u00fc\u00e7\u00fcnc\u00fc b\u00f6l\u00fcmde dikkat eksikli\u011fi ve hiperaktivite bozuklu\u011funa e\u015flik eden yetersizlik gruplar\u0131, d\u00f6rd\u00fcnc\u00fc b\u00f6l\u00fcmde ise e\u015flik eden psikiyatrik bozukluklar tan\u0131t\u0131lm\u0131\u015ft\u0131r. Be\u015finci b\u00f6l\u00fcmde dikkat eksikli\u011fi ve hiperaktivite bozuklu\u011funda tan\u0131lama ve de\u011ferlendirme, alt\u0131nc\u0131 b\u00f6l\u00fcmde davran\u0131\u015f y\u00f6netimi yedinci b\u00f6l\u00fcmde ise s\u0131n\u0131fta yap\u0131lmas\u0131 gereken d\u00fczenlemeler ve \u00f6\u011fretmenlere \u00f6neriler b\u00f6l\u00fcmleri yer almaktad\u0131r.Sekizinci b\u00f6l\u00fcmde dikkat eksikli\u011fi ve hiperaktivitesi olan bireylerin e\u011fitiminde kullan\u0131lan y\u00f6ntemler dokuzuncu ve son b\u00f6l\u00fcmde ise dikkat eksikli\u011fi ve hiperaktivitesi olan bireylerde kendini y\u00f6netme stratejilerine yer verilmi\u015ftir.<\/p>\n","protected":false},"excerpt":{"rendered":"<p>Kitap toplam 9 dokuz b\u00f6l\u00fcmden olu\u015fmaktad\u0131r. Birinci b\u00f6l\u00fcmde dikkat eksikli\u011fi ve hiperaktivitesi olan bireyler hakk\u0131nda genel bilgilere yer verilmi\u015ftir. \u0130kinci b\u00f6l\u00fcmde ise geli\u015fim \u00f6zellikleri, \u00fc\u00e7\u00fcnc\u00fc b\u00f6l\u00fcmde<span class=\"excerpt-hellip\"> [\u2026]<\/span><\/p>\n","protected":false},"featured_media":0,"template":"","meta":{"_monsterinsights_skip_tracking":false,"_monsterinsights_sitenote_active":false,"_monsterinsights_sitenote_note":"","_monsterinsights_sitenote_category":0},"product_brand":[],"product_cat":[12573,12566],"product_tag":[],"class_list":{"0":"post-721879","1":"product","2":"type-product","3":"status-publish","5":"product_cat-akademik-kitaplar","6":"product_cat-egitim","7":"pa_cilt-ciltsiz","8":"pa_tur-kitap","9":"pa_yayinevi-egiten-kitap","10":"pa_yazar-kolektif","12":"first","13":"instock","14":"sale","15":"shipping-taxable","16":"purchasable","17":"product-type-simple"},"_links":{"self":[{"href":"https:\/\/roveyayinevi.com.tr\/index.php\/wp-json\/wp\/v2\/product\/721879","targetHints":{"allow":["GET"]}}],"collection":[{"href":"https:\/\/roveyayinevi.com.tr\/index.php\/wp-json\/wp\/v2\/product"}],"about":[{"href":"https:\/\/roveyayinevi.com.tr\/index.php\/wp-json\/wp\/v2\/types\/product"}],"wp:attachment":[{"href":"https:\/\/roveyayinevi.com.tr\/index.php\/wp-json\/wp\/v2\/media?parent=721879"}],"wp:term":[{"taxonomy":"product_brand","embeddable":true,"href":"https:\/\/roveyayinevi.com.tr\/index.php\/wp-json\/wp\/v2\/product_brand?post=721879"},{"taxonomy":"product_cat","embeddable":true,"href":"https:\/\/roveyayinevi.com.tr\/index.php\/wp-json\/wp\/v2\/product_cat?post=721879"},{"taxonomy":"product_tag","embeddable":true,"href":"https:\/\/roveyayinevi.com.tr\/index.php\/wp-json\/wp\/v2\/product_tag?post=721879"}],"curies":[{"name":"wp","href":"https:\/\/api.w.org\/{rel}","templated":true}]}}