{"id":721878,"date":"2025-08-27T18:56:09","date_gmt":"2025-08-27T15:56:09","guid":{"rendered":"https:\/\/roveyayinevi.com.tr\/index.php\/urun\/meleklerin-payi-viski-tadim-defteri-ciltli\/"},"modified":"2026-04-16T02:29:48","modified_gmt":"2026-04-15T23:29:48","slug":"meleklerin-payi-viski-tadim-defteri-ciltli","status":"publish","type":"product","link":"https:\/\/roveyayinevi.com.tr\/index.php\/urun\/meleklerin-payi-viski-tadim-defteri-ciltli\/","title":{"rendered":"Meleklerin Pay\u0131 \u2013 Viski Tad\u0131m Defteri (Ciltli)"},"content":{"rendered":"<p>Viski ve distile i\u00e7kiler k\u00fclt\u00fcr\u00fc uzman\u0131 Dr. Burkay Adal\u0131\u011f\u2019\u0131n haz\u0131rlad\u0131\u011f\u0131 Meleklerin Pay\u0131 &#8211; Viski Tad\u0131m Defteri viski deneyiminizi kay\u0131t alt\u0131na alman\u0131z\u0131, viski k\u00fclt\u00fcr\u00fcn\u00fcz\u00fc geli\u015ftirmenizi ve daha bilin\u00e7li bir t\u00fcketici olman\u0131z\u0131 sa\u011flayacak. Pek \u00e7ok insan viski dendi\u011finde tek bir tat ve kokuya sahip bir i\u00e7kiyi d\u00fc\u015f\u00fcnse de asl\u0131nda farkl\u0131 viskilerin \u00e7ok \u00e7e\u015fitli koku ve damak profilleri var. \u0130\u00e7ti\u011finiz her \u015fi\u015fenin sizde yaratt\u0131\u011f\u0131 izlenimi bu deftere kaydetmek, arada bir eski notlar\u0131n\u0131z\u0131 ve puanlar\u0131n\u0131za geri d\u00f6n\u00fcp incelemek viski deneyiminizi bamba\u015fka bir noktaya ta\u015f\u0131yacak.Bu defterde viski tad\u0131m t\u00fcyolar\u0131n\u0131n yan\u0131 s\u0131ra T\u00fcrkiye\u2019nin ilk \u201cviski tad\u0131m \u00e7ark\u0131\u201dn\u0131 da bulacaks\u0131n\u0131z. Pratik ve ak\u0131lc\u0131 tasar\u0131m\u0131yla not tutmay\u0131 kolayla\u015ft\u0131ran Meleklerin Pay\u0131 &#8211; Viski Tad\u0131m Defteri, yan\u0131n\u0131zdan ay\u0131ramayaca\u011f\u0131n\u0131z \u201cviski haf\u0131zan\u0131z\u201d olacak. <\/p>\n","protected":false},"excerpt":{"rendered":"<p>Viski ve distile i\u00e7kiler k\u00fclt\u00fcr\u00fc uzman\u0131 Dr. Burkay Adal\u0131\u011f\u2019\u0131n haz\u0131rlad\u0131\u011f\u0131 Meleklerin Pay\u0131 &#8211; Viski Tad\u0131m Defteri viski deneyiminizi kay\u0131t alt\u0131na alman\u0131z\u0131, viski k\u00fclt\u00fcr\u00fcn\u00fcz\u00fc geli\u015ftirmenizi ve daha<span class=\"excerpt-hellip\"> [\u2026]<\/span><\/p>\n","protected":false},"featured_media":0,"template":"","meta":{"_monsterinsights_skip_tracking":false,"_monsterinsights_sitenote_active":false,"_monsterinsights_sitenote_note":"","_monsterinsights_sitenote_category":0},"product_brand":[],"product_cat":[28265,15563],"product_tag":[],"class_list":{"0":"post-721878","1":"product","2":"type-product","3":"status-publish","5":"product_cat-diger-hobi","6":"product_cat-hobi","7":"pa_cilt-ciltli","8":"pa_tur-kitap","9":"pa_yayinevi-epsilon-yayinlari","10":"pa_yazar-burkay-adalig","12":"first","13":"instock","14":"sale","15":"shipping-taxable","16":"purchasable","17":"product-type-simple"},"_links":{"self":[{"href":"https:\/\/roveyayinevi.com.tr\/index.php\/wp-json\/wp\/v2\/product\/721878","targetHints":{"allow":["GET"]}}],"collection":[{"href":"https:\/\/roveyayinevi.com.tr\/index.php\/wp-json\/wp\/v2\/product"}],"about":[{"href":"https:\/\/roveyayinevi.com.tr\/index.php\/wp-json\/wp\/v2\/types\/product"}],"wp:attachment":[{"href":"https:\/\/roveyayinevi.com.tr\/index.php\/wp-json\/wp\/v2\/media?parent=721878"}],"wp:term":[{"taxonomy":"product_brand","embeddable":true,"href":"https:\/\/roveyayinevi.com.tr\/index.php\/wp-json\/wp\/v2\/product_brand?post=721878"},{"taxonomy":"product_cat","embeddable":true,"href":"https:\/\/roveyayinevi.com.tr\/index.php\/wp-json\/wp\/v2\/product_cat?post=721878"},{"taxonomy":"product_tag","embeddable":true,"href":"https:\/\/roveyayinevi.com.tr\/index.php\/wp-json\/wp\/v2\/product_tag?post=721878"}],"curies":[{"name":"wp","href":"https:\/\/api.w.org\/{rel}","templated":true}]}}