{"id":721877,"date":"2025-08-27T18:56:08","date_gmt":"2025-08-27T15:56:08","guid":{"rendered":"https:\/\/roveyayinevi.com.tr\/index.php\/urun\/mutlulugu-yaratmak\/"},"modified":"2026-04-13T02:36:34","modified_gmt":"2026-04-12T23:36:34","slug":"mutlulugu-yaratmak","status":"publish","type":"product","link":"https:\/\/roveyayinevi.com.tr\/index.php\/urun\/mutlulugu-yaratmak\/","title":{"rendered":"Mutlulu\u011fu Yaratmak"},"content":{"rendered":"<p>Mutluluk; \u015eu anda, \u015fimdi ald\u0131\u011f\u0131m\u0131z nefes, G\u00f6ky\u00fcz\u00fcnde u\u00e7an ku\u015f, Y\u00fcr\u00fcmemize yard\u0131m eden ayaklar\u0131m\u0131z, G\u00f6rmemizi sa\u011flayan g\u00f6zlerimiz, Sevdiklerimizin s\u0131cak g\u00fcl\u00fc\u015f\u00fc, Y\u00fcz\u00fcm\u00fcze \u00e7arpan \u0131l\u0131k r\u00fczg\u00e2r, Ve i\u00e7ti\u011fimiz bir bardak su i\u00e7in hissetti\u011fimiz tarif edilmez \u015f\u00fckran duygusudur.   CanevTatar; mutlu olmak, payla\u015fmak, korkular, ili\u015fkiler, an\u2019da kalmak ve bir olmak \u00fczerine \u00f6zg\u00fcn, yal\u0131n ve e\u015fsiz bir yolculu\u011fa \u00e7\u0131kar\u0131yor okuru. Ve diyor ki; mutlulu\u011fu arayabilir, yaratabilir, ya\u015fayabiliriz\u2026 <\/p>\n","protected":false},"excerpt":{"rendered":"<p>Mutluluk; \u015eu anda, \u015fimdi ald\u0131\u011f\u0131m\u0131z nefes, G\u00f6ky\u00fcz\u00fcnde u\u00e7an ku\u015f, Y\u00fcr\u00fcmemize yard\u0131m eden ayaklar\u0131m\u0131z, G\u00f6rmemizi sa\u011flayan g\u00f6zlerimiz, Sevdiklerimizin s\u0131cak g\u00fcl\u00fc\u015f\u00fc, Y\u00fcz\u00fcm\u00fcze \u00e7arpan \u0131l\u0131k r\u00fczg\u00e2r, Ve i\u00e7ti\u011fimiz bir<span class=\"excerpt-hellip\"> [\u2026]<\/span><\/p>\n","protected":false},"featured_media":0,"template":"","meta":{"_monsterinsights_skip_tracking":false,"_monsterinsights_sitenote_active":false,"_monsterinsights_sitenote_note":"","_monsterinsights_sitenote_category":0},"product_brand":[],"product_cat":[12364,12376],"product_tag":[],"class_list":{"0":"post-721877","1":"product","2":"type-product","3":"status-publish","5":"product_cat-genel-konular","6":"product_cat-kisisel-gelisim","7":"pa_cilt-ciltsiz","8":"pa_tur-kitap","9":"pa_yayinevi-libros-yayinlari","10":"pa_yazar-canev-tatar","12":"first","13":"instock","14":"sale","15":"shipping-taxable","16":"purchasable","17":"product-type-simple"},"_links":{"self":[{"href":"https:\/\/roveyayinevi.com.tr\/index.php\/wp-json\/wp\/v2\/product\/721877","targetHints":{"allow":["GET"]}}],"collection":[{"href":"https:\/\/roveyayinevi.com.tr\/index.php\/wp-json\/wp\/v2\/product"}],"about":[{"href":"https:\/\/roveyayinevi.com.tr\/index.php\/wp-json\/wp\/v2\/types\/product"}],"wp:attachment":[{"href":"https:\/\/roveyayinevi.com.tr\/index.php\/wp-json\/wp\/v2\/media?parent=721877"}],"wp:term":[{"taxonomy":"product_brand","embeddable":true,"href":"https:\/\/roveyayinevi.com.tr\/index.php\/wp-json\/wp\/v2\/product_brand?post=721877"},{"taxonomy":"product_cat","embeddable":true,"href":"https:\/\/roveyayinevi.com.tr\/index.php\/wp-json\/wp\/v2\/product_cat?post=721877"},{"taxonomy":"product_tag","embeddable":true,"href":"https:\/\/roveyayinevi.com.tr\/index.php\/wp-json\/wp\/v2\/product_tag?post=721877"}],"curies":[{"name":"wp","href":"https:\/\/api.w.org\/{rel}","templated":true}]}}