{"id":721876,"date":"2025-08-27T18:56:08","date_gmt":"2025-08-27T15:56:08","guid":{"rendered":"https:\/\/roveyayinevi.com.tr\/index.php\/urun\/farsca-turkce-turkce-farsca-universal-sozluk\/"},"modified":"2026-04-16T02:29:47","modified_gmt":"2026-04-15T23:29:47","slug":"farsca-turkce-turkce-farsca-universal-sozluk","status":"publish","type":"product","link":"https:\/\/roveyayinevi.com.tr\/index.php\/urun\/farsca-turkce-turkce-farsca-universal-sozluk\/","title":{"rendered":"Fars\u00e7a &#8211; T\u00fcrk\u00e7e \/ T\u00fcrk\u00e7e &#8211; Fars\u00e7a Universal S\u00f6zl\u00fck"},"content":{"rendered":"<p>Bu S\u00f6zl\u00fck temel s\u00f6z val\u0131\u011f\u0131na g\u00f6re haz\u0131rlanm\u0131\u015ft\u0131r . \u0130\u00e7inde en \u00e7ok kullan\u0131lan s\u00f6zc\u00fckler bulunmaktad\u0131r. Giri\u015fte Fars\u00e7a dilbilgisinin bir \u00f6zeti verilmi\u015ftir. S\u00f6zl\u00fck Fars\u00e7a \u2013T\u00fcrk\u00e7e Ve T\u00fcrk\u00e7e \u2013Fars\u00e7a olmak \u00fczere iki b\u00f6l\u00fcmden olu\u015fmaktad\u0131r. Son Zamanlarda dilimize giren b\u00fct\u00fcn yeni s\u00f6zc\u00fckler ve bilgisayar  terimleri bu s\u00f6zl\u00fckte yer almaktad\u0131r. Fars\u00e7a \u00f6\u011frenen ya da Fars\u00e7as\u0131n\u0131 geli\u015ftirmek isteyenlerin her t\u00fcrl\u00fc ihtiyac\u0131n\u0131 kar\u015f\u0131layabilecek niteliktedir. Hem boyut hem de i\u00e7erik olarak okulda,evde,i\u015fte,seyahatte, g\u00fcnl\u00fck hayat\u0131n her alan\u0131nda kullan\u0131ma elveri\u015flidir. <\/p>\n","protected":false},"excerpt":{"rendered":"<p>Bu S\u00f6zl\u00fck temel s\u00f6z val\u0131\u011f\u0131na g\u00f6re haz\u0131rlanm\u0131\u015ft\u0131r . \u0130\u00e7inde en \u00e7ok kullan\u0131lan s\u00f6zc\u00fckler bulunmaktad\u0131r. Giri\u015fte Fars\u00e7a dilbilgisinin bir \u00f6zeti verilmi\u015ftir. S\u00f6zl\u00fck Fars\u00e7a \u2013T\u00fcrk\u00e7e Ve T\u00fcrk\u00e7e \u2013Fars\u00e7a<span class=\"excerpt-hellip\"> [\u2026]<\/span><\/p>\n","protected":false},"featured_media":0,"template":"","meta":{"_monsterinsights_skip_tracking":false,"_monsterinsights_sitenote_active":false,"_monsterinsights_sitenote_note":"","_monsterinsights_sitenote_category":0},"product_brand":[],"product_cat":[12566,21319,13611],"product_tag":[],"class_list":{"0":"post-721876","1":"product","2":"type-product","3":"status-publish","5":"product_cat-egitim","6":"product_cat-farsca-sozlukler","7":"product_cat-sozlukler-ve-konusma-kilavuzlari","8":"pa_tur-kitap","9":"pa_yayinevi-engin-yayinevi","10":"pa_yazar-umit-gedik-can-kaygin","12":"first","13":"instock","14":"sale","15":"shipping-taxable","16":"purchasable","17":"product-type-simple"},"_links":{"self":[{"href":"https:\/\/roveyayinevi.com.tr\/index.php\/wp-json\/wp\/v2\/product\/721876","targetHints":{"allow":["GET"]}}],"collection":[{"href":"https:\/\/roveyayinevi.com.tr\/index.php\/wp-json\/wp\/v2\/product"}],"about":[{"href":"https:\/\/roveyayinevi.com.tr\/index.php\/wp-json\/wp\/v2\/types\/product"}],"wp:attachment":[{"href":"https:\/\/roveyayinevi.com.tr\/index.php\/wp-json\/wp\/v2\/media?parent=721876"}],"wp:term":[{"taxonomy":"product_brand","embeddable":true,"href":"https:\/\/roveyayinevi.com.tr\/index.php\/wp-json\/wp\/v2\/product_brand?post=721876"},{"taxonomy":"product_cat","embeddable":true,"href":"https:\/\/roveyayinevi.com.tr\/index.php\/wp-json\/wp\/v2\/product_cat?post=721876"},{"taxonomy":"product_tag","embeddable":true,"href":"https:\/\/roveyayinevi.com.tr\/index.php\/wp-json\/wp\/v2\/product_tag?post=721876"}],"curies":[{"name":"wp","href":"https:\/\/api.w.org\/{rel}","templated":true}]}}