{"id":721874,"date":"2025-08-27T18:56:07","date_gmt":"2025-08-27T15:56:07","guid":{"rendered":"https:\/\/roveyayinevi.com.tr\/index.php\/urun\/rusca-turkce-turkce-rusca-standart-sozluk\/"},"modified":"2026-04-16T02:29:47","modified_gmt":"2026-04-15T23:29:47","slug":"rusca-turkce-turkce-rusca-standart-sozluk","status":"publish","type":"product","link":"https:\/\/roveyayinevi.com.tr\/index.php\/urun\/rusca-turkce-turkce-rusca-standart-sozluk\/","title":{"rendered":"Rus\u00e7a &#8211; T\u00fcrk\u00e7e \/ T\u00fcrk\u00e7e &#8211; Rus\u00e7a Standart S\u00f6zl\u00fck"},"content":{"rendered":"<p>Bu S\u00f6zl\u00fck temel s\u00f6z val\u0131\u011f\u0131na g\u00f6re haz\u0131rlanm\u0131\u015ft\u0131r . \u0130\u00e7inde en \u00e7ok kullan\u0131lan s\u00f6zc\u00fckler bulunmaktad\u0131r.Giri\u015fte Rus\u00e7a dilbilgisinin bir \u00f6zeti verilmi\u015ftir.S\u00f6zl\u00fck Rus\u00e7a \u2013T\u00fcrk\u00e7e Ve T\u00fcrk\u00e7e \u2013Rus\u00e7a olmak \u00fczere iki b\u00f6l\u00fcmden olu\u015fmaktad\u0131r.Son Zamanlarda dilimize giren b\u00fct\u00fcn yeni s\u00f6zc\u00fckler ve bilgisayar terimleri bu s\u00f6zl\u00fckte yer almaktad\u0131r.Rus\u00e7a \u00f6\u011frenen ya da Rus\u00e7as\u0131n\u0131 geli\u015ftirmek isteyenlerin her t\u00fcrl\u00fc ihtiyac\u0131n\u0131 kar\u015f\u0131layabilecek niteliktedir.<\/p>\n","protected":false},"excerpt":{"rendered":"<p>Bu S\u00f6zl\u00fck temel s\u00f6z val\u0131\u011f\u0131na g\u00f6re haz\u0131rlanm\u0131\u015ft\u0131r . \u0130\u00e7inde en \u00e7ok kullan\u0131lan s\u00f6zc\u00fckler bulunmaktad\u0131r.Giri\u015fte Rus\u00e7a dilbilgisinin bir \u00f6zeti verilmi\u015ftir.S\u00f6zl\u00fck Rus\u00e7a \u2013T\u00fcrk\u00e7e Ve T\u00fcrk\u00e7e \u2013Rus\u00e7a olmak \u00fczere<span class=\"excerpt-hellip\"> [\u2026]<\/span><\/p>\n","protected":false},"featured_media":0,"template":"","meta":{"_monsterinsights_skip_tracking":false,"_monsterinsights_sitenote_active":false,"_monsterinsights_sitenote_note":"","_monsterinsights_sitenote_category":0},"product_brand":[],"product_cat":[12566,24141,13611],"product_tag":[],"class_list":{"0":"post-721874","1":"product","2":"type-product","3":"status-publish","5":"product_cat-egitim","6":"product_cat-rusca-sozlukler","7":"product_cat-sozlukler-ve-konusma-kilavuzlari","8":"pa_cilt-ciltsiz","9":"pa_tur-kitap","10":"pa_yayinevi-engin-yayinevi","11":"pa_yazar-arzu-zengin","13":"first","14":"instock","15":"sale","16":"shipping-taxable","17":"purchasable","18":"product-type-simple"},"_links":{"self":[{"href":"https:\/\/roveyayinevi.com.tr\/index.php\/wp-json\/wp\/v2\/product\/721874","targetHints":{"allow":["GET"]}}],"collection":[{"href":"https:\/\/roveyayinevi.com.tr\/index.php\/wp-json\/wp\/v2\/product"}],"about":[{"href":"https:\/\/roveyayinevi.com.tr\/index.php\/wp-json\/wp\/v2\/types\/product"}],"wp:attachment":[{"href":"https:\/\/roveyayinevi.com.tr\/index.php\/wp-json\/wp\/v2\/media?parent=721874"}],"wp:term":[{"taxonomy":"product_brand","embeddable":true,"href":"https:\/\/roveyayinevi.com.tr\/index.php\/wp-json\/wp\/v2\/product_brand?post=721874"},{"taxonomy":"product_cat","embeddable":true,"href":"https:\/\/roveyayinevi.com.tr\/index.php\/wp-json\/wp\/v2\/product_cat?post=721874"},{"taxonomy":"product_tag","embeddable":true,"href":"https:\/\/roveyayinevi.com.tr\/index.php\/wp-json\/wp\/v2\/product_tag?post=721874"}],"curies":[{"name":"wp","href":"https:\/\/api.w.org\/{rel}","templated":true}]}}