{"id":721873,"date":"2025-08-27T18:56:06","date_gmt":"2025-08-27T15:56:06","guid":{"rendered":"https:\/\/roveyayinevi.com.tr\/index.php\/urun\/kuantum-teorisi\/"},"modified":"2026-04-16T02:29:47","modified_gmt":"2026-04-15T23:29:47","slug":"kuantum-teorisi","status":"publish","type":"product","link":"https:\/\/roveyayinevi.com.tr\/index.php\/urun\/kuantum-teorisi\/","title":{"rendered":"Kuantum Teorisi"},"content":{"rendered":"<p>Kuantum Teorisi bilimin en heyecan verici, zorlay\u0131c\u0131 ve h\u00e2l\u00e2 gizemini koruyan alanlar\u0131ndan biridir. 20. yu\u0308zy\u0131l ba\u015flar\u0131na gelindi\u011finde, Planck, Einstein, Bohr, Heisenberg ve Schr\u00f6dinger gibi bilim insanlar\u0131, \u201cklasik\u201d fizi\u011fin \u2013yani okulda \u00f6\u011frendi\u011fimiz temel fizik kurallar\u0131n\u0131n\u2013 temel varsay\u0131mlar\u0131n\u0131 yok edecekmi\u015f gibi g\u00f6ru\u0308nen tuhaf ve zorlu paradokslar\u0131 \u00e7\u00f6zmeye ba\u015flad\u0131lar. \u00d6rne\u011fin atomalt\u0131 seviyede, bir par\u00e7ac\u0131k \u00f6teki par\u00e7ac\u0131klar\u0131n ne yapt\u0131\u011f\u0131n\u0131 biliyor gibiydi. Heisenberg\u2019in belirsizlik ilkesine g\u00f6reyse do\u011fan\u0131n ne kadar kesin bir \u015fekilde g\u00f6zlemlenebilece\u011finin bir s\u0131n\u0131r\u0131 vard\u0131. Sonu\u00e7ta, Kuantum Teorisinin getirdi\u011fi a\u00e7\u0131klamalar beklenenden \u00e7ok daha isabetliydi; u\u0308stelik kimya ve fizi\u011fin neredeyse tu\u0308m alanlar\u0131na uygulanabiliyordu.   \u0130\u015fte Kuantum Teorisi de bu\u0308tu\u0308n bu geli\u015fmeleri ad\u0131m ad\u0131m ilerleyerek ve Bohr\u2019un \u201cKopenhag yorumu\u201dna y\u00f6neltilen ve bugu\u0308n h\u00e2l\u00e2 cevab\u0131 verilmemi\u015f sorulardan dalga\/par\u00e7ac\u0131k ikili\u011fine kadar teoriyi bu\u0308tu\u0308n y\u00f6nleriyle ele al\u0131yor. <\/p>\n","protected":false},"excerpt":{"rendered":"<p>Kuantum Teorisi bilimin en heyecan verici, zorlay\u0131c\u0131 ve h\u00e2l\u00e2 gizemini koruyan alanlar\u0131ndan biridir. 20. yu\u0308zy\u0131l ba\u015flar\u0131na gelindi\u011finde, Planck, Einstein, Bohr, Heisenberg ve Schr\u00f6dinger gibi bilim insanlar\u0131,<span class=\"excerpt-hellip\"> [\u2026]<\/span><\/p>\n","protected":false},"featured_media":0,"template":"","meta":{"_monsterinsights_skip_tracking":false,"_monsterinsights_sitenote_active":false,"_monsterinsights_sitenote_note":"","_monsterinsights_sitenote_category":0},"product_brand":[],"product_cat":[13005,13006],"product_tag":[],"class_list":{"0":"post-721873","1":"product","2":"type-product","3":"status-publish","5":"product_cat-bilim-muhendislik","6":"product_cat-populer-bilim","7":"pa_cilt-ciltsiz","8":"pa_tur-kitap","9":"pa_yayinevi-say-yayinlari","10":"pa_yazar-j-p-mcevoy-oscar-zarate","12":"first","13":"instock","14":"sale","15":"shipping-taxable","16":"purchasable","17":"product-type-simple"},"_links":{"self":[{"href":"https:\/\/roveyayinevi.com.tr\/index.php\/wp-json\/wp\/v2\/product\/721873","targetHints":{"allow":["GET"]}}],"collection":[{"href":"https:\/\/roveyayinevi.com.tr\/index.php\/wp-json\/wp\/v2\/product"}],"about":[{"href":"https:\/\/roveyayinevi.com.tr\/index.php\/wp-json\/wp\/v2\/types\/product"}],"wp:attachment":[{"href":"https:\/\/roveyayinevi.com.tr\/index.php\/wp-json\/wp\/v2\/media?parent=721873"}],"wp:term":[{"taxonomy":"product_brand","embeddable":true,"href":"https:\/\/roveyayinevi.com.tr\/index.php\/wp-json\/wp\/v2\/product_brand?post=721873"},{"taxonomy":"product_cat","embeddable":true,"href":"https:\/\/roveyayinevi.com.tr\/index.php\/wp-json\/wp\/v2\/product_cat?post=721873"},{"taxonomy":"product_tag","embeddable":true,"href":"https:\/\/roveyayinevi.com.tr\/index.php\/wp-json\/wp\/v2\/product_tag?post=721873"}],"curies":[{"name":"wp","href":"https:\/\/api.w.org\/{rel}","templated":true}]}}