{"id":721871,"date":"2025-08-27T18:56:04","date_gmt":"2025-08-27T15:56:04","guid":{"rendered":"https:\/\/roveyayinevi.com.tr\/index.php\/urun\/frezya\/"},"modified":"2026-04-16T02:29:47","modified_gmt":"2026-04-15T23:29:47","slug":"frezya","status":"publish","type":"product","link":"https:\/\/roveyayinevi.com.tr\/index.php\/urun\/frezya\/","title":{"rendered":"Frezya"},"content":{"rendered":"<p>K\u0131r\u0131l\u0131p Ka\u00e7maya \u00c7al\u0131\u015fan, I\u00e7imizde Sakl\u0131 T\u00fcm Umutlara Merhaba&#8230; \u015eimdi Ne S\u00f6yleyecek Bir Kelimen Var Ne De Kendini Ifade Edebilece\u011fin Bir His. Y\u00fcr\u00fcd\u00fc\u011f\u00fcn\u00fcz Yollara D\u00f6n\u00fcp Bak\u0131yorsun. Ka\u00e7maktan Vazge\u00e7iyorsun. Ka\u00e7mak, Tutsak Olmak&#8230; Sessizce Bulundu\u011fun Yere Oturuyorsun. Belki De Durdu\u011fun Yer Do\u011fru Durak. Bekliyorsun. Bir I\u015f\u0131k Beliriyor, Elindeki Biletin Tam Saati. Neden Olmas\u0131n? Basamaklar\u0131 Birer Birer \u00c7\u0131k\u0131p Koltu\u011funa Oturuyorsun. Yeni Bir Yola Giriyorsun Ve O An Hayat\u0131n I\u00e7ini Bir Umut Sar\u0131yor. Ka\u00e7t\u0131\u011f\u0131n Yollar\u0131n Sende B\u0131rakt\u0131\u011f\u0131 Izlere Bak\u0131p Kocaman G\u00fcl\u00fcms\u00fcyorsun. Dudaklar\u0131n, Yeni Bir Merhabaya Haz\u0131r Oldu\u011funu S\u00f6yl\u00fcyor Art\u0131k. Merhaba\u2026<\/p>\n","protected":false},"excerpt":{"rendered":"<p>K\u0131r\u0131l\u0131p Ka\u00e7maya \u00c7al\u0131\u015fan, I\u00e7imizde Sakl\u0131 T\u00fcm Umutlara Merhaba&#8230; \u015eimdi Ne S\u00f6yleyecek Bir Kelimen Var Ne De Kendini Ifade Edebilece\u011fin Bir His. Y\u00fcr\u00fcd\u00fc\u011f\u00fcn\u00fcz Yollara D\u00f6n\u00fcp Bak\u0131yorsun. Ka\u00e7maktan<span class=\"excerpt-hellip\"> [\u2026]<\/span><\/p>\n","protected":false},"featured_media":0,"template":"","meta":{"_monsterinsights_skip_tracking":false,"_monsterinsights_sitenote_active":false,"_monsterinsights_sitenote_note":"","_monsterinsights_sitenote_category":0},"product_brand":[],"product_cat":[12777,12291],"product_tag":[],"class_list":{"0":"post-721871","1":"product","2":"type-product","3":"status-publish","5":"product_cat-deneme","6":"product_cat-edebiyat","7":"pa_cilt-ciltsiz","8":"pa_tur-kitap","9":"pa_yayinevi-hayykitap","10":"pa_yazar-ezgi-hasret-bodur","12":"first","13":"instock","14":"sale","15":"shipping-taxable","16":"purchasable","17":"product-type-simple"},"_links":{"self":[{"href":"https:\/\/roveyayinevi.com.tr\/index.php\/wp-json\/wp\/v2\/product\/721871","targetHints":{"allow":["GET"]}}],"collection":[{"href":"https:\/\/roveyayinevi.com.tr\/index.php\/wp-json\/wp\/v2\/product"}],"about":[{"href":"https:\/\/roveyayinevi.com.tr\/index.php\/wp-json\/wp\/v2\/types\/product"}],"wp:attachment":[{"href":"https:\/\/roveyayinevi.com.tr\/index.php\/wp-json\/wp\/v2\/media?parent=721871"}],"wp:term":[{"taxonomy":"product_brand","embeddable":true,"href":"https:\/\/roveyayinevi.com.tr\/index.php\/wp-json\/wp\/v2\/product_brand?post=721871"},{"taxonomy":"product_cat","embeddable":true,"href":"https:\/\/roveyayinevi.com.tr\/index.php\/wp-json\/wp\/v2\/product_cat?post=721871"},{"taxonomy":"product_tag","embeddable":true,"href":"https:\/\/roveyayinevi.com.tr\/index.php\/wp-json\/wp\/v2\/product_tag?post=721871"}],"curies":[{"name":"wp","href":"https:\/\/api.w.org\/{rel}","templated":true}]}}