{"id":721869,"date":"2025-08-27T18:56:03","date_gmt":"2025-08-27T15:56:03","guid":{"rendered":"https:\/\/roveyayinevi.com.tr\/index.php\/urun\/matemin-rengi-ciltli\/"},"modified":"2026-04-16T02:29:47","modified_gmt":"2026-04-15T23:29:47","slug":"matemin-rengi-ciltli","status":"publish","type":"product","link":"https:\/\/roveyayinevi.com.tr\/index.php\/urun\/matemin-rengi-ciltli\/","title":{"rendered":"Matemin Rengi (Ciltli)"},"content":{"rendered":"<p>\u201cB\u00fcy\u00fc ve keder, sevgi ve kay\u0131p, saklanan ve ortaya \u00e7\u0131kan s\u0131rlar Emily X. R. Pan\u2019\u0131n ilk roman\u0131n\u0131 b\u00fct\u00fcn ihti\u015fam\u0131yla parlat\u0131yor.\u201d \u2014Gayle Forman, E\u011fer Ya\u015farsam ve Sen Gitti\u011finde\u2019nin \u00e7oksatan yazar\u0131   Leigh Chen Sanders bir \u015feyden emindi: Annesi, \u00f6l\u00fcnce bir ku\u015fa d\u00f6n\u00fc\u015fm\u00fc\u015ft\u00fc.   Annesi \u00f6ld\u00fckten sonraki gece Leigh, balkonlar\u0131nda gizemli bir kutu bulmu\u015ftu. Bir de yan\u0131nda k\u0131rm\u0131z\u0131 bir t\u00fcy. Ba\u015f\u0131n\u0131 kald\u0131rd\u0131\u011f\u0131nda o ku\u015fla kar\u015f\u0131la\u015ft\u0131. Bu ku\u015fun annesi oldu\u011fundan emindi. Leigh\u2019den, b\u00fcy\u00fckannesi ve b\u00fcy\u00fckbabas\u0131yla tan\u0131\u015fmak \u00fczere Tayvan\u2019a gitmesini istiyordu. Fakat Leigh oraya vard\u0131ktan sonra ku\u015fun geriye b\u0131rakt\u0131\u011f\u0131 di\u011fer ipu\u00e7lar\u0131n\u0131n pe\u015finde, nereye varaca\u011f\u0131n\u0131 anlamad\u0131\u011f\u0131 bir aray\u0131\u015fa \u00e7\u0131kacakt\u0131. Bu s\u0131rada ise annesi kendi can\u0131n\u0131 al\u0131rken yan\u0131nda olmad\u0131\u011f\u0131 ger\u00e7e\u011fiyle ba\u015fa \u00e7\u0131kmay\u0131 \u00f6\u011frenmesi ve annesi oldu\u011funu d\u00fc\u015f\u00fcnd\u00fc\u011f\u00fc ku\u015fu yakalamas\u0131 gerekecekti.   \u201cEmily X. R. Pan\u2019\u0131n ilk roman\u0131 sevginin ve matemin renklerini g\u00fczellik ve d\u00fcr\u00fcstl\u00fckle ele al\u0131yor. \u00c7ok \u00f6zel bir hik\u00e2ye.\u201d  \u2013John Green, Ayn\u0131 Y\u0131ld\u0131z\u0131n Alt\u0131nda ve Kaplumba\u011fa Kabu\u011funda D\u00fcnya\u2019n\u0131n \u00e7oksatan yazar\u0131   \u201cKederin inan\u0131lmaz, b\u00fcy\u00fcl\u00fc yolculu\u011fu y\u00fcre\u011fimin kanatlanmas\u0131n\u0131 sa\u011flad\u0131.\u201d \u2014Holly Black, Zalim Prens ve Magisterium G\u00fcm\u00fc\u015f Maske\u2019nin \u00e7oksatan yazar\u0131   \u201cKalbim hi\u00e7 bu kadar g\u00fczel bir \u015fekilde par\u00e7alanmam\u0131\u015ft\u0131. D\u00fcr\u00fcst ve muhte\u015fem bir ilk roman.\u201d \u2014Roshani Chokshi, Y\u0131ld\u0131zlara Sar\u0131l\u0131 Krali\u00e7e\u2019nin \u00e7oksatan yazar\u0131   \u201cEmily X. R. Pan bu ba\u015f d\u00f6nd\u00fcr\u00fcc\u00fc ilk romanda, sevgi, aile ve matem \u00fczerine, okurlar\u0131 b\u00fcy\u00fcleyecek bir roman kaleme alm\u0131\u015f.\u201d \u2014BUSTLE  <\/p>\n","protected":false},"excerpt":{"rendered":"<p>\u201cB\u00fcy\u00fc ve keder, sevgi ve kay\u0131p, saklanan ve ortaya \u00e7\u0131kan s\u0131rlar Emily X. R. Pan\u2019\u0131n ilk roman\u0131n\u0131 b\u00fct\u00fcn ihti\u015fam\u0131yla parlat\u0131yor.\u201d \u2014Gayle Forman, E\u011fer Ya\u015farsam ve Sen<span class=\"excerpt-hellip\"> [\u2026]<\/span><\/p>\n","protected":false},"featured_media":0,"template":"","meta":{"_monsterinsights_skip_tracking":false,"_monsterinsights_sitenote_active":false,"_monsterinsights_sitenote_note":"","_monsterinsights_sitenote_category":0},"product_brand":[],"product_cat":[12291,14777],"product_tag":[],"class_list":{"0":"post-721869","1":"product","2":"type-product","3":"status-publish","5":"product_cat-edebiyat","6":"product_cat-fantastik","7":"pa_cilt-ciltli","8":"pa_tur-kitap","9":"pa_yayinevi-epsilon-yayinlari","10":"pa_yazar-emily-x-r-pan","12":"first","13":"instock","14":"sale","15":"shipping-taxable","16":"purchasable","17":"product-type-simple"},"_links":{"self":[{"href":"https:\/\/roveyayinevi.com.tr\/index.php\/wp-json\/wp\/v2\/product\/721869","targetHints":{"allow":["GET"]}}],"collection":[{"href":"https:\/\/roveyayinevi.com.tr\/index.php\/wp-json\/wp\/v2\/product"}],"about":[{"href":"https:\/\/roveyayinevi.com.tr\/index.php\/wp-json\/wp\/v2\/types\/product"}],"wp:attachment":[{"href":"https:\/\/roveyayinevi.com.tr\/index.php\/wp-json\/wp\/v2\/media?parent=721869"}],"wp:term":[{"taxonomy":"product_brand","embeddable":true,"href":"https:\/\/roveyayinevi.com.tr\/index.php\/wp-json\/wp\/v2\/product_brand?post=721869"},{"taxonomy":"product_cat","embeddable":true,"href":"https:\/\/roveyayinevi.com.tr\/index.php\/wp-json\/wp\/v2\/product_cat?post=721869"},{"taxonomy":"product_tag","embeddable":true,"href":"https:\/\/roveyayinevi.com.tr\/index.php\/wp-json\/wp\/v2\/product_tag?post=721869"}],"curies":[{"name":"wp","href":"https:\/\/api.w.org\/{rel}","templated":true}]}}