{"id":721866,"date":"2025-08-27T18:56:00","date_gmt":"2025-08-27T15:56:00","guid":{"rendered":"https:\/\/roveyayinevi.com.tr\/index.php\/urun\/milli-mecmua-sayi-10-eylul-ekim-2019\/"},"modified":"2026-04-16T02:29:47","modified_gmt":"2026-04-15T23:29:47","slug":"milli-mecmua-sayi-10-eylul-ekim-2019","status":"publish","type":"product","link":"https:\/\/roveyayinevi.com.tr\/index.php\/urun\/milli-mecmua-sayi-10-eylul-ekim-2019\/","title":{"rendered":"Milli Mecmua Say\u0131 10 \/ Eyl\u00fcl &#8211; Ekim 2019"},"content":{"rendered":"<p>\u0130\u00e7indekiler:\u015eiirin Kadim Fonksiyonu \u00dczerine\u0130smail Orhan S\u00f6nmez&#8230;&#8230;&#8230;&#8230;&#8230;&#8230;&#8230;&#8230;&#8230;&#8230;&#8230;.06F\u00e2tih Sultan Mehmed\u2019in T\u00fcrk\u00e7e Sevd\u00e2s\u0131 ve Cem Sult\u00e2n\u2019\u0131n \u015eiire D\u00f6kt\u00fc\u011f\u00fc G\u00f6zya\u015flar\u0131Turgut G\u00fcler&#8230;&#8230;&#8230;&#8230;&#8230;&#8230;&#8230;&#8230;&#8230;&#8230;&#8230;.14Klasik T\u00fcrk \u015eiirinin Tasavvuf ile M\u00fcnasebeti: Fuz\u00fbl\u00ee\u2019nin \u201cPeyd\u00e2\u201d Redifli GazeliHandan Belli&#8230;&#8230;&#8230;&#8230;&#8230;&#8230;&#8230;&#8230;&#8230;&#8230;&#8230;.23Osmanl\u0131 Sahas\u0131 T\u00fcrk \u015eiirinin XVII. Asr\u0131na Dair Muhtasar Bir \u0130ncelemeHalil \u0130lteri\u015f Kutlu&#8230;&#8230;&#8230;&#8230;&#8230;&#8230;&#8230;&#8230;&#8230;&#8230;&#8230;.34Mo\u011fol Asr\u0131 Anadolusu\u2019nda T\u00fcrk\u00e7e \u015eiir: G\u00fcl\u015fehr\u00eeKemal Ramazan Hayk\u0131ran&#8230;&#8230;&#8230;&#8230;&#8230;&#8230;&#8230;&#8230;&#8230;&#8230;&#8230;.40Angaje Sanat ile P\u00fcr Sanat Aras\u0131nda Kalm\u0131\u015fl\u0131k MeselesiM\u00fccahit K\u0131l\u0131\u00e7&#8230;&#8230;&#8230;&#8230;&#8230;&#8230;&#8230;&#8230;&#8230;&#8230;&#8230;.46\u00c2\u015f\u0131klar\u0131n \u00dc\u00e7 Yolu:Toprak, Halk ve G\u00f6n\u00fclHasan Atik&#8230;&#8230;&#8230;&#8230;&#8230;&#8230;&#8230;&#8230;&#8230;&#8230;&#8230;.49\u00c2\u015f\u0131kl\u0131k Gelene\u011fimizdeki Kap\u0131 ErzurumFatih Kutlu&#8230;&#8230;&#8230;&#8230;&#8230;&#8230;&#8230;&#8230;&#8230;&#8230;&#8230;.55Dede Korkut Co\u011frafyas\u0131n\u0131n Kar\u015f\u0131 Yatan Kara Da\u011f\u0131: \u00c7\u0131ld\u0131rl\u0131 \u00c2\u015f\u0131k \u015eenlikVolkan \u00d6zkan&#8230;&#8230;&#8230;&#8230;&#8230;&#8230;&#8230;&#8230;&#8230;&#8230;&#8230;.64Hece \u015eiirine Giden YolMehmet Ali Kalkan&#8230;&#8230;&#8230;&#8230;&#8230;&#8230;&#8230;&#8230;&#8230;&#8230;&#8230;.70Bat\u0131 Etkileri \u00c7er\u00e7evesinde Nam\u0131k Kemal \u015eiirinde \u0130lerlemecilik D\u00fc\u015f\u00fcncesi\u00dcmm\u00fchan G\u00f6kmen&#8230;&#8230;&#8230;&#8230;&#8230;&#8230;&#8230;&#8230;&#8230;&#8230;&#8230;.74\u201cDe\u011fi\u015ferek Devam Etmek Devam Ederken De\u011fi\u015fmek\u201d:T\u00fcrk Edebiyat\u0131nda Yenilik Giri\u015fimlerine Genel Bir Bak\u0131\u015fY\u0131lmaz Da\u015f\u00e7\u0131o\u011flu&#8230;&#8230;&#8230;&#8230;&#8230;&#8230;&#8230;&#8230;&#8230;&#8230;&#8230;.85\u0130smet \u00d6zel\u2019in T\u00fcrk \u015eiirindeki YeriL\u00fctfi Bergen&#8230;&#8230;&#8230;&#8230;&#8230;&#8230;&#8230;&#8230;&#8230;&#8230;&#8230;.89Sezai Karako\u00e7\u2019un Dirili\u015f D\u00fc\u015f\u00fcncesinde Zaman Alg\u0131s\u0131Dr. R. Kandemir Enser&#8230;&#8230;&#8230;&#8230;&#8230;&#8230;&#8230;&#8230;&#8230;&#8230;&#8230;124\u015eiir ve Yahya KemalH. \u00d6mer \u00d6zden&#8230;&#8230;&#8230;&#8230;&#8230;&#8230;&#8230;&#8230;&#8230;&#8230;&#8230;.138Poetika Notlar\u0131 \u015eiirin Kaosu Kaosun \u015eiiriBleda Yaman&#8230;&#8230;&#8230;&#8230;&#8230;&#8230;&#8230;&#8230;&#8230;&#8230;&#8230;145\u015eiirin Akl\u0131 ve Ak\u0131mlar\u0131Talat \u00dclker&#8230;&#8230;&#8230;&#8230;&#8230;&#8230;&#8230;&#8230;&#8230;&#8230;&#8230;149Yap\u0131s\u0131 ve Olu\u015fumu Perspektifinde T\u00fcrk \u015eiirine Destan \u00c7er\u00e7evesinden Bir Bak\u0131\u015fHakan \u0130lhan Kurt&#8230;&#8230;&#8230;&#8230;&#8230;&#8230;&#8230;&#8230;&#8230;&#8230;&#8230;159Cumhuriyet Devri T\u00fcrk \u015eiirinde Gen\u00e7lik \u0130n\u015faas\u0131K\u00fcr\u015fat Kara&#8230;&#8230;&#8230;&#8230;&#8230;&#8230;&#8230;&#8230;&#8230;&#8230;&#8230;.163Frans\u0131z Etkisinde T\u00fcrk \u015eiiri \u00dczerine \u0130ki Kitap, \u0130ki G\u00f6r\u00fc\u015fO\u011fuzhan Murat \u00d6zt\u00fcrk&#8230;&#8230;&#8230;&#8230;&#8230;&#8230;&#8230;&#8230;&#8230;&#8230;&#8230;180S\u00fcleyman \u00c7obano\u011flu ile S\u00f6yle\u015fiYasin Usta&#8230;&#8230;&#8230;&#8230;&#8230;&#8230;&#8230;&#8230;&#8230;&#8230;&#8230;.187<\/p>\n","protected":false},"excerpt":{"rendered":"<p>\u0130\u00e7indekiler:\u015eiirin Kadim Fonksiyonu \u00dczerine\u0130smail Orhan S\u00f6nmez&#8230;&#8230;&#8230;&#8230;&#8230;&#8230;&#8230;&#8230;&#8230;&#8230;&#8230;.06F\u00e2tih Sultan Mehmed\u2019in T\u00fcrk\u00e7e Sevd\u00e2s\u0131 ve Cem Sult\u00e2n\u2019\u0131n \u015eiire D\u00f6kt\u00fc\u011f\u00fc G\u00f6zya\u015flar\u0131Turgut G\u00fcler&#8230;&#8230;&#8230;&#8230;&#8230;&#8230;&#8230;&#8230;&#8230;&#8230;&#8230;.14Klasik T\u00fcrk \u015eiirinin Tasavvuf ile M\u00fcnasebeti: Fuz\u00fbl\u00ee\u2019nin \u201cPeyd\u00e2\u201d Redifli GazeliHandan<span class=\"excerpt-hellip\"> [\u2026]<\/span><\/p>\n","protected":false},"featured_media":0,"template":"","meta":{"_monsterinsights_skip_tracking":false,"_monsterinsights_sitenote_active":false,"_monsterinsights_sitenote_note":"","_monsterinsights_sitenote_category":0},"product_brand":[],"product_cat":[13527],"product_tag":[],"class_list":{"0":"post-721866","1":"product","2":"type-product","3":"status-publish","5":"product_cat-sureli-yayinlar","6":"pa_cilt-ciltsiz","7":"pa_tur-dergi","8":"pa_yayinevi-otuken-nesriyat","9":"pa_yazar-kolektif","11":"first","12":"instock","13":"sale","14":"shipping-taxable","15":"purchasable","16":"product-type-simple"},"_links":{"self":[{"href":"https:\/\/roveyayinevi.com.tr\/index.php\/wp-json\/wp\/v2\/product\/721866","targetHints":{"allow":["GET"]}}],"collection":[{"href":"https:\/\/roveyayinevi.com.tr\/index.php\/wp-json\/wp\/v2\/product"}],"about":[{"href":"https:\/\/roveyayinevi.com.tr\/index.php\/wp-json\/wp\/v2\/types\/product"}],"wp:attachment":[{"href":"https:\/\/roveyayinevi.com.tr\/index.php\/wp-json\/wp\/v2\/media?parent=721866"}],"wp:term":[{"taxonomy":"product_brand","embeddable":true,"href":"https:\/\/roveyayinevi.com.tr\/index.php\/wp-json\/wp\/v2\/product_brand?post=721866"},{"taxonomy":"product_cat","embeddable":true,"href":"https:\/\/roveyayinevi.com.tr\/index.php\/wp-json\/wp\/v2\/product_cat?post=721866"},{"taxonomy":"product_tag","embeddable":true,"href":"https:\/\/roveyayinevi.com.tr\/index.php\/wp-json\/wp\/v2\/product_tag?post=721866"}],"curies":[{"name":"wp","href":"https:\/\/api.w.org\/{rel}","templated":true}]}}