{"id":721862,"date":"2025-08-27T18:55:57","date_gmt":"2025-08-27T15:55:57","guid":{"rendered":"https:\/\/roveyayinevi.com.tr\/index.php\/urun\/aci-2\/"},"modified":"2026-04-16T02:29:47","modified_gmt":"2026-04-15T23:29:47","slug":"aci-2","status":"publish","type":"product","link":"https:\/\/roveyayinevi.com.tr\/index.php\/urun\/aci-2\/","title":{"rendered":"Ac\u0131"},"content":{"rendered":"<p>Ac\u0131, Y\u0131lmaz G\u00fcney senaryolar\u0131 aras\u0131nda \u00fclkemiz sinemas\u0131n\u0131n k\u0131r\u0131lma noktalar\u0131ndan biridir. \u00c7i\u00e7ek Ali karakterinin al\u0131\u015f\u0131lagelmi\u015f ba\u015fkahramanlarla aras\u0131ndaki fark, sineman\u0131n imk\u00e2nlar\u0131n\u0131 geni\u015fleten diyaloglar ve toplumsal ger\u00e7ek\u00e7i bak\u0131\u015f a\u00e7\u0131s\u0131n\u0131n kurguyu g\u00fc\u00e7lendiren yap\u0131s\u0131 bamba\u015fka bir senaryo ile kar\u015f\u0131 kar\u015f\u0131ya b\u0131rak\u0131yor okuru. Ac\u0131, inand\u0131\u011f\u0131 de\u011ferler i\u00e7in bedel \u00f6demekten \u00e7ekinmeyenlerin, de\u011fi\u015fimin insan\u0131n kendisinden ba\u015flayaca\u011f\u0131na inananlar\u0131n ve sonunda \u00f6l\u00fcm bile olsa temiz kalmaktan vazge\u00e7meyenlerin hik\u00e2yesi. <\/p>\n","protected":false},"excerpt":{"rendered":"<p>Ac\u0131, Y\u0131lmaz G\u00fcney senaryolar\u0131 aras\u0131nda \u00fclkemiz sinemas\u0131n\u0131n k\u0131r\u0131lma noktalar\u0131ndan biridir. \u00c7i\u00e7ek Ali karakterinin al\u0131\u015f\u0131lagelmi\u015f ba\u015fkahramanlarla aras\u0131ndaki fark, sineman\u0131n imk\u00e2nlar\u0131n\u0131 geni\u015fleten diyaloglar ve toplumsal ger\u00e7ek\u00e7i bak\u0131\u015f a\u00e7\u0131s\u0131n\u0131n<span class=\"excerpt-hellip\"> [\u2026]<\/span><\/p>\n","protected":false},"featured_media":0,"template":"","meta":{"_monsterinsights_skip_tracking":false,"_monsterinsights_sitenote_active":false,"_monsterinsights_sitenote_note":"","_monsterinsights_sitenote_category":0},"product_brand":[],"product_cat":[12291,12332],"product_tag":[],"class_list":{"0":"post-721862","1":"product","2":"type-product","3":"status-publish","5":"product_cat-edebiyat","6":"product_cat-senaryo","7":"pa_cilt-ciltsiz","8":"pa_tur-kitap","9":"pa_yayinevi-ithaki-yayinlari","10":"pa_yazar-yilmaz-guney","12":"first","13":"instock","14":"sale","15":"shipping-taxable","16":"purchasable","17":"product-type-simple"},"_links":{"self":[{"href":"https:\/\/roveyayinevi.com.tr\/index.php\/wp-json\/wp\/v2\/product\/721862","targetHints":{"allow":["GET"]}}],"collection":[{"href":"https:\/\/roveyayinevi.com.tr\/index.php\/wp-json\/wp\/v2\/product"}],"about":[{"href":"https:\/\/roveyayinevi.com.tr\/index.php\/wp-json\/wp\/v2\/types\/product"}],"wp:attachment":[{"href":"https:\/\/roveyayinevi.com.tr\/index.php\/wp-json\/wp\/v2\/media?parent=721862"}],"wp:term":[{"taxonomy":"product_brand","embeddable":true,"href":"https:\/\/roveyayinevi.com.tr\/index.php\/wp-json\/wp\/v2\/product_brand?post=721862"},{"taxonomy":"product_cat","embeddable":true,"href":"https:\/\/roveyayinevi.com.tr\/index.php\/wp-json\/wp\/v2\/product_cat?post=721862"},{"taxonomy":"product_tag","embeddable":true,"href":"https:\/\/roveyayinevi.com.tr\/index.php\/wp-json\/wp\/v2\/product_tag?post=721862"}],"curies":[{"name":"wp","href":"https:\/\/api.w.org\/{rel}","templated":true}]}}