{"id":721857,"date":"2025-08-27T18:55:53","date_gmt":"2025-08-27T15:55:53","guid":{"rendered":"https:\/\/roveyayinevi.com.tr\/index.php\/urun\/turkiyede-kusaklar-ve-calisma-degerleri\/"},"modified":"2026-04-16T02:29:47","modified_gmt":"2026-04-15T23:29:47","slug":"turkiyede-kusaklar-ve-calisma-degerleri","status":"publish","type":"product","link":"https:\/\/roveyayinevi.com.tr\/index.php\/urun\/turkiyede-kusaklar-ve-calisma-degerleri\/","title":{"rendered":"T\u00fcrkiye&#8217;de Ku\u015faklar ve \u00c7al\u0131\u015fma De\u011ferleri"},"content":{"rendered":"<p>\u00dclkemizde ku\u015faklar \u00fczerine yap\u0131lm\u0131\u015f bir\u00e7ok \u00e7al\u0131\u015fma mevcuttur. Bu \u00e7al\u0131\u015fmalar uluslararas\u0131 literat\u00fcrden yararlan\u0131larak yaz\u0131lmas\u0131 nedeni ile T\u00fcrkiye&#8217;de bulunan ku\u015faklar\u0131n genel \u00f6zelliklerini yans\u0131tmamaktad\u0131r. Bu eser, \u00fclkemizde ku\u015faklar\u0131n yeti\u015fmesinde \u00f6nemli olan ve yeti\u015ftikleri d\u00f6neme damgas\u0131n\u0131 vuran olaylar\u0131n analiz edilmesi, bu olaylar\u0131n onlar\u0131n ki\u015fisel \u00f6zelliklerine nas\u0131l yans\u0131d\u0131\u011f\u0131 ve onlar\u0131n \u00e7al\u0131\u015fma hayat\u0131na at\u0131ld\u0131klar\u0131nda \u00e7al\u0131\u015fma de\u011ferlerinin ne oldu\u011fu konusu, ara\u015ft\u0131r\u0131larak, alan\u0131nda da, \u00f6zg\u00fcn olma \u00f6zelli\u011fi ta\u015f\u0131maktad\u0131r.<\/p>\n","protected":false},"excerpt":{"rendered":"<p>\u00dclkemizde ku\u015faklar \u00fczerine yap\u0131lm\u0131\u015f bir\u00e7ok \u00e7al\u0131\u015fma mevcuttur. Bu \u00e7al\u0131\u015fmalar uluslararas\u0131 literat\u00fcrden yararlan\u0131larak yaz\u0131lmas\u0131 nedeni ile T\u00fcrkiye&#8217;de bulunan ku\u015faklar\u0131n genel \u00f6zelliklerini yans\u0131tmamaktad\u0131r. Bu eser, \u00fclkemizde ku\u015faklar\u0131n yeti\u015fmesinde<span class=\"excerpt-hellip\"> [\u2026]<\/span><\/p>\n","protected":false},"featured_media":0,"template":"","meta":{"_monsterinsights_skip_tracking":false,"_monsterinsights_sitenote_active":false,"_monsterinsights_sitenote_note":"","_monsterinsights_sitenote_category":0},"product_brand":[],"product_cat":[12325,12324],"product_tag":[],"class_list":{"0":"post-721857","1":"product","2":"type-product","3":"status-publish","5":"product_cat-diger-sosyoloji","6":"product_cat-sosyoloji","7":"pa_cilt-ciltsiz","8":"pa_tur-kitap","9":"pa_yayinevi-gazi-kitabevi","10":"pa_yazar-betul-yilmaz","12":"first","13":"instock","14":"sale","15":"shipping-taxable","16":"purchasable","17":"product-type-simple"},"_links":{"self":[{"href":"https:\/\/roveyayinevi.com.tr\/index.php\/wp-json\/wp\/v2\/product\/721857","targetHints":{"allow":["GET"]}}],"collection":[{"href":"https:\/\/roveyayinevi.com.tr\/index.php\/wp-json\/wp\/v2\/product"}],"about":[{"href":"https:\/\/roveyayinevi.com.tr\/index.php\/wp-json\/wp\/v2\/types\/product"}],"wp:attachment":[{"href":"https:\/\/roveyayinevi.com.tr\/index.php\/wp-json\/wp\/v2\/media?parent=721857"}],"wp:term":[{"taxonomy":"product_brand","embeddable":true,"href":"https:\/\/roveyayinevi.com.tr\/index.php\/wp-json\/wp\/v2\/product_brand?post=721857"},{"taxonomy":"product_cat","embeddable":true,"href":"https:\/\/roveyayinevi.com.tr\/index.php\/wp-json\/wp\/v2\/product_cat?post=721857"},{"taxonomy":"product_tag","embeddable":true,"href":"https:\/\/roveyayinevi.com.tr\/index.php\/wp-json\/wp\/v2\/product_tag?post=721857"}],"curies":[{"name":"wp","href":"https:\/\/api.w.org\/{rel}","templated":true}]}}