{"id":721855,"date":"2025-08-27T18:55:52","date_gmt":"2025-08-27T15:55:52","guid":{"rendered":"https:\/\/roveyayinevi.com.tr\/index.php\/urun\/turkiye-turkcesi-1-ses-bilgisi\/"},"modified":"2026-04-16T02:29:47","modified_gmt":"2026-04-15T23:29:47","slug":"turkiye-turkcesi-1-ses-bilgisi","status":"publish","type":"product","link":"https:\/\/roveyayinevi.com.tr\/index.php\/urun\/turkiye-turkcesi-1-ses-bilgisi\/","title":{"rendered":"T\u00fcrkiye T\u00fcrk\u00e7esi 1 &#8211; Ses Bilgisi"},"content":{"rendered":"<p>\u00c7\u0130Z\u0130MLER \u015eEMALAR TABLOLAR HAR\u0130TALAR RES\u0130MLER KISALTMALAR ESER KISALTMALARI \u0130\u015eARETLER \u00d6N S\u00d6Z   1.TEMEL KAVRAMLAR 2.SESB\u0130R\u0130MLER 3.SES D\u0130Z\u0130M\u0130 4.SES DE\u011e\u0130\u015eMELER\u0130 <\/p>\n","protected":false},"excerpt":{"rendered":"<p>\u00c7\u0130Z\u0130MLER \u015eEMALAR TABLOLAR HAR\u0130TALAR RES\u0130MLER KISALTMALAR ESER KISALTMALARI \u0130\u015eARETLER \u00d6N S\u00d6Z 1.TEMEL KAVRAMLAR 2.SESB\u0130R\u0130MLER 3.SES D\u0130Z\u0130M\u0130 4.SES DE\u011e\u0130\u015eMELER\u0130<\/p>\n","protected":false},"featured_media":0,"template":"","meta":{"_monsterinsights_skip_tracking":false,"_monsterinsights_sitenote_active":false,"_monsterinsights_sitenote_note":"","_monsterinsights_sitenote_category":0},"product_brand":[],"product_cat":[14597,12566],"product_tag":[],"class_list":{"0":"post-721855","1":"product","2":"type-product","3":"status-publish","5":"product_cat-dil-ogrenimi","6":"product_cat-egitim","7":"pa_cilt-ciltsiz","8":"pa_tur-kitap","9":"pa_yayinevi-gazi-kitabevi","10":"pa_yazar-kolektif","12":"first","13":"instock","14":"sale","15":"shipping-taxable","16":"purchasable","17":"product-type-simple"},"_links":{"self":[{"href":"https:\/\/roveyayinevi.com.tr\/index.php\/wp-json\/wp\/v2\/product\/721855","targetHints":{"allow":["GET"]}}],"collection":[{"href":"https:\/\/roveyayinevi.com.tr\/index.php\/wp-json\/wp\/v2\/product"}],"about":[{"href":"https:\/\/roveyayinevi.com.tr\/index.php\/wp-json\/wp\/v2\/types\/product"}],"wp:attachment":[{"href":"https:\/\/roveyayinevi.com.tr\/index.php\/wp-json\/wp\/v2\/media?parent=721855"}],"wp:term":[{"taxonomy":"product_brand","embeddable":true,"href":"https:\/\/roveyayinevi.com.tr\/index.php\/wp-json\/wp\/v2\/product_brand?post=721855"},{"taxonomy":"product_cat","embeddable":true,"href":"https:\/\/roveyayinevi.com.tr\/index.php\/wp-json\/wp\/v2\/product_cat?post=721855"},{"taxonomy":"product_tag","embeddable":true,"href":"https:\/\/roveyayinevi.com.tr\/index.php\/wp-json\/wp\/v2\/product_tag?post=721855"}],"curies":[{"name":"wp","href":"https:\/\/api.w.org\/{rel}","templated":true}]}}