{"id":721853,"date":"2025-08-27T18:55:51","date_gmt":"2025-08-27T15:55:51","guid":{"rendered":"https:\/\/roveyayinevi.com.tr\/index.php\/urun\/temsili-burokrasi\/"},"modified":"2026-04-16T02:29:47","modified_gmt":"2026-04-15T23:29:47","slug":"temsili-burokrasi","status":"publish","type":"product","link":"https:\/\/roveyayinevi.com.tr\/index.php\/urun\/temsili-burokrasi\/","title":{"rendered":"Temsili B\u00fcrokrasi"},"content":{"rendered":"<p>Kamu b\u00fcrokrasisinin yap\u0131land\u0131r\u0131lmas\u0131nda ve kendisine y\u00fcklenen kamusal faaliyetlerin icras\u0131nda kaynaklar\u0131n etkin kullan\u0131m\u0131 ve kamusal hizmetlerin toplum kesimleri aras\u0131nda adaletli da\u011f\u0131l\u0131m\u0131 \u00f6nemlidir. Kaynaklar\u0131n etkin kullan\u0131m\u0131 konusunda alan\u0131nda uzman ve yetkin personelin liyakat esas\u0131na g\u00f6re b\u00fcrokratik kadrolara atanmas\u0131 ve ve y\u00fckseltilmesi \u00f6ne \u00e7\u0131kan bir fakt\u00f6r iken, toplumun farkl\u0131 kesimlerinin kamusal hizmetlerden yararlanmas\u0131 konusunda Bat\u0131 d\u00fcnyas\u0131nda mercek alt\u0131na al\u0131nan fakt\u00f6r kamu b\u00fcrokrasisinde farkl\u0131 toplum kesimlerine yer verilmesi anlay\u0131\u015f\u0131na dayanan temsili b\u00fcrokrasi yakla\u015f\u0131m\u0131 \u00f6ne \u00e7\u0131kmaktad\u0131r. \u015e\u00fcphesiz, bir y\u00f6netim yap\u0131s\u0131nda uygulanan ve olumlu sonu\u00e7lar yaratan bir uygulaman\u0131n bir ba\u015fka y\u00f6netim yap\u0131s\u0131nda da ayn\u0131 ya da benzer sonu\u00e7lar yaratmas\u0131 her zaman m\u00fcmk\u00fcn olmaz. Bu \u00f6n kabulden hareketle, okumakta oldu\u011funuz \u00e7al\u0131\u015fmada &#8220;Temsili B\u00fcrokrasi&#8221; yakla\u015f\u0131m\u0131n\u0131n kuramsal y\u00f6n\u00fc, ileri s\u00fcr\u00fcld\u00fc\u011f\u00fc d\u00f6nemden bug\u00fcne ya\u015fad\u0131\u011f\u0131 de\u011fi\u015fim ve konu hakk\u0131nda yap\u0131lan ampirik bulgulara yer verilmi\u015ftir. Temsili B\u00fcrokrasi yakla\u015f\u0131m\u0131n\u0131 ulusal literat\u00fcre kazand\u0131rma amac\u0131 g\u00fcden \u00f6nc\u00fcl nitelikteki bu \u00e7al\u0131\u015fmada ama\u00e7lanan bir ba\u015fka husus kamu politikas\u0131 yap\u0131c\u0131lar\u0131na farkl\u0131 bir bak\u0131\u015f a\u00e7\u0131s\u0131 sunabilmektir.   \u0130\u00c7\u0130NDEK\u0130LER 1.Temsil 2.Temsili B\u00fcrokrasi 3.Temsili B\u00fcrokrasinin \u0130\u015flevleri 4.Temsili B\u00fcrokrasi Yakla\u015f\u0131mlar\u0131 5.Temsili B\u00fcrokrasi T\u00fcrleri 6.Pasif Temsil-aktif Temsil Ba\u011flant\u0131s\u0131 7.Temsile Konu Edilen Hususlar 8.Temsili B\u00fcrokrasiye Olumlu Yakla\u015f\u0131mlar 9.Temsili B\u00fcrokrasiye Ele\u015ftirel Yakla\u015f\u0131mlar <\/p>\n","protected":false},"excerpt":{"rendered":"<p>Kamu b\u00fcrokrasisinin yap\u0131land\u0131r\u0131lmas\u0131nda ve kendisine y\u00fcklenen kamusal faaliyetlerin icras\u0131nda kaynaklar\u0131n etkin kullan\u0131m\u0131 ve kamusal hizmetlerin toplum kesimleri aras\u0131nda adaletli da\u011f\u0131l\u0131m\u0131 \u00f6nemlidir. Kaynaklar\u0131n etkin kullan\u0131m\u0131 konusunda alan\u0131nda<span class=\"excerpt-hellip\"> [\u2026]<\/span><\/p>\n","protected":false},"featured_media":0,"template":"","meta":{"_monsterinsights_skip_tracking":false,"_monsterinsights_sitenote_active":false,"_monsterinsights_sitenote_note":"","_monsterinsights_sitenote_category":0},"product_brand":[],"product_cat":[13059,12337],"product_tag":[],"class_list":{"0":"post-721853","1":"product","2":"type-product","3":"status-publish","5":"product_cat-diger-politika-siyaset","6":"product_cat-politika-siyaset","7":"pa_cilt-ciltsiz","8":"pa_tur-kitap","9":"pa_yayinevi-gazi-kitabevi","10":"pa_yazar-mustafa-arslan","12":"first","13":"instock","14":"sale","15":"shipping-taxable","16":"purchasable","17":"product-type-simple"},"_links":{"self":[{"href":"https:\/\/roveyayinevi.com.tr\/index.php\/wp-json\/wp\/v2\/product\/721853","targetHints":{"allow":["GET"]}}],"collection":[{"href":"https:\/\/roveyayinevi.com.tr\/index.php\/wp-json\/wp\/v2\/product"}],"about":[{"href":"https:\/\/roveyayinevi.com.tr\/index.php\/wp-json\/wp\/v2\/types\/product"}],"wp:attachment":[{"href":"https:\/\/roveyayinevi.com.tr\/index.php\/wp-json\/wp\/v2\/media?parent=721853"}],"wp:term":[{"taxonomy":"product_brand","embeddable":true,"href":"https:\/\/roveyayinevi.com.tr\/index.php\/wp-json\/wp\/v2\/product_brand?post=721853"},{"taxonomy":"product_cat","embeddable":true,"href":"https:\/\/roveyayinevi.com.tr\/index.php\/wp-json\/wp\/v2\/product_cat?post=721853"},{"taxonomy":"product_tag","embeddable":true,"href":"https:\/\/roveyayinevi.com.tr\/index.php\/wp-json\/wp\/v2\/product_tag?post=721853"}],"curies":[{"name":"wp","href":"https:\/\/api.w.org\/{rel}","templated":true}]}}