{"id":721852,"date":"2025-08-27T18:55:50","date_gmt":"2025-08-27T15:55:50","guid":{"rendered":"https:\/\/roveyayinevi.com.tr\/index.php\/urun\/sosyal-bilimler-icin-parametrik-veri-analizi\/"},"modified":"2026-04-16T02:29:47","modified_gmt":"2026-04-15T23:29:47","slug":"sosyal-bilimler-icin-parametrik-veri-analizi","status":"publish","type":"product","link":"https:\/\/roveyayinevi.com.tr\/index.php\/urun\/sosyal-bilimler-icin-parametrik-veri-analizi\/","title":{"rendered":"Sosyal Bilimler \u0130\u00e7in Parametrik Veri Analizi"},"content":{"rendered":"<p>Sadece nicel de\u011fil nitel verilerin de yer ald\u0131\u011f\u0131 bilimler i\u00e7in \u0130statistik \u00e7ok \u00f6nemlidir. Bu kitab\u0131n amac\u0131 her bilim dal\u0131 i\u00e7in gerekli olmas\u0131na ra\u011fmen korkulan bir alan olan \u0130statisti\u011fi temelinden alarak asl\u0131nda \u00e7ok basit olabilece\u011fini g\u00f6stermek, ayn\u0131 zamanda \u0130statisti\u011fin karar verme ve \u00e7\u0131kar\u0131m yapabilmede nas\u0131l kullan\u0131labilece\u011fini sunmakt\u0131r. Kitab\u0131n ilerleyen k\u0131s\u0131mlar\u0131 ise Sosyal Bilimler alan\u0131nda \u00e7al\u0131\u015fan, kendi ara\u015ft\u0131rmalar\u0131n\u0131 planlama ve y\u00fcr\u00fctme ile ilgilenenler i\u00e7in haz\u0131rlanm\u0131\u015ft\u0131r.   \u0130\u00c7\u0130NDEK\u0130LER 1.B\u00d6L\u00dcM TEMEL KAVRAMLAR 2.B\u00d6L\u00dcM VER\u0130 HAZIRLAMA 3.B\u00d6L\u00dcM VER\u0130 SUNUMU VE G\u00d6RSELLE\u015eT\u0130RME 4.B\u00d6L\u00dcM TAMAMLAYICI \u0130STAT\u0130ST\u0130KLER 5.B\u00d6L\u00dcM G\u00dcVEN ARALIKLARI 6.B\u00d6L\u00dcM H\u0130POTEZ TESTLER\u0130 7.B\u00d6L\u00dcM GE\u00c7ERL\u0130L\u0130K VE G\u00dcVEN\u0130L\u0130RL\u0130K 8.B\u00d6L\u00dcM NORMALL\u0130K \u00d6L\u00c7\u00dcLER\u0130 VE NORMALL\u0130K TESTLER\u0130 9.B\u00d6L\u00dcM T TEST\u0130 10.B\u00d6L\u00dcM REGRESYON 11.B\u00d6L\u00dcM KORELASYON 12.B\u00d6L\u00dcM VARYANS ANAL\u0130Z\u0130(ANOVA) 13.B\u00d6L\u00dcM FAKT\u00d6R ANAL\u0130Z\u0130 <\/p>\n","protected":false},"excerpt":{"rendered":"<p>Sadece nicel de\u011fil nitel verilerin de yer ald\u0131\u011f\u0131 bilimler i\u00e7in \u0130statistik \u00e7ok \u00f6nemlidir. Bu kitab\u0131n amac\u0131 her bilim dal\u0131 i\u00e7in gerekli olmas\u0131na ra\u011fmen korkulan bir alan<span class=\"excerpt-hellip\"> [\u2026]<\/span><\/p>\n","protected":false},"featured_media":0,"template":"","meta":{"_monsterinsights_skip_tracking":false,"_monsterinsights_sitenote_active":false,"_monsterinsights_sitenote_note":"","_monsterinsights_sitenote_category":0},"product_brand":[],"product_cat":[13005,40995],"product_tag":[],"class_list":{"0":"post-721852","1":"product","2":"type-product","3":"status-publish","5":"product_cat-bilim-muhendislik","6":"product_cat-sosyal-bilimler","7":"pa_cilt-ciltsiz","8":"pa_tur-kitap","9":"pa_yayinevi-gazi-kitabevi","10":"pa_yazar-fatma-sonmez-cakir","12":"first","13":"instock","14":"sale","15":"shipping-taxable","16":"purchasable","17":"product-type-simple"},"_links":{"self":[{"href":"https:\/\/roveyayinevi.com.tr\/index.php\/wp-json\/wp\/v2\/product\/721852","targetHints":{"allow":["GET"]}}],"collection":[{"href":"https:\/\/roveyayinevi.com.tr\/index.php\/wp-json\/wp\/v2\/product"}],"about":[{"href":"https:\/\/roveyayinevi.com.tr\/index.php\/wp-json\/wp\/v2\/types\/product"}],"wp:attachment":[{"href":"https:\/\/roveyayinevi.com.tr\/index.php\/wp-json\/wp\/v2\/media?parent=721852"}],"wp:term":[{"taxonomy":"product_brand","embeddable":true,"href":"https:\/\/roveyayinevi.com.tr\/index.php\/wp-json\/wp\/v2\/product_brand?post=721852"},{"taxonomy":"product_cat","embeddable":true,"href":"https:\/\/roveyayinevi.com.tr\/index.php\/wp-json\/wp\/v2\/product_cat?post=721852"},{"taxonomy":"product_tag","embeddable":true,"href":"https:\/\/roveyayinevi.com.tr\/index.php\/wp-json\/wp\/v2\/product_tag?post=721852"}],"curies":[{"name":"wp","href":"https:\/\/api.w.org\/{rel}","templated":true}]}}