{"id":721851,"date":"2025-08-27T18:55:49","date_gmt":"2025-08-27T15:55:49","guid":{"rendered":"https:\/\/roveyayinevi.com.tr\/index.php\/urun\/etik-anlayis-ve-liderlik-yaklasimlarinin-mesleki-aidiyetlik-acisindan-denetci-davranislarina-etkileri\/"},"modified":"2026-04-16T02:29:47","modified_gmt":"2026-04-15T23:29:47","slug":"etik-anlayis-ve-liderlik-yaklasimlarinin-mesleki-aidiyetlik-acisindan-denetci-davranislarina-etkileri","status":"publish","type":"product","link":"https:\/\/roveyayinevi.com.tr\/index.php\/urun\/etik-anlayis-ve-liderlik-yaklasimlarinin-mesleki-aidiyetlik-acisindan-denetci-davranislarina-etkileri\/","title":{"rendered":"Etik Anlay\u0131\u015f ve Liderlik Yakla\u015f\u0131mlar\u0131n\u0131n Mesleki Aidiyetlik A\u00e7\u0131s\u0131ndan Denet\u00e7i Davran\u0131\u015flar\u0131na Etkileri"},"content":{"rendered":"<p>Bu \u00e7al\u0131\u015fmada ba\u011f\u0131ms\u0131z denetim kurulu\u015flar\u0131yla ilgili ge\u00e7mi\u015fte ya\u015fanan ve gelecekte de ya\u015fanabilmesi muhtemel olan uygun olmayan denet\u00e7i davran\u0131\u015flar\u0131n\u0131 engellemek ya da minimum seviyeye indirgenmesine yard\u0131mc\u0131 olabilmek ama\u00e7lanm\u0131\u015ft\u0131r. Bu ama\u00e7la ba\u011f\u0131ms\u0131z denetim kurulu\u015flar\u0131ndaki denet\u00e7ilerin \u00e7al\u0131\u015ft\u0131klar\u0131 denetim kurulu\u015flar\u0131yla ilgili liderlik alg\u0131lar\u0131n\u0131, etik k\u00fclt\u00fcr yap\u0131lar\u0131n\u0131, bireysel olarak etik olma durumlar\u0131n\u0131 ve mesleki aidiyet duygular\u0131yla birlikte denet\u00e7i davran\u0131\u015flar\u0131yla olan ili\u015fkileri irdelenmi\u015ftir   \u0130\u00c7\u0130NDEK\u0130LER I.B\u00d6L\u00dcM DENET\u0130M, L\u0130DERL\u0130K, ET\u0130K VE MESLEK\u0130 A\u0130D\u0130YET \u0130LE \u0130LG\u0130L\u0130 KAVRAMLARA GENEL B\u0130R BAKI\u015e 1.Denetimin Genel \u00c7er\u00e7evesi 2.Liderlik Kavram\u0131 3.Etik Kavram\u0131 4.Mesleki Aidiyet Kavram\u0131 5.Liderlik ve Etik Kavram\u0131 Aras\u0131ndaki \u0130li\u015fki 6.Mesleki Aidiyet ve Etik Kavram\u0131 Aras\u0131ndaki \u0130li\u015fki II.B\u00d6L\u00dcM ET\u0130K ANLAYI\u015e VE L\u0130DERL\u0130K YAKLA\u015eIMLARININ MESLEK\u0130 A\u0130D\u0130YETL\u0130K A\u00c7ISINDAN DENET\u00c7\u0130 DAVRANI\u015eLARINA ETK\u0130LER\u0130 1.Denet\u00e7i Davran\u0131\u015flar\u0131 \u0130le Denetim Kalitesi Aras\u0131ndaki \u0130li\u015fki 2.Etik Anlay\u0131\u015f\u0131n Mesleki Aidiyetlik Aras\u0131ndan Denet\u00e7i Davran\u0131\u015flar\u0131na Etkisi 3.Liderlik Yakla\u015f\u0131mlar\u0131n\u0131n Mesleki Aidiyetlik A\u00e7\u0131s\u0131ndan Denet\u00e7i Davran\u0131\u015falr\u0131na Etkisi III.B\u00d6L\u00dcM ET\u0130K ANLAYI\u015e VE L\u0130DERL\u0130K YAKLA\u015eIMLARININ MESLEK\u0130 A\u0130D\u0130YETL\u0130K A\u00c7ISINDAN DENET\u00c7\u0130 DAVRANI\u015eLARINA OLAN ETK\u0130LER\u0130N\u0130N BEL\u0130RLENMES\u0130NE Y\u00d6NEL\u0130K BA\u011eIMSIZ DENET\u0130M KURULU\u015eLARI \u00dcZER\u0130NE B\u0130R ARA\u015eTIRMA <\/p>\n","protected":false},"excerpt":{"rendered":"<p>Bu \u00e7al\u0131\u015fmada ba\u011f\u0131ms\u0131z denetim kurulu\u015flar\u0131yla ilgili ge\u00e7mi\u015fte ya\u015fanan ve gelecekte de ya\u015fanabilmesi muhtemel olan uygun olmayan denet\u00e7i davran\u0131\u015flar\u0131n\u0131 engellemek ya da minimum seviyeye indirgenmesine yard\u0131mc\u0131 olabilmek<span class=\"excerpt-hellip\"> [\u2026]<\/span><\/p>\n","protected":false},"featured_media":0,"template":"","meta":{"_monsterinsights_skip_tracking":false,"_monsterinsights_sitenote_active":false,"_monsterinsights_sitenote_note":"","_monsterinsights_sitenote_category":0},"product_brand":[],"product_cat":[13043,14381],"product_tag":[],"class_list":{"0":"post-721851","1":"product","2":"type-product","3":"status-publish","5":"product_cat-ekonomi","6":"product_cat-isletme-muhasebe-maliye","7":"pa_cilt-ciltsiz","8":"pa_tur-kitap","9":"pa_yayinevi-gazi-kitabevi","10":"pa_yazar-ali-ozbek","12":"first","13":"instock","14":"sale","15":"shipping-taxable","16":"purchasable","17":"product-type-simple"},"_links":{"self":[{"href":"https:\/\/roveyayinevi.com.tr\/index.php\/wp-json\/wp\/v2\/product\/721851","targetHints":{"allow":["GET"]}}],"collection":[{"href":"https:\/\/roveyayinevi.com.tr\/index.php\/wp-json\/wp\/v2\/product"}],"about":[{"href":"https:\/\/roveyayinevi.com.tr\/index.php\/wp-json\/wp\/v2\/types\/product"}],"wp:attachment":[{"href":"https:\/\/roveyayinevi.com.tr\/index.php\/wp-json\/wp\/v2\/media?parent=721851"}],"wp:term":[{"taxonomy":"product_brand","embeddable":true,"href":"https:\/\/roveyayinevi.com.tr\/index.php\/wp-json\/wp\/v2\/product_brand?post=721851"},{"taxonomy":"product_cat","embeddable":true,"href":"https:\/\/roveyayinevi.com.tr\/index.php\/wp-json\/wp\/v2\/product_cat?post=721851"},{"taxonomy":"product_tag","embeddable":true,"href":"https:\/\/roveyayinevi.com.tr\/index.php\/wp-json\/wp\/v2\/product_tag?post=721851"}],"curies":[{"name":"wp","href":"https:\/\/api.w.org\/{rel}","templated":true}]}}