{"id":721849,"date":"2025-08-27T18:55:48","date_gmt":"2025-08-27T15:55:48","guid":{"rendered":"https:\/\/roveyayinevi.com.tr\/index.php\/urun\/gelecegi-goren-makineler\/"},"modified":"2026-04-16T02:29:47","modified_gmt":"2026-04-15T23:29:47","slug":"gelecegi-goren-makineler","status":"publish","type":"product","link":"https:\/\/roveyayinevi.com.tr\/index.php\/urun\/gelecegi-goren-makineler\/","title":{"rendered":"Gelece\u011fi G\u00f6ren Makineler"},"content":{"rendered":"<p>Yapay zeka, \u00e7a\u011f\u0131m\u0131zdaki en d\u00f6n\u00fc\u015ft\u00fcr\u00fcc\u00fc teknoloji. Agrawal, Gans ve Goldfard sadece onun \u00f6z\u00fcn\u00fc kavramakla kalm\u0131yor, ekonomik anlamlar\u0131na ve i\u00e7sel \u00f6d\u00fcnle\u015fmelerine de yak\u0131ndan bakmam\u0131z\u0131 sa\u011fl\u0131yor. E\u011fer yapay zekan\u0131n yaratt\u0131\u011f\u0131 heyecan\u0131n etraf\u0131ndaki sisi da\u011f\u0131tmak ve yapay zekan\u0131n toplum i\u00e7in yaratt\u0131\u011f\u0131 zorluklar ve getirdi\u011fi f\u0131rsatlar\u0131n alt\u0131nda yatanlar\u0131 g\u00f6rmek istiyorsan\u0131z ilk i\u015finiz Gelece\u011fi G\u00f6ren Makineler&#8217;i okumak olmal\u0131.Gelece\u011fi G\u00f6ren Makineler hem zor bir i\u015fin \u00fcstesinden geliyor hem de benzersiz bir \u00e7al\u0131\u015fma: Yapay zeka ile geldi\u011fimiz noktada, abart\u0131l\u0131 heyecanlarla ger\u00e7ekli\u011fi birbirinden ay\u0131r\u0131rken s\u00fcrekli taze fikirler ve herkesin kolayca okuyabilece\u011fi bir inceleme sunuyor. Yazarlar, yapay zekan\u0131n anla\u015f\u0131lmas\u0131n\u0131 kolayla\u015ft\u0131rmak i\u00e7in onu yeni ve ucuz bir \u00fcr\u00fcn olarak \u00f6ng\u00f6r\u00fc bi\u00e7iminde yeniden tan\u0131ml\u0131yorlar. Harvard \u00dcniversitesi eski rekt\u00f6r\u00fc, ABD eski Hazine Bakan\u0131 ve D\u00fcnya Bankas\u0131 eski ba\u015f ekonomisti Lawrence H. Summers&#8217;\u0131n deyi\u015fiyle, Yapay zeka hayat\u0131n\u0131z\u0131 d\u00f6n\u00fc\u015ft\u00fcrebilir. Ve Gelece\u011fi G\u00f6ren Makineler yapay zekay\u0131 anlama \u015feklinizi d\u00f6n\u00fc\u015ft\u00fcrecektir. Bu, muhtemelen ortaya \u00e7\u0131kan en iyi teknoloji hakk\u0131nda \u015fimdiye kadar yaz\u0131lm\u0131\u015f en iyi kitap.<\/p>\n","protected":false},"excerpt":{"rendered":"<p>Yapay zeka, \u00e7a\u011f\u0131m\u0131zdaki en d\u00f6n\u00fc\u015ft\u00fcr\u00fcc\u00fc teknoloji. Agrawal, Gans ve Goldfard sadece onun \u00f6z\u00fcn\u00fc kavramakla kalm\u0131yor, ekonomik anlamlar\u0131na ve i\u00e7sel \u00f6d\u00fcnle\u015fmelerine de yak\u0131ndan bakmam\u0131z\u0131 sa\u011fl\u0131yor. E\u011fer yapay<span class=\"excerpt-hellip\"> [\u2026]<\/span><\/p>\n","protected":false},"featured_media":0,"template":"","meta":{"_monsterinsights_skip_tracking":false,"_monsterinsights_sitenote_active":false,"_monsterinsights_sitenote_note":"","_monsterinsights_sitenote_category":0},"product_brand":[],"product_cat":[14841,13043],"product_tag":[],"class_list":{"0":"post-721849","1":"product","2":"type-product","3":"status-publish","5":"product_cat-arastirma-inceleme-kuram","6":"product_cat-ekonomi","7":"pa_cilt-ciltsiz","8":"pa_tur-kitap","9":"pa_yayinevi-babil-kitap","10":"pa_yazar-kolektif","12":"first","13":"instock","14":"sale","15":"shipping-taxable","16":"purchasable","17":"product-type-simple"},"_links":{"self":[{"href":"https:\/\/roveyayinevi.com.tr\/index.php\/wp-json\/wp\/v2\/product\/721849","targetHints":{"allow":["GET"]}}],"collection":[{"href":"https:\/\/roveyayinevi.com.tr\/index.php\/wp-json\/wp\/v2\/product"}],"about":[{"href":"https:\/\/roveyayinevi.com.tr\/index.php\/wp-json\/wp\/v2\/types\/product"}],"wp:attachment":[{"href":"https:\/\/roveyayinevi.com.tr\/index.php\/wp-json\/wp\/v2\/media?parent=721849"}],"wp:term":[{"taxonomy":"product_brand","embeddable":true,"href":"https:\/\/roveyayinevi.com.tr\/index.php\/wp-json\/wp\/v2\/product_brand?post=721849"},{"taxonomy":"product_cat","embeddable":true,"href":"https:\/\/roveyayinevi.com.tr\/index.php\/wp-json\/wp\/v2\/product_cat?post=721849"},{"taxonomy":"product_tag","embeddable":true,"href":"https:\/\/roveyayinevi.com.tr\/index.php\/wp-json\/wp\/v2\/product_tag?post=721849"}],"curies":[{"name":"wp","href":"https:\/\/api.w.org\/{rel}","templated":true}]}}