{"id":721845,"date":"2025-08-27T18:55:45","date_gmt":"2025-08-27T15:55:45","guid":{"rendered":"https:\/\/roveyayinevi.com.tr\/index.php\/urun\/ruya-gorme-sanati\/"},"modified":"2026-04-16T02:29:47","modified_gmt":"2026-04-15T23:29:47","slug":"ruya-gorme-sanati","status":"publish","type":"product","link":"https:\/\/roveyayinevi.com.tr\/index.php\/urun\/ruya-gorme-sanati\/","title":{"rendered":"R\u00fcya G\u00f6rme Sanat\u0131"},"content":{"rendered":"<p>R\u00fcya G\u00f6rme Sanat\u0131, r\u00fcyalar\u0131n yorumlanmas\u0131na dair farkl\u0131 bir temel sunuyor.Kendi i\u00e7imize bakmam\u0131z\u0131 ve bizleri dinginlikle dolu bir hayata y\u00f6nlendirecek cevaplar\u0131bulmam\u0131z\u0131 sa\u011fl\u0131yor.Farkl\u0131 r\u00fcya g\u00f6rme tekniklerinin detayl\u0131 a\u00e7\u0131klamalar\u0131n\u0131 i\u00e7eren bu eserde, Carlos Castaneda\u2019n\u0131n \u00e7\u0131\u011f\u0131r a\u00e7an yakla\u015f\u0131mlar\u0131 \u2013Don Juan\u2019\u0131n \u00e7ok y\u00f6nl\u00fc \u00f6\u011fretileriyle birlikte\u2013 r\u00fcyac\u0131ya r\u00fcya-g\u00f6rmenin d\u00f6rt kap\u0131s\u0131n\u0131 (ge\u00e7idini) tan\u0131t\u0131yor ve onu bu kap\u0131lara y\u00f6nlendiriyor. D\u00f6rt kap\u0131y\u0131 ge\u00e7mede ustal\u0131k kazanan ki\u015fi, r\u00fcyal ar\u0131n\u0131n hakimiyetini ele ge\u00e7iriyor, onlar\u0131n potansiyelini ve g\u00fcndelik d\u00fcnyada neyi sembolize etti\u011fini ke\u015ffediyor.R\u00fcya G\u00f6rme Sanat\u0131, ayd\u0131nlanmay\u0131 gerek ola\u011fan b\u00fcy\u00fcc\u00fclerin ger\u00e7ekleriyle a\u00e7\u0131klayarak, gerek etraf\u0131m\u0131zdaki bir\u00e7ok dikkat \u00e7ekici varl\u0131\u011f\u0131n yans\u0131tt\u0131\u011f\u0131 tehlikeleri detayland\u0131rarak hepimizin adilce ve bar\u0131\u015f i\u00e7inde ya\u015fayabilecegimiz daha ulvi bir d\u00fcnyaya i\u015faret ediyor, bizleri ruhani \u00f6zlerimizi ve bizim i\u00e7in de\u011ferli olanlar\u0131 t\u00fcm d\u00fcnyevi zararlardan koruyabilece\u011fimi \u00e2lemlere g\u00f6t\u00fcr\u00fcyor..<\/p>\n","protected":false},"excerpt":{"rendered":"<p>R\u00fcya G\u00f6rme Sanat\u0131, r\u00fcyalar\u0131n yorumlanmas\u0131na dair farkl\u0131 bir temel sunuyor.Kendi i\u00e7imize bakmam\u0131z\u0131 ve bizleri dinginlikle dolu bir hayata y\u00f6nlendirecek cevaplar\u0131bulmam\u0131z\u0131 sa\u011fl\u0131yor.Farkl\u0131 r\u00fcya g\u00f6rme tekniklerinin detayl\u0131 a\u00e7\u0131klamalar\u0131n\u0131<span class=\"excerpt-hellip\"> [\u2026]<\/span><\/p>\n","protected":false},"featured_media":0,"template":"","meta":{"_monsterinsights_skip_tracking":false,"_monsterinsights_sitenote_active":false,"_monsterinsights_sitenote_note":"","_monsterinsights_sitenote_category":0},"product_brand":[],"product_cat":[18082,15563],"product_tag":[],"class_list":{"0":"post-721845","1":"product","2":"type-product","3":"status-publish","5":"product_cat-astroloji-fal-ruya","6":"product_cat-hobi","7":"pa_cilt-ciltsiz","8":"pa_tur-kitap","9":"pa_yayinevi-butik-yayinlari","10":"pa_yazar-carlos-castaneda","12":"first","13":"instock","14":"sale","15":"shipping-taxable","16":"purchasable","17":"product-type-simple"},"_links":{"self":[{"href":"https:\/\/roveyayinevi.com.tr\/index.php\/wp-json\/wp\/v2\/product\/721845","targetHints":{"allow":["GET"]}}],"collection":[{"href":"https:\/\/roveyayinevi.com.tr\/index.php\/wp-json\/wp\/v2\/product"}],"about":[{"href":"https:\/\/roveyayinevi.com.tr\/index.php\/wp-json\/wp\/v2\/types\/product"}],"wp:attachment":[{"href":"https:\/\/roveyayinevi.com.tr\/index.php\/wp-json\/wp\/v2\/media?parent=721845"}],"wp:term":[{"taxonomy":"product_brand","embeddable":true,"href":"https:\/\/roveyayinevi.com.tr\/index.php\/wp-json\/wp\/v2\/product_brand?post=721845"},{"taxonomy":"product_cat","embeddable":true,"href":"https:\/\/roveyayinevi.com.tr\/index.php\/wp-json\/wp\/v2\/product_cat?post=721845"},{"taxonomy":"product_tag","embeddable":true,"href":"https:\/\/roveyayinevi.com.tr\/index.php\/wp-json\/wp\/v2\/product_tag?post=721845"}],"curies":[{"name":"wp","href":"https:\/\/api.w.org\/{rel}","templated":true}]}}