{"id":721844,"date":"2025-08-27T18:55:44","date_gmt":"2025-08-27T15:55:44","guid":{"rendered":"https:\/\/roveyayinevi.com.tr\/index.php\/urun\/devamsiz\/"},"modified":"2026-04-08T02:37:35","modified_gmt":"2026-04-07T23:37:35","slug":"devamsiz","status":"publish","type":"product","link":"https:\/\/roveyayinevi.com.tr\/index.php\/urun\/devamsiz\/","title":{"rendered":"Devams\u0131z"},"content":{"rendered":"<p>G\u00f6vdem par\u00e7alanm\u0131\u015f gibi, iki d\u00fcnya aras\u0131nda m\u0131yd\u0131m ne? Ruhum bir beden se\u00e7ip i\u00e7ine gireyazsa. Her g\u00fcn gittim geldim d\u00f6rt saat yolla birlikte be\u015f. Evlerde odalarda \u015fehirlerde sokaklarda hastanelerde. Ate\u015fin ba\u015f\u0131na oturur gibi dizildik Sonra tekrar tekrar. K\u00fcller biriktirdim k\u00f6zler \u00c7evirdim \u00e7evirdim pi\u015firdim d\u00fcnyay\u0131. Devams\u0131z\u2019daki \u00f6yk\u00fclerde kendi i\u00e7lerinde tutars\u0131z, \u00e7\u0131k\u0131\u015f arayan, y\u00fczle\u015fme pe\u015finde ki\u015filer var:Arzular\u0131na sahip \u00e7\u0131kmak i\u00e7in toplumla kar\u015f\u0131 kar\u015f\u0131ya gelenler, gitmek isteyip gidememenin verdi\u011fi su\u00e7luluk duygusuna hapsolanlar, saplant\u0131l\u0131 \u00e2\u015f\u0131klar, kendi \u00f6znelli\u011fini bulma \u00e7abas\u0131ndakiler, gidemeyenler, terk edenler, bo\u015fa \u00e7\u0131kmaya yazg\u0131l\u0131 ba\u015fkald\u0131r\u0131lar ve sesi kesilip kendi ac\u0131s\u0131n\u0131 kutsamak zorunda kalanlar\u2026 \u015eeng\u00fcl Can, kimi zaman Anadolu a\u011f\u0131zlar\u0131ndan beslendi\u011fi kimi zaman da ince ince ayr\u0131nt\u0131larla bezedi\u011fi \u015fiir tad\u0131ndaki \u00f6yk\u00fclerinden olu\u015fan Devams\u0131z\u2019da okuru sak\u0131nmas\u0131z bir i\u00e7e bak\u0131\u015fa, y\u00fczle\u015fmeye ve harekete ge\u00e7meye davet ediyor.  <\/p>\n","protected":false},"excerpt":{"rendered":"<p>G\u00f6vdem par\u00e7alanm\u0131\u015f gibi, iki d\u00fcnya aras\u0131nda m\u0131yd\u0131m ne? Ruhum bir beden se\u00e7ip i\u00e7ine gireyazsa. Her g\u00fcn gittim geldim d\u00f6rt saat yolla birlikte be\u015f. Evlerde odalarda \u015fehirlerde<span class=\"excerpt-hellip\"> [\u2026]<\/span><\/p>\n","protected":false},"featured_media":0,"template":"","meta":{"_monsterinsights_skip_tracking":false,"_monsterinsights_sitenote_active":false,"_monsterinsights_sitenote_note":"","_monsterinsights_sitenote_category":0},"product_brand":[],"product_cat":[12291,12711],"product_tag":[],"class_list":{"0":"post-721844","1":"product","2":"type-product","3":"status-publish","5":"product_cat-edebiyat","6":"product_cat-roman-oyku","7":"pa_cilt-ciltsiz","8":"pa_tur-kitap","9":"pa_yayinevi-can-yayinlari","10":"pa_yazar-sengul-can","12":"first","13":"instock","14":"sale","15":"shipping-taxable","16":"purchasable","17":"product-type-simple"},"_links":{"self":[{"href":"https:\/\/roveyayinevi.com.tr\/index.php\/wp-json\/wp\/v2\/product\/721844","targetHints":{"allow":["GET"]}}],"collection":[{"href":"https:\/\/roveyayinevi.com.tr\/index.php\/wp-json\/wp\/v2\/product"}],"about":[{"href":"https:\/\/roveyayinevi.com.tr\/index.php\/wp-json\/wp\/v2\/types\/product"}],"wp:attachment":[{"href":"https:\/\/roveyayinevi.com.tr\/index.php\/wp-json\/wp\/v2\/media?parent=721844"}],"wp:term":[{"taxonomy":"product_brand","embeddable":true,"href":"https:\/\/roveyayinevi.com.tr\/index.php\/wp-json\/wp\/v2\/product_brand?post=721844"},{"taxonomy":"product_cat","embeddable":true,"href":"https:\/\/roveyayinevi.com.tr\/index.php\/wp-json\/wp\/v2\/product_cat?post=721844"},{"taxonomy":"product_tag","embeddable":true,"href":"https:\/\/roveyayinevi.com.tr\/index.php\/wp-json\/wp\/v2\/product_tag?post=721844"}],"curies":[{"name":"wp","href":"https:\/\/api.w.org\/{rel}","templated":true}]}}