{"id":721841,"date":"2025-08-27T18:55:42","date_gmt":"2025-08-27T15:55:42","guid":{"rendered":"https:\/\/roveyayinevi.com.tr\/index.php\/urun\/ucra-adalar-atlasi-ozel-baski-ciltli\/"},"modified":"2026-04-16T02:29:47","modified_gmt":"2026-04-15T23:29:47","slug":"ucra-adalar-atlasi-ozel-baski-ciltli","status":"publish","type":"product","link":"https:\/\/roveyayinevi.com.tr\/index.php\/urun\/ucra-adalar-atlasi-ozel-baski-ciltli\/","title":{"rendered":"\u00dccra Adalar Atlas\u0131 (\u00d6zel Bask\u0131 -Ciltli)"},"content":{"rendered":"<p>Bu kitaptaki b\u00fct\u00fcn metinler kapsaml\u0131 ara\u015ft\u0131rmalara dayan\u0131yor, her ayr\u0131nt\u0131 ger\u00e7ek olgulardan kaynaklan\u0131yor. Hi\u00e7bir \u015fey uydurmu\u015f de\u011filim. Fakat bu kaynaklar\u0131 ke\u015ffeden benim, onlar\u0131 eski ve nadir kitaplarda ben aray\u0131p buldum, metinleri i\u015fledim ve denizciler ke\u015ffettikleri adalar\u0131 nas\u0131l sahipleniyorlarsa ben de o metinleri kendimce d\u00f6n\u00fc\u015ft\u00fcrd\u00fcm ve \u00f6z\u00fcmsedim. Amac\u0131m ger\u00e7ek yerlemlerinin \u00f6tesinde adalar konusundaki bilgiyi geni\u015fletmek de\u011fil. Dolay\u0131s\u0131yla bunun bir bilimsel yakla\u015f\u0131m de\u011fil, sadece yaz\u0131nsal bir giri\u015fim oldu\u011fu a\u00e7\u0131kt\u0131r. Bu atlas, demek ki, her \u015feyden \u00f6nce ozans\u0131 bir projedir. E\u011fer yerk\u00fcrenin y\u00fczeyinde ger\u00e7ekten gezinmek m\u00fcmk\u00fcn de\u011filse, yap\u0131lacak tek \u015fey evde oturarak d\u00fcnyay\u0131 ke\u015ffe \u00e7\u0131kmakt\u0131r. <\/p>\n","protected":false},"excerpt":{"rendered":"<p>Bu kitaptaki b\u00fct\u00fcn metinler kapsaml\u0131 ara\u015ft\u0131rmalara dayan\u0131yor, her ayr\u0131nt\u0131 ger\u00e7ek olgulardan kaynaklan\u0131yor. Hi\u00e7bir \u015fey uydurmu\u015f de\u011filim. Fakat bu kaynaklar\u0131 ke\u015ffeden benim, onlar\u0131 eski ve nadir kitaplarda<span class=\"excerpt-hellip\"> [\u2026]<\/span><\/p>\n","protected":false},"featured_media":0,"template":"","meta":{"_monsterinsights_skip_tracking":false,"_monsterinsights_sitenote_active":false,"_monsterinsights_sitenote_note":"","_monsterinsights_sitenote_category":0},"product_brand":[],"product_cat":[20039,13488],"product_tag":[],"class_list":{"0":"post-721841","1":"product","2":"type-product","3":"status-publish","5":"product_cat-kultur-tarihi","6":"product_cat-toplum-ve-insan","7":"pa_cilt-ciltli","8":"pa_tur-kitap","9":"pa_yayinevi-kirmizi-kedi-yayinevi","10":"pa_yazar-judith-schalansky","12":"first","13":"instock","14":"sale","15":"shipping-taxable","16":"purchasable","17":"product-type-simple"},"_links":{"self":[{"href":"https:\/\/roveyayinevi.com.tr\/index.php\/wp-json\/wp\/v2\/product\/721841","targetHints":{"allow":["GET"]}}],"collection":[{"href":"https:\/\/roveyayinevi.com.tr\/index.php\/wp-json\/wp\/v2\/product"}],"about":[{"href":"https:\/\/roveyayinevi.com.tr\/index.php\/wp-json\/wp\/v2\/types\/product"}],"wp:attachment":[{"href":"https:\/\/roveyayinevi.com.tr\/index.php\/wp-json\/wp\/v2\/media?parent=721841"}],"wp:term":[{"taxonomy":"product_brand","embeddable":true,"href":"https:\/\/roveyayinevi.com.tr\/index.php\/wp-json\/wp\/v2\/product_brand?post=721841"},{"taxonomy":"product_cat","embeddable":true,"href":"https:\/\/roveyayinevi.com.tr\/index.php\/wp-json\/wp\/v2\/product_cat?post=721841"},{"taxonomy":"product_tag","embeddable":true,"href":"https:\/\/roveyayinevi.com.tr\/index.php\/wp-json\/wp\/v2\/product_tag?post=721841"}],"curies":[{"name":"wp","href":"https:\/\/api.w.org\/{rel}","templated":true}]}}