{"id":721840,"date":"2025-08-27T18:55:41","date_gmt":"2025-08-27T15:55:41","guid":{"rendered":"https:\/\/roveyayinevi.com.tr\/index.php\/urun\/ornek-suclar-ciltli\/"},"modified":"2026-04-16T02:29:47","modified_gmt":"2026-04-15T23:29:47","slug":"ornek-suclar-ciltli","status":"publish","type":"product","link":"https:\/\/roveyayinevi.com.tr\/index.php\/urun\/ornek-suclar-ciltli\/","title":{"rendered":"\u00d6rnek Su\u00e7lar (Ciltli)"},"content":{"rendered":"<p>\u201c\u0130\u015fte size kula\u011fa te\u011fet ge\u00e7ip, a\u011f\u0131zdan k\u00e2\u011f\u0131da d\u00f6k\u00fclen birinci el mallar. Yalans\u0131z itiraflar: Dolamba\u00e7s\u0131z, yatay ya da dikey, \u015fiddeti a\u00e7\u0131klamaktan ba\u015fka hi\u00e7bir ere\u011fi olmayan itiraflar.\u201d Elinizdeki \u00f6l\u00fcmle alay eden, onu ti\u2019ye alan bir kitap. \u00d6rnek Su\u00e7lar kara mizah\u0131n b\u00fcy\u00fck klasiklerinden biri. \u0130spanyol s\u00fcrrealizminin ustaca k\u00e2\u011f\u0131da d\u00f6k\u00fclm\u00fc\u015f hali. Max Aub sa\u011fduyuyu bir kenara b\u0131rak\u0131p birbiri ard\u0131na itiraflar\u0131 s\u0131ralad\u0131k\u00e7a cinayetin karanl\u0131k sanat\u0131 dilin abs\u00fcrtl\u00fc\u011f\u00fcyle birle\u015fiyor. Memet Baydur\u2019un \u00e7evirisiyle. \u201cBazen \u00f6l\u00fcm ne kadar \u00e7abuk gelirse o kadar iyidir diye d\u00fc\u015f\u00fcn\u00fcyorum \u2013 sevgili dostum Max Aub\u2019un \u00f6l\u00fcm\u00fc gibi, bir poker masas\u0131nda, ans\u0131z\u0131n.\u201d L. Bu\u00f1uel <\/p>\n","protected":false},"excerpt":{"rendered":"<p>\u201c\u0130\u015fte size kula\u011fa te\u011fet ge\u00e7ip, a\u011f\u0131zdan k\u00e2\u011f\u0131da d\u00f6k\u00fclen birinci el mallar. Yalans\u0131z itiraflar: Dolamba\u00e7s\u0131z, yatay ya da dikey, \u015fiddeti a\u00e7\u0131klamaktan ba\u015fka hi\u00e7bir ere\u011fi olmayan itiraflar.\u201d Elinizdeki<span class=\"excerpt-hellip\"> [\u2026]<\/span><\/p>\n","protected":false},"featured_media":0,"template":"","meta":{"_monsterinsights_skip_tracking":false,"_monsterinsights_sitenote_active":false,"_monsterinsights_sitenote_note":"","_monsterinsights_sitenote_category":0},"product_brand":[],"product_cat":[12291,14825],"product_tag":[],"class_list":{"0":"post-721840","1":"product","2":"type-product","3":"status-publish","5":"product_cat-edebiyat","6":"product_cat-mizah","7":"pa_cilt-ciltli","8":"pa_tur-kitap","9":"pa_yayinevi-kirmizi-kedi-yayinevi","10":"pa_yazar-max-aub","12":"first","13":"instock","14":"sale","15":"shipping-taxable","16":"purchasable","17":"product-type-simple"},"_links":{"self":[{"href":"https:\/\/roveyayinevi.com.tr\/index.php\/wp-json\/wp\/v2\/product\/721840","targetHints":{"allow":["GET"]}}],"collection":[{"href":"https:\/\/roveyayinevi.com.tr\/index.php\/wp-json\/wp\/v2\/product"}],"about":[{"href":"https:\/\/roveyayinevi.com.tr\/index.php\/wp-json\/wp\/v2\/types\/product"}],"wp:attachment":[{"href":"https:\/\/roveyayinevi.com.tr\/index.php\/wp-json\/wp\/v2\/media?parent=721840"}],"wp:term":[{"taxonomy":"product_brand","embeddable":true,"href":"https:\/\/roveyayinevi.com.tr\/index.php\/wp-json\/wp\/v2\/product_brand?post=721840"},{"taxonomy":"product_cat","embeddable":true,"href":"https:\/\/roveyayinevi.com.tr\/index.php\/wp-json\/wp\/v2\/product_cat?post=721840"},{"taxonomy":"product_tag","embeddable":true,"href":"https:\/\/roveyayinevi.com.tr\/index.php\/wp-json\/wp\/v2\/product_tag?post=721840"}],"curies":[{"name":"wp","href":"https:\/\/api.w.org\/{rel}","templated":true}]}}