{"id":721839,"date":"2025-08-27T18:55:40","date_gmt":"2025-08-27T15:55:40","guid":{"rendered":"https:\/\/roveyayinevi.com.tr\/index.php\/urun\/sevres-antlasmasina-dogru\/"},"modified":"2026-04-16T02:29:47","modified_gmt":"2026-04-15T23:29:47","slug":"sevres-antlasmasina-dogru","status":"publish","type":"product","link":"https:\/\/roveyayinevi.com.tr\/index.php\/urun\/sevres-antlasmasina-dogru\/","title":{"rendered":"Sevres Antla\u015fmas\u0131na Do\u011fru"},"content":{"rendered":"<p>T\u00fcrkiye\u2019nin devlet olarak yazg\u0131s\u0131n\u0131 etkileyen temel antla\u015fmalardan olan S\u00e8vres Bar\u0131\u015f Antla\u015fmas\u0131,  Lozan Antla\u015fmas\u0131\u2019n\u0131n bir antiteziydi. Y\u0131k\u0131lma ve yenilgiyi kan\u0131tlamak i\u00e7in oldu\u011fu kadar birikmi\u015f bir hesapla\u015fma iste\u011finin t\u00fcm \u00f6\u011felerini i\u00e7ermek \u00fczere kaleme al\u0131nm\u0131\u015ft\u0131. Birinci D\u00fcnya Sava\u015f\u0131, deniza\u015f\u0131r\u0131 s\u00f6m\u00fcrge imparatorluklar\u0131 d\u0131\u015f\u0131ndaki imparatorluklar\u0131n y\u0131k\u0131lmas\u0131yla sonu\u00e7lanm\u0131\u015ft\u0131. \u0130mparatorluk olarak da\u011f\u0131lan devletlerin Avrupa k\u0131tas\u0131 \u00fczerinde ya\u015famlar\u0131, bi\u00e7im de\u011fi\u015ftirerek s\u00fcr\u00fcp giderken, T\u00fcrk ulusunun Avrupa k\u0131tas\u0131ndan, sade imparatorluk olarak de\u011fil, soy ve ulus olarak da at\u0131lma ve varl\u0131\u011f\u0131n\u0131 yok etme \u00e7abalar\u0131 h\u0131zlanm\u0131\u015ft\u0131. T\u00fcrkiye\u2019ye kar\u015f\u0131 g\u00f6z\u00fc d\u00f6nm\u00fc\u015f bir yobazl\u0131\u011fa evrilen d\u00fc\u015fmanl\u0131\u011f\u0131n \u201cT\u00fcrk\u2019\u00fc Avrupa\u2019dan atal\u0131m\u201d temas\u0131n\u0131 nas\u0131l i\u015fledi\u011fi bu yap\u0131tta, belgelere dayan\u0131larak ele al\u0131n\u0131yor. Osmanl\u0131 Devleti\u2019nin ya\u015fam\u0131n\u0131n son b\u00fcy\u00fck siyasal belgesi olan bu antla\u015fman\u0131n haz\u0131rl\u0131k d\u00f6nemindeki toplant\u0131 tutanak ve belgeleri \u00fclkeyi bug\u00fcn bile me\u015fgul eden bir\u00e7ok sorunu anlamak a\u00e7\u0131s\u0131ndan b\u00fcy\u00fck de\u011fer ta\u015f\u0131yor. Nihat Erim h\u00fck\u00fcmetinde d\u0131\u015fi\u015fleri bakan\u0131 olarak da g\u00f6rev yapm\u0131\u015f olan, akademisyen, diplomat Osman Olcay\u2019\u0131n b\u00fcy\u00fck bir titizlikle ortaya \u00e7\u0131kard\u0131\u011f\u0131; S\u00e8vres Bar\u0131\u015f Antla\u015fmas\u0131 i\u00e7in yap\u0131lan toplant\u0131lar\u0131n ve \u00e7e\u015fitli konferanslar\u0131n tutanaklar\u0131n\u0131n ve bunlara sunulan belgelerin \u00e7evirisinden olu\u015fan bu kitap, o d\u00f6nem b\u00fcy\u00fck emperyalist Bat\u0131 devletlerinin \u2212ya da onlar\u0131n temsilcilerinin\u2212 ba\u011fnaz soy ve din anlay\u0131\u015flar\u0131na, kendi aralar\u0131ndaki ac\u0131mas\u0131z \u00e7\u0131kar kavgalar\u0131na, ekonomik s\u00f6m\u00fcr\u00fc d\u00fczenini s\u00fcrd\u00fcrme \u00e7abalar\u0131na \u0131\u015f\u0131k tutuyor. <\/p>\n","protected":false},"excerpt":{"rendered":"<p>T\u00fcrkiye\u2019nin devlet olarak yazg\u0131s\u0131n\u0131 etkileyen temel antla\u015fmalardan olan S\u00e8vres Bar\u0131\u015f Antla\u015fmas\u0131, Lozan Antla\u015fmas\u0131\u2019n\u0131n bir antiteziydi. Y\u0131k\u0131lma ve yenilgiyi kan\u0131tlamak i\u00e7in oldu\u011fu kadar birikmi\u015f bir hesapla\u015fma iste\u011finin<span class=\"excerpt-hellip\"> [\u2026]<\/span><\/p>\n","protected":false},"featured_media":0,"template":"","meta":{"_monsterinsights_skip_tracking":false,"_monsterinsights_sitenote_active":false,"_monsterinsights_sitenote_note":"","_monsterinsights_sitenote_category":0},"product_brand":[],"product_cat":[13517,12304],"product_tag":[],"class_list":{"0":"post-721839","1":"product","2":"type-product","3":"status-publish","5":"product_cat-osmanli-tarihi","6":"product_cat-tarih","7":"pa_cilt-ciltsiz","8":"pa_tur-kitap","9":"pa_yayinevi-kirmizi-kedi-yayinevi","10":"pa_yazar-osman-olcay","12":"first","13":"instock","14":"sale","15":"shipping-taxable","16":"purchasable","17":"product-type-simple"},"_links":{"self":[{"href":"https:\/\/roveyayinevi.com.tr\/index.php\/wp-json\/wp\/v2\/product\/721839","targetHints":{"allow":["GET"]}}],"collection":[{"href":"https:\/\/roveyayinevi.com.tr\/index.php\/wp-json\/wp\/v2\/product"}],"about":[{"href":"https:\/\/roveyayinevi.com.tr\/index.php\/wp-json\/wp\/v2\/types\/product"}],"wp:attachment":[{"href":"https:\/\/roveyayinevi.com.tr\/index.php\/wp-json\/wp\/v2\/media?parent=721839"}],"wp:term":[{"taxonomy":"product_brand","embeddable":true,"href":"https:\/\/roveyayinevi.com.tr\/index.php\/wp-json\/wp\/v2\/product_brand?post=721839"},{"taxonomy":"product_cat","embeddable":true,"href":"https:\/\/roveyayinevi.com.tr\/index.php\/wp-json\/wp\/v2\/product_cat?post=721839"},{"taxonomy":"product_tag","embeddable":true,"href":"https:\/\/roveyayinevi.com.tr\/index.php\/wp-json\/wp\/v2\/product_tag?post=721839"}],"curies":[{"name":"wp","href":"https:\/\/api.w.org\/{rel}","templated":true}]}}