{"id":721834,"date":"2025-08-27T18:55:37","date_gmt":"2025-08-27T15:55:37","guid":{"rendered":"https:\/\/roveyayinevi.com.tr\/index.php\/urun\/cop-ev\/"},"modified":"2026-04-03T02:36:05","modified_gmt":"2026-04-02T23:36:05","slug":"cop-ev","status":"publish","type":"product","link":"https:\/\/roveyayinevi.com.tr\/index.php\/urun\/cop-ev\/","title":{"rendered":"\u00c7\u00f6p Ev"},"content":{"rendered":"<p>\u00c7\u00f6p EvErden Bolerden, ilk roman\u0131 S\u00fcrg\u00fcn Ruhlar Senfonisi\u2019nde plazalarda robota d\u00f6nm\u00fc\u015f bireyin \u00e7\u0131ld\u0131r\u0131\u015f\u0131n\u0131 anlatm\u0131\u015ft\u0131. \u00c7\u00f6p Ev\u2019de ise bir ailenin cehennemine dal\u0131yor ve \u00e7\u00f6pe d\u00f6n\u00fc\u015fen hayatlar\u0131n dram\u0131n\u0131 sars\u0131c\u0131 bir dille anlat\u0131yor. Mahalleye d\u00f6nd\u00fcm, izlerimi b\u0131raka b\u0131raka. Kendimi \u00e7i\u011fneyip kendimi yutmu\u015ftum. Ne \u00e7eki d\u00fczen verecek akl\u0131m ne de kendime duyuracak bir harfim kalm\u0131\u015ft\u0131. Sa\u011fa d\u00f6n\u00fc\u015f yok tabelas\u0131n\u0131n \u00f6n\u00fcne \u00e7\u0131kt\u0131m. Kar\u015f\u0131 soka\u011fa girdim ve girdi\u011fim gibi evim kar\u015f\u0131mdayd\u0131. Alt kom\u015fulu, sokak manzaral\u0131, anneli, babal\u0131 evim&#8230; Sokak kap\u0131s\u0131 a\u00e7\u0131ld\u0131, d\u00fcrtmeden, kendince; ben de i\u00e7eri girdim, kimseye g\u00f6r\u00fcnmeden, gizlice. Anneme durumu a\u00e7\u0131klamak istiyordum, babama da. Olup biten her \u015feyi, ba\u015f\u0131ma gelenleri, badirelerimi anlatsam umursayacaklar\u0131n\u0131 sanm\u0131yordum ama yine de denemek istiyordum. Ger\u00e7e\u011fi s\u00f6ylemekse pek kolay olmayacakt\u0131. Ger\u00e7e\u011fi \u015fu an hazmedemez, kusarlard\u0131; t\u0131pk\u0131 benim gibi. Kap\u0131n\u0131n \u00f6n\u00fcne geldim, anahtar\u0131 yuvas\u0131na soktum, kilidi yar\u0131m tur \u00e7evirdim. Kap\u0131 a\u00e7\u0131ld\u0131. \u201cNeredesin sen!\u201d diye \u00e7\u0131k\u0131\u015ft\u0131 babam.                                                           \u201cD\u0131\u015far\u0131dayd\u0131m\u201d dedim. <\/p>\n","protected":false},"excerpt":{"rendered":"<p>\u00c7\u00f6p EvErden Bolerden, ilk roman\u0131 S\u00fcrg\u00fcn Ruhlar Senfonisi\u2019nde plazalarda robota d\u00f6nm\u00fc\u015f bireyin \u00e7\u0131ld\u0131r\u0131\u015f\u0131n\u0131 anlatm\u0131\u015ft\u0131. \u00c7\u00f6p Ev\u2019de ise bir ailenin cehennemine dal\u0131yor ve \u00e7\u00f6pe d\u00f6n\u00fc\u015fen hayatlar\u0131n dram\u0131n\u0131<span class=\"excerpt-hellip\"> [\u2026]<\/span><\/p>\n","protected":false},"featured_media":0,"template":"","meta":{"_monsterinsights_skip_tracking":false,"_monsterinsights_sitenote_active":false,"_monsterinsights_sitenote_note":"","_monsterinsights_sitenote_category":0},"product_brand":[],"product_cat":[12291,12711],"product_tag":[],"class_list":{"0":"post-721834","1":"product","2":"type-product","3":"status-publish","5":"product_cat-edebiyat","6":"product_cat-roman-oyku","7":"pa_cilt-ciltsiz","8":"pa_tur-kitap","9":"pa_yayinevi-cinar-yayinlari","10":"pa_yazar-erden-bolerden","12":"first","13":"instock","14":"sale","15":"shipping-taxable","16":"purchasable","17":"product-type-simple"},"_links":{"self":[{"href":"https:\/\/roveyayinevi.com.tr\/index.php\/wp-json\/wp\/v2\/product\/721834","targetHints":{"allow":["GET"]}}],"collection":[{"href":"https:\/\/roveyayinevi.com.tr\/index.php\/wp-json\/wp\/v2\/product"}],"about":[{"href":"https:\/\/roveyayinevi.com.tr\/index.php\/wp-json\/wp\/v2\/types\/product"}],"wp:attachment":[{"href":"https:\/\/roveyayinevi.com.tr\/index.php\/wp-json\/wp\/v2\/media?parent=721834"}],"wp:term":[{"taxonomy":"product_brand","embeddable":true,"href":"https:\/\/roveyayinevi.com.tr\/index.php\/wp-json\/wp\/v2\/product_brand?post=721834"},{"taxonomy":"product_cat","embeddable":true,"href":"https:\/\/roveyayinevi.com.tr\/index.php\/wp-json\/wp\/v2\/product_cat?post=721834"},{"taxonomy":"product_tag","embeddable":true,"href":"https:\/\/roveyayinevi.com.tr\/index.php\/wp-json\/wp\/v2\/product_tag?post=721834"}],"curies":[{"name":"wp","href":"https:\/\/api.w.org\/{rel}","templated":true}]}}