{"id":721833,"date":"2025-08-27T18:55:36","date_gmt":"2025-08-27T15:55:36","guid":{"rendered":"https:\/\/roveyayinevi.com.tr\/index.php\/urun\/guney-afrika-alternatif-bir-gezi-rehberi\/"},"modified":"2026-04-16T02:29:46","modified_gmt":"2026-04-15T23:29:46","slug":"guney-afrika-alternatif-bir-gezi-rehberi","status":"publish","type":"product","link":"https:\/\/roveyayinevi.com.tr\/index.php\/urun\/guney-afrika-alternatif-bir-gezi-rehberi\/","title":{"rendered":"G\u00fcney Afrika \u2013 Alternatif Bir Gezi Rehberi"},"content":{"rendered":"<p>Bilindik gezi kavram\u0131n\u0131 bir ad\u0131m \u00f6teye ta\u015f\u0131yarak gitti\u011fi her yerde yabanc\u0131 de\u011fil misafir olmak isteyen Okan Okumu\u015f\u2019tan al\u0131\u015f\u0131lm\u0131\u015f\u0131n d\u0131\u015f\u0131nda bir gezi rehberi.\u201cS\u0131n\u0131rlar\u0131 Kald\u0131rd\u0131m\u201d dizisinin d\u00f6rd\u00fcnc\u00fc kitab\u0131 G\u00fcney Afrika &#8211; Alternatif Bir Gezi Rehberi\u2019nde insan hik\u00e2yeleri, efsaneler, tarih, k\u00fclt\u00fcr, alternatif rotalar ve yerel lezzetlerin harmanland\u0131\u011f\u0131 s\u0131cak bir yolculuk bekliyor sizleri.  Bu yolculuk boyunca Okan Okumu\u015f\u2019la birlikte G\u00fcney Afrika Cumhuriyeti\u2019nde muhte\u015fem \u00fcz\u00fcm ba\u011flar\u0131na ve \u00dcmit Burnu\u2019na u\u011frayacak, \u201c\u00fclke i\u00e7inde \u00fclke\u201d Lesotho\u2019da da\u011f k\u00f6y\u00fcnde bir aileye konuk olacak, Mozambik Adas\u0131\u2019nda pastel renkli evlerin aras\u0131nda y\u00fcr\u00fcyerek bir \u015fifac\u0131yla tan\u0131\u015facaks\u0131n\u0131z. Malavi\u2019de da\u011flara t\u0131rman\u0131p g\u00f6l etraf\u0131nda dola\u015facak, Zambiya\u2019da zengin yaban hayat\u0131n\u0131 ke\u015ffedecek, Zimbabve\u2019de Viktorya \u015eelaleleri\u2019ne gideceksiniz. Botsvana\u2019da Okavango Deltas\u0131\u2019nda kanoyla yolculuk edecek, Namibya\u2019da Herero yerlilerinin d\u00fc\u011f\u00fcn\u00fcne kat\u0131lacak, Madagaskar\u2019\u0131n benzersiz do\u011fas\u0131 ve renkli k\u00fclt\u00fcr\u00fcyle kar\u015f\u0131la\u015facaks\u0131n\u0131z. <\/p>\n","protected":false},"excerpt":{"rendered":"<p>Bilindik gezi kavram\u0131n\u0131 bir ad\u0131m \u00f6teye ta\u015f\u0131yarak gitti\u011fi her yerde yabanc\u0131 de\u011fil misafir olmak isteyen Okan Okumu\u015f\u2019tan al\u0131\u015f\u0131lm\u0131\u015f\u0131n d\u0131\u015f\u0131nda bir gezi rehberi.\u201cS\u0131n\u0131rlar\u0131 Kald\u0131rd\u0131m\u201d dizisinin d\u00f6rd\u00fcnc\u00fc kitab\u0131<span class=\"excerpt-hellip\"> [\u2026]<\/span><\/p>\n","protected":false},"featured_media":0,"template":"","meta":{"_monsterinsights_skip_tracking":false,"_monsterinsights_sitenote_active":false,"_monsterinsights_sitenote_note":"","_monsterinsights_sitenote_category":0},"product_brand":[],"product_cat":[13055,13054],"product_tag":[],"class_list":{"0":"post-721833","1":"product","2":"type-product","3":"status-publish","5":"product_cat-gezi-rehberi","6":"product_cat-gezi-ve-rehber-kitaplari","7":"pa_cilt-ciltsiz","8":"pa_tur-kitap","9":"pa_yayinevi-kolektif-kitap","10":"pa_yazar-okan-okumus","12":"first","13":"instock","14":"sale","15":"shipping-taxable","16":"purchasable","17":"product-type-simple"},"_links":{"self":[{"href":"https:\/\/roveyayinevi.com.tr\/index.php\/wp-json\/wp\/v2\/product\/721833","targetHints":{"allow":["GET"]}}],"collection":[{"href":"https:\/\/roveyayinevi.com.tr\/index.php\/wp-json\/wp\/v2\/product"}],"about":[{"href":"https:\/\/roveyayinevi.com.tr\/index.php\/wp-json\/wp\/v2\/types\/product"}],"wp:attachment":[{"href":"https:\/\/roveyayinevi.com.tr\/index.php\/wp-json\/wp\/v2\/media?parent=721833"}],"wp:term":[{"taxonomy":"product_brand","embeddable":true,"href":"https:\/\/roveyayinevi.com.tr\/index.php\/wp-json\/wp\/v2\/product_brand?post=721833"},{"taxonomy":"product_cat","embeddable":true,"href":"https:\/\/roveyayinevi.com.tr\/index.php\/wp-json\/wp\/v2\/product_cat?post=721833"},{"taxonomy":"product_tag","embeddable":true,"href":"https:\/\/roveyayinevi.com.tr\/index.php\/wp-json\/wp\/v2\/product_tag?post=721833"}],"curies":[{"name":"wp","href":"https:\/\/api.w.org\/{rel}","templated":true}]}}