{"id":721832,"date":"2025-08-27T18:55:35","date_gmt":"2025-08-27T15:55:35","guid":{"rendered":"https:\/\/roveyayinevi.com.tr\/index.php\/urun\/mucizenin-etik-ugragi\/"},"modified":"2026-04-16T02:29:46","modified_gmt":"2026-04-15T23:29:46","slug":"mucizenin-etik-ugragi","status":"publish","type":"product","link":"https:\/\/roveyayinevi.com.tr\/index.php\/urun\/mucizenin-etik-ugragi\/","title":{"rendered":"Mucizenin Etik U\u011fra\u011f\u0131"},"content":{"rendered":"<p>Kitap, T\u00fcrkiye ve d\u00fcnyan\u0131n ger\u00e7ekli\u011fini, bu ger\u00e7ekli\u011fin yorumlanma bi\u00e7im ve sonu\u00e7lar\u0131n\u0131, din, ideoloji, k\u00fclt\u00fcr ve politika \u00fczerinden tart\u0131\u015fmakta; yeni bir \u00f6zne tasavvuruna (\u201cplanaryal \u00f6zne\u201d) dayanarak, ancak etik ve politik mucizelerin katk\u0131s\u0131yla \u201cvarolan\u0131n\u201d de\u011fi\u015febilece\u011fini, fakat bu de\u011fi\u015fimin bir kere ve b\u00fct\u00fcn zamanlar i\u00e7in garantiye al\u0131namayaca\u011f\u0131n\u0131 ve sadece daha iyi bir d\u00fcnya i\u00e7in m\u00fccadele edilmesinin bir gerek\u00e7esi anlam\u0131na gelece\u011fini savunmakta.   \u201cVe bir mucizeyi ger\u00e7ek k\u0131lan, ba\u015fka bir suretle de olsa tekrar\u0131na izin veren, mucizeye \u201cihanet edilmesi\u201ddir; ihanet mucizeyi b\u00fcy\u00fct\u00fcr, bir sonraki mucizenin ortaya \u00e7\u0131kabilmesinin \u015fartlar\u0131n\u0131 haz\u0131rlar. Belki de mucizenin b\u00fcy\u00fckl\u00fc\u011f\u00fcnden ilk dem vuran, ona s\u0131rt\u0131n\u0131 \u00e7evirmekte de erken davranacakt\u0131r. Zaten bir mucizeyi tamamlayan, mucizeyi temellendiren, ona ihanetin, mucizenin kendinden bile \u00f6nemli h\u00e2le gelmi\u015f olmas\u0131d\u0131r.\u201d <\/p>\n","protected":false},"excerpt":{"rendered":"<p>Kitap, T\u00fcrkiye ve d\u00fcnyan\u0131n ger\u00e7ekli\u011fini, bu ger\u00e7ekli\u011fin yorumlanma bi\u00e7im ve sonu\u00e7lar\u0131n\u0131, din, ideoloji, k\u00fclt\u00fcr ve politika \u00fczerinden tart\u0131\u015fmakta; yeni bir \u00f6zne tasavvuruna (\u201cplanaryal \u00f6zne\u201d) dayanarak, ancak<span class=\"excerpt-hellip\"> [\u2026]<\/span><\/p>\n","protected":false},"featured_media":0,"template":"","meta":{"_monsterinsights_skip_tracking":false,"_monsterinsights_sitenote_active":false,"_monsterinsights_sitenote_note":"","_monsterinsights_sitenote_category":0},"product_brand":[],"product_cat":[13059,12337],"product_tag":[],"class_list":{"0":"post-721832","1":"product","2":"type-product","3":"status-publish","5":"product_cat-diger-politika-siyaset","6":"product_cat-politika-siyaset","7":"pa_cilt-ciltsiz","8":"pa_tur-kitap","9":"pa_yayinevi-felix-kitap","10":"pa_yazar-ahmet-cigdem","12":"first","13":"instock","14":"sale","15":"shipping-taxable","16":"purchasable","17":"product-type-simple"},"_links":{"self":[{"href":"https:\/\/roveyayinevi.com.tr\/index.php\/wp-json\/wp\/v2\/product\/721832","targetHints":{"allow":["GET"]}}],"collection":[{"href":"https:\/\/roveyayinevi.com.tr\/index.php\/wp-json\/wp\/v2\/product"}],"about":[{"href":"https:\/\/roveyayinevi.com.tr\/index.php\/wp-json\/wp\/v2\/types\/product"}],"wp:attachment":[{"href":"https:\/\/roveyayinevi.com.tr\/index.php\/wp-json\/wp\/v2\/media?parent=721832"}],"wp:term":[{"taxonomy":"product_brand","embeddable":true,"href":"https:\/\/roveyayinevi.com.tr\/index.php\/wp-json\/wp\/v2\/product_brand?post=721832"},{"taxonomy":"product_cat","embeddable":true,"href":"https:\/\/roveyayinevi.com.tr\/index.php\/wp-json\/wp\/v2\/product_cat?post=721832"},{"taxonomy":"product_tag","embeddable":true,"href":"https:\/\/roveyayinevi.com.tr\/index.php\/wp-json\/wp\/v2\/product_tag?post=721832"}],"curies":[{"name":"wp","href":"https:\/\/api.w.org\/{rel}","templated":true}]}}